{"id":21808,"date":"2020-05-19T10:05:36","date_gmt":"2020-05-19T10:05:36","guid":{"rendered":"https:\/\/golfelchaparral.com\/?page_id=21808"},"modified":"2020-06-18T20:12:57","modified_gmt":"2020-06-18T20:12:57","slug":"concepteur","status":"publish","type":"page","link":"https:\/\/golfelchaparral.com\/fr\/concepteur\/","title":{"rendered":"Concepteur"},"content":{"rendered":"\t\t<div data-elementor-type=\"wp-page\" data-elementor-id=\"21808\" class=\"elementor elementor-21808 elementor-21025\" data-elementor-post-type=\"page\">\n\t\t\t\t\t\t<section class=\"elementor-section elementor-top-section elementor-element elementor-element-5bccd474 elementor-section-boxed elementor-section-height-default elementor-section-height-default\" data-id=\"5bccd474\" data-element_type=\"section\" data-e-type=\"section\">\n\t\t\t\t\t\t<div class=\"elementor-container elementor-column-gap-default\">\n\t\t\t\t\t<div class=\"elementor-column elementor-col-100 elementor-top-column elementor-element elementor-element-71dc3173\" data-id=\"71dc3173\" data-element_type=\"column\" data-e-type=\"column\">\n\t\t\t<div class=\"elementor-widget-wrap elementor-element-populated\">\n\t\t\t\t\t\t<div class=\"elementor-element elementor-element-6d62fe3c elementor-widget elementor-widget-heading\" data-id=\"6d62fe3c\" data-element_type=\"widget\" data-e-type=\"widget\" data-widget_type=\"heading.default\">\n\t\t\t\t<div class=\"elementor-widget-container\">\n\t\t\t\t\t<h1 class=\"elementor-heading-title elementor-size-default\">Concepteur<\/h1>\t\t\t\t<\/div>\n\t\t\t\t<\/div>\n\t\t\t\t<div class=\"elementor-element elementor-element-2d3d171c elementor-widget-divider--view-line elementor-widget elementor-widget-divider\" data-id=\"2d3d171c\" data-element_type=\"widget\" data-e-type=\"widget\" data-widget_type=\"divider.default\">\n\t\t\t\t<div class=\"elementor-widget-container\">\n\t\t\t\t\t\t\t<div class=\"elementor-divider\">\n\t\t\t<span class=\"elementor-divider-separator\">\n\t\t\t\t\t\t<\/span>\n\t\t<\/div>\n\t\t\t\t\t\t<\/div>\n\t\t\t\t<\/div>\n\t\t\t\t\t<\/div>\n\t\t<\/div>\n\t\t\t\t\t<\/div>\n\t\t<\/section>\n\t\t\t\t<section class=\"elementor-section elementor-top-section elementor-element elementor-element-31535e46 elementor-section-stretched elementor-section-content-middle elementor-reverse-mobile elementor-section-boxed elementor-section-height-default elementor-section-height-default\" data-id=\"31535e46\" data-element_type=\"section\" data-e-type=\"section\" data-settings=\"{&quot;stretch_section&quot;:&quot;section-stretched&quot;}\">\n\t\t\t\t\t\t<div class=\"elementor-container elementor-column-gap-default\">\n\t\t\t\t\t<div class=\"elementor-column elementor-col-50 elementor-top-column elementor-element elementor-element-2f556f49\" data-id=\"2f556f49\" data-element_type=\"column\" data-e-type=\"column\" data-settings=\"{&quot;background_background&quot;:&quot;classic&quot;}\">\n\t\t\t<div class=\"elementor-widget-wrap elementor-element-populated\">\n\t\t\t\t\t\t<div class=\"elementor-element elementor-element-60d4b997 elementor-widget elementor-widget-text-editor\" data-id=\"60d4b997\" data-element_type=\"widget\" data-e-type=\"widget\" data-widget_type=\"text-editor.default\">\n\t\t\t\t<div class=\"elementor-widget-container\">\n\t\t\t\t\t\t\t\t\t<p><strong>Chaparral Golf Club<\/strong> a \u00e9t\u00e9 construit en 1991 par M. Jos\u00e9 Gancedo Gomez, appel\u00e9 par ses amis <strong>Pepe Gancedo<\/strong>, et populairement connu \u00e0 Malaga, comme le \u00ab<strong>Picasso du Golf<\/strong>\u00bb.<\/p><p>\u00a0<\/p><p>N\u00e9 \u00e0 Malaga en 1938, il a commenc\u00e9 \u00e0 jouer au golf \u00e0 l&#8217;\u00e2ge de 12 ans, devenant un joueur \u00ab\u00a0scratch\u00a0\u00bb et une figure nationale de ce sport. Il a maintenu son amour pour ce sport tout au long de sa vie.<\/p><p>Il a connu une vie professionnelle longue et pleine de r\u00e9ussite dans le monde du golf, et est connu comme l&#8217;un des plus grands joueurs du monde de son \u00e9poque.<\/p>\t\t\t\t\t\t\t\t<\/div>\n\t\t\t\t<\/div>\n\t\t\t\t<div class=\"elementor-element elementor-element-5af7b8e3 elementor-blockquote--skin-border elementor-widget elementor-widget-blockquote\" data-id=\"5af7b8e3\" data-element_type=\"widget\" data-e-type=\"widget\" data-widget_type=\"blockquote.default\">\n\t\t\t\t<div class=\"elementor-widget-container\">\n\t\t\t\t\t\t\t<blockquote class=\"elementor-blockquote\">\n\t\t\t<p class=\"elementor-blockquote__content\">\n\t\t\t\tChaparral a \u00e9t\u00e9 construit en 1991 par le c\u00e9l\u00e8bre designer de Malaga, Pepe Gancedo, connu sous le nom de \"Picasso du Golf\".\u201d\t\t\t<\/p>\n\t\t\t\t\t<\/blockquote>\n\t\t\t\t\t\t<\/div>\n\t\t\t\t<\/div>\n\t\t\t\t\t<\/div>\n\t\t<\/div>\n\t\t\t\t<div class=\"elementor-column elementor-col-50 elementor-top-column elementor-element elementor-element-5e6a5ef8\" data-id=\"5e6a5ef8\" data-element_type=\"column\" data-e-type=\"column\" data-settings=\"{&quot;background_background&quot;:&quot;classic&quot;}\">\n\t\t\t<div class=\"elementor-widget-wrap elementor-element-populated\">\n\t\t\t\t\t\t<div class=\"elementor-element elementor-element-307d74ac elementor-widget elementor-widget-spacer\" data-id=\"307d74ac\" data-element_type=\"widget\" data-e-type=\"widget\" data-widget_type=\"spacer.default\">\n\t\t\t\t<div class=\"elementor-widget-container\">\n\t\t\t\t\t\t\t<div class=\"elementor-spacer\">\n\t\t\t<div class=\"elementor-spacer-inner\"><\/div>\n\t\t<\/div>\n\t\t\t\t\t\t<\/div>\n\t\t\t\t<\/div>\n\t\t\t\t\t<\/div>\n\t\t<\/div>\n\t\t\t\t\t<\/div>\n\t\t<\/section>\n\t\t\t\t<section class=\"elementor-section elementor-top-section elementor-element elementor-element-3f6f3612 elementor-section-stretched elementor-section-content-middle elementor-section-boxed elementor-section-height-default elementor-section-height-default\" data-id=\"3f6f3612\" data-element_type=\"section\" data-e-type=\"section\" data-settings=\"{&quot;stretch_section&quot;:&quot;section-stretched&quot;}\">\n\t\t\t\t\t\t<div class=\"elementor-container elementor-column-gap-default\">\n\t\t\t\t\t<div class=\"elementor-column elementor-col-50 elementor-top-column elementor-element elementor-element-582e8ce9\" data-id=\"582e8ce9\" data-element_type=\"column\" data-e-type=\"column\" data-settings=\"{&quot;background_background&quot;:&quot;classic&quot;}\">\n\t\t\t<div class=\"elementor-widget-wrap elementor-element-populated\">\n\t\t\t\t\t\t<div class=\"elementor-element elementor-element-6eebd02a elementor-widget elementor-widget-spacer\" data-id=\"6eebd02a\" data-element_type=\"widget\" data-e-type=\"widget\" data-widget_type=\"spacer.default\">\n\t\t\t\t<div class=\"elementor-widget-container\">\n\t\t\t\t\t\t\t<div class=\"elementor-spacer\">\n\t\t\t<div class=\"elementor-spacer-inner\"><\/div>\n\t\t<\/div>\n\t\t\t\t\t\t<\/div>\n\t\t\t\t<\/div>\n\t\t\t\t\t<\/div>\n\t\t<\/div>\n\t\t\t\t<div class=\"elementor-column elementor-col-50 elementor-top-column elementor-element elementor-element-24c1496\" data-id=\"24c1496\" data-element_type=\"column\" data-e-type=\"column\" data-settings=\"{&quot;background_background&quot;:&quot;classic&quot;}\">\n\t\t\t<div class=\"elementor-widget-wrap elementor-element-populated\">\n\t\t\t\t\t\t<div class=\"elementor-element elementor-element-57b07844 elementor-widget elementor-widget-text-editor\" data-id=\"57b07844\" data-element_type=\"widget\" data-e-type=\"widget\" data-widget_type=\"text-editor.default\">\n\t\t\t\t<div class=\"elementor-widget-container\">\n\t\t\t\t\t\t\t\t\t<p>Parmi ses triomphes, se distinguent ses six championnats amateurs absolus d&#8217;Espagne au cours des ann\u00e9es 1966 et 1976, ainsi que six autres sous-championnats entre 1959 et 1977, deux championnats amateurs internationaux d&#8217;Espagne, en 1968 et 1969, et trois deuxi\u00e8mes places dans ce m\u00eame troph\u00e9e, en 1963, 1972 et 1976.<\/p><p>Il <strong>a re\u00e7u la M\u00e9daille du M\u00e9rite RFEG de Golf<\/strong>, la premi\u00e8re m\u00e9daille du m\u00e9rite d\u00e9cern\u00e9e par la F\u00e9d\u00e9ration royale andalouse de golf, en reconnaissance de sa carri\u00e8re sportive et de son amour pour notre sport et pour les valeurs qui y sont attach\u00e9es.<\/p><p>La v\u00e9ritable passion de Pepe, au-del\u00e0 de sa carri\u00e8re sportive, \u00e9tait la conception de terrains de golf.<\/p>\t\t\t\t\t\t\t\t<\/div>\n\t\t\t\t<\/div>\n\t\t\t\t<div class=\"elementor-element elementor-element-183f36fa elementor-blockquote--skin-border elementor-widget elementor-widget-blockquote\" data-id=\"183f36fa\" data-element_type=\"widget\" data-e-type=\"widget\" data-widget_type=\"blockquote.default\">\n\t\t\t\t<div class=\"elementor-widget-container\">\n\t\t\t\t\t\t\t<blockquote class=\"elementor-blockquote\">\n\t\t\t<p class=\"elementor-blockquote__content\">\n\t\t\t\tPepe Gancedo \u00e9tait consid\u00e9r\u00e9 comme l'un des designers espagnols les plus cr\u00e9atifs, un g\u00e9nie qui non seulement concevait sur papier, mais qui a cr\u00e9\u00e9 ses terrains de golf en s'inspirant de la forme naturelle du terrain.\u201d\t\t\t<\/p>\n\t\t\t\t\t<\/blockquote>\n\t\t\t\t\t\t<\/div>\n\t\t\t\t<\/div>\n\t\t\t\t\t<\/div>\n\t\t<\/div>\n\t\t\t\t\t<\/div>\n\t\t<\/section>\n\t\t\t\t<section class=\"elementor-section elementor-top-section elementor-element elementor-element-32a8ff89 elementor-section-stretched elementor-section-content-middle elementor-reverse-mobile elementor-section-boxed elementor-section-height-default elementor-section-height-default\" data-id=\"32a8ff89\" data-element_type=\"section\" data-e-type=\"section\" data-settings=\"{&quot;stretch_section&quot;:&quot;section-stretched&quot;}\">\n\t\t\t\t\t\t<div class=\"elementor-container elementor-column-gap-default\">\n\t\t\t\t\t<div class=\"elementor-column elementor-col-50 elementor-top-column elementor-element elementor-element-7ffb8abd\" data-id=\"7ffb8abd\" data-element_type=\"column\" data-e-type=\"column\" data-settings=\"{&quot;background_background&quot;:&quot;classic&quot;}\">\n\t\t\t<div class=\"elementor-widget-wrap elementor-element-populated\">\n\t\t\t\t\t\t<div class=\"elementor-element elementor-element-5458911a elementor-widget elementor-widget-text-editor\" data-id=\"5458911a\" data-element_type=\"widget\" data-e-type=\"widget\" data-widget_type=\"text-editor.default\">\n\t\t\t\t<div class=\"elementor-widget-container\">\n\t\t\t\t\t\t\t\t\t<p>Tout au long du processus de conception, il a port\u00e9 son sac de club de golf, modelant chaque trou dans les moindres d\u00e9tails.<\/p><p>Il a toujours d\u00e9fendu la th\u00e9orie selon laquelle lors de la conception d&#8217;un parcours, il faut le ressentir, c&#8217;est pourquoi tous ses terrains de golf ont une grande personnalit\u00e9. Il est consid\u00e9r\u00e9 par de nombreux experts comme l&#8217;un des designers les plus embl\u00e9matiques du XXe si\u00e8cle \u00e0 l&#8217;international.<\/p><p>Gr\u00e2ce \u00e0 son expertise, le <strong>Club de Golf Chaparral<\/strong> a l&#8217;honneur d&#8217;avoir l&#8217;un des <strong>18 trous les plus excitants et spectaculaires<\/strong> d&#8217;Espagne, un parcours exigeant, unique et int\u00e9gr\u00e9 en pleine nature.<\/p>\t\t\t\t\t\t\t\t<\/div>\n\t\t\t\t<\/div>\n\t\t\t\t\t<\/div>\n\t\t<\/div>\n\t\t\t\t<div class=\"elementor-column elementor-col-50 elementor-top-column elementor-element elementor-element-609cf5ad\" data-id=\"609cf5ad\" data-element_type=\"column\" data-e-type=\"column\" data-settings=\"{&quot;background_background&quot;:&quot;classic&quot;}\">\n\t\t\t<div class=\"elementor-widget-wrap elementor-element-populated\">\n\t\t\t\t\t\t<div class=\"elementor-element elementor-element-2675d040 elementor-widget elementor-widget-spacer\" data-id=\"2675d040\" data-element_type=\"widget\" data-e-type=\"widget\" data-widget_type=\"spacer.default\">\n\t\t\t\t<div class=\"elementor-widget-container\">\n\t\t\t\t\t\t\t<div class=\"elementor-spacer\">\n\t\t\t<div class=\"elementor-spacer-inner\"><\/div>\n\t\t<\/div>\n\t\t\t\t\t\t<\/div>\n\t\t\t\t<\/div>\n\t\t\t\t\t<\/div>\n\t\t<\/div>\n\t\t\t\t\t<\/div>\n\t\t<\/section>\n\t\t\t\t<\/div>\n\t\t","protected":false},"excerpt":{"rendered":"<p>Chaparral Golf Club a \u00e9t\u00e9 construit en 1991 par M. Jos\u00e9 Gancedo Gomez, appel\u00e9 par ses amis Pepe Gancedo, et populairement connu \u00e0 Malaga, comme le \u00abPicasso du Golf\u00bb. \u00a0 N\u00e9 \u00e0 Malaga en 1938, il a commenc\u00e9 \u00e0 jouer au golf \u00e0 l&#8217;\u00e2ge de 12 ans, devenant un joueur \u00ab\u00a0scratch\u00a0\u00bb et une figure nationale &#8230; <a title=\"Concepteur\" class=\"read-more\" href=\"https:\/\/golfelchaparral.com\/fr\/concepteur\/\" aria-label=\"Read more about Concepteur\">Lire plus<\/a><\/p>\n","protected":false},"author":3,"featured_media":0,"parent":0,"menu_order":0,"comment_status":"closed","ping_status":"closed","template":"","meta":{"footnotes":""},"class_list":["post-21808","page","type-page","status-publish"],"yoast_head":"<!-- This site is optimized with the Yoast SEO Premium plugin v27.2 (Yoast SEO v27.2) - https:\/\/yoast.com\/product\/yoast-seo-premium-wordpress\/ -->\n<title>Concepteur - El Chaparral<\/title>\n<meta name=\"robots\" content=\"index, follow, max-snippet:-1, max-image-preview:large, max-video-preview:-1\" \/>\n<link rel=\"canonical\" href=\"https:\/\/golfelchaparral.com\/fr\/concepteur\/\" \/>\n<meta property=\"og:locale\" content=\"fr_FR\" \/>\n<meta property=\"og:type\" content=\"article\" \/>\n<meta property=\"og:title\" content=\"Concepteur\" \/>\n<meta property=\"og:description\" content=\"Chaparral Golf Club a \u00e9t\u00e9 construit en 1991 par M. Jos\u00e9 Gancedo Gomez, appel\u00e9 par ses amis Pepe Gancedo, et populairement connu \u00e0 Malaga, comme le \u00abPicasso du Golf\u00bb. \u00a0 N\u00e9 \u00e0 Malaga en 1938, il a commenc\u00e9 \u00e0 jouer au golf \u00e0 l&#8217;\u00e2ge de 12 ans, devenant un joueur \u00ab\u00a0scratch\u00a0\u00bb et une figure nationale ... Lire plus\" \/>\n<meta property=\"og:url\" content=\"https:\/\/golfelchaparral.com\/fr\/concepteur\/\" \/>\n<meta property=\"og:site_name\" content=\"El Chaparral\" \/>\n<meta property=\"article:publisher\" content=\"https:\/\/www.facebook.com\/Chaparralgolf\" \/>\n<meta property=\"article:modified_time\" content=\"2020-06-18T20:12:57+00:00\" \/>\n<meta property=\"og:image\" content=\"https:\/\/golfelchaparral.com\/wp-content\/uploads\/2020\/05\/logo-menu.png\" \/>\n\t<meta property=\"og:image:width\" content=\"118\" \/>\n\t<meta property=\"og:image:height\" content=\"70\" \/>\n\t<meta property=\"og:image:type\" content=\"image\/png\" \/>\n<meta name=\"twitter:card\" content=\"summary_large_image\" \/>\n<meta name=\"twitter:site\" content=\"@ChaparralGC\" \/>\n<meta name=\"twitter:label1\" content=\"Est. reading time\" \/>\n\t<meta name=\"twitter:data1\" content=\"2 minutes\" \/>\n<script type=\"application\/ld+json\" class=\"yoast-schema-graph\">{\"@context\":\"https:\/\/schema.org\",\"@graph\":[{\"@type\":\"WebPage\",\"@id\":\"https:\/\/golfelchaparral.com\/fr\/concepteur\/\",\"url\":\"https:\/\/golfelchaparral.com\/fr\/concepteur\/\",\"name\":\"Concepteur - El Chaparral\",\"isPartOf\":{\"@id\":\"https:\/\/golfelchaparral.com\/en\/#website\"},\"datePublished\":\"2020-05-19T10:05:36+00:00\",\"dateModified\":\"2020-06-18T20:12:57+00:00\",\"breadcrumb\":{\"@id\":\"https:\/\/golfelchaparral.com\/fr\/concepteur\/#breadcrumb\"},\"inLanguage\":\"fr-FR\",\"potentialAction\":[{\"@type\":\"ReadAction\",\"target\":[\"https:\/\/golfelchaparral.com\/fr\/concepteur\/\"]}]},{\"@type\":\"BreadcrumbList\",\"@id\":\"https:\/\/golfelchaparral.com\/fr\/concepteur\/#breadcrumb\",\"itemListElement\":[{\"@type\":\"ListItem\",\"position\":1,\"name\":\"Portada\",\"item\":\"https:\/\/golfelchaparral.com\/fr\/\"},{\"@type\":\"ListItem\",\"position\":2,\"name\":\"Concepteur\"}]},{\"@type\":\"WebSite\",\"@id\":\"https:\/\/golfelchaparral.com\/en\/#website\",\"url\":\"https:\/\/golfelchaparral.com\/en\/\",\"name\":\"Chaparral Golf Club\",\"description\":\"A privileged place close to the sea and surrounded by a pine forest.\",\"potentialAction\":[{\"@type\":\"SearchAction\",\"target\":{\"@type\":\"EntryPoint\",\"urlTemplate\":\"https:\/\/golfelchaparral.com\/en\/?s={search_term_string}\"},\"query-input\":{\"@type\":\"PropertyValueSpecification\",\"valueRequired\":true,\"valueName\":\"search_term_string\"}}],\"inLanguage\":\"fr-FR\"}]}<\/script>\n<!-- \/ Yoast SEO Premium plugin. -->","yoast_head_json":{"title":"Concepteur - El Chaparral","robots":{"index":"index","follow":"follow","max-snippet":"max-snippet:-1","max-image-preview":"max-image-preview:large","max-video-preview":"max-video-preview:-1"},"canonical":"https:\/\/golfelchaparral.com\/fr\/concepteur\/","og_locale":"fr_FR","og_type":"article","og_title":"Concepteur","og_description":"Chaparral Golf Club a \u00e9t\u00e9 construit en 1991 par M. Jos\u00e9 Gancedo Gomez, appel\u00e9 par ses amis Pepe Gancedo, et populairement connu \u00e0 Malaga, comme le \u00abPicasso du Golf\u00bb. \u00a0 N\u00e9 \u00e0 Malaga en 1938, il a commenc\u00e9 \u00e0 jouer au golf \u00e0 l&#8217;\u00e2ge de 12 ans, devenant un joueur \u00ab\u00a0scratch\u00a0\u00bb et une figure nationale ... Lire plus","og_url":"https:\/\/golfelchaparral.com\/fr\/concepteur\/","og_site_name":"El Chaparral","article_publisher":"https:\/\/www.facebook.com\/Chaparralgolf","article_modified_time":"2020-06-18T20:12:57+00:00","og_image":[{"width":118,"height":70,"url":"https:\/\/golfelchaparral.com\/wp-content\/uploads\/2020\/05\/logo-menu.png","type":"image\/png"}],"twitter_card":"summary_large_image","twitter_site":"@ChaparralGC","twitter_misc":{"Est. reading time":"2 minutes"},"schema":{"@context":"https:\/\/schema.org","@graph":[{"@type":"WebPage","@id":"https:\/\/golfelchaparral.com\/fr\/concepteur\/","url":"https:\/\/golfelchaparral.com\/fr\/concepteur\/","name":"Concepteur - El Chaparral","isPartOf":{"@id":"https:\/\/golfelchaparral.com\/en\/#website"},"datePublished":"2020-05-19T10:05:36+00:00","dateModified":"2020-06-18T20:12:57+00:00","breadcrumb":{"@id":"https:\/\/golfelchaparral.com\/fr\/concepteur\/#breadcrumb"},"inLanguage":"fr-FR","potentialAction":[{"@type":"ReadAction","target":["https:\/\/golfelchaparral.com\/fr\/concepteur\/"]}]},{"@type":"BreadcrumbList","@id":"https:\/\/golfelchaparral.com\/fr\/concepteur\/#breadcrumb","itemListElement":[{"@type":"ListItem","position":1,"name":"Portada","item":"https:\/\/golfelchaparral.com\/fr\/"},{"@type":"ListItem","position":2,"name":"Concepteur"}]},{"@type":"WebSite","@id":"https:\/\/golfelchaparral.com\/en\/#website","url":"https:\/\/golfelchaparral.com\/en\/","name":"Chaparral Golf Club","description":"A privileged place close to the sea and surrounded by a pine forest.","potentialAction":[{"@type":"SearchAction","target":{"@type":"EntryPoint","urlTemplate":"https:\/\/golfelchaparral.com\/en\/?s={search_term_string}"},"query-input":{"@type":"PropertyValueSpecification","valueRequired":true,"valueName":"search_term_string"}}],"inLanguage":"fr-FR"}]}},"_links":{"self":[{"href":"https:\/\/golfelchaparral.com\/fr\/wp-json\/wp\/v2\/pages\/21808","targetHints":{"allow":["GET"]}}],"collection":[{"href":"https:\/\/golfelchaparral.com\/fr\/wp-json\/wp\/v2\/pages"}],"about":[{"href":"https:\/\/golfelchaparral.com\/fr\/wp-json\/wp\/v2\/types\/page"}],"author":[{"embeddable":true,"href":"https:\/\/golfelchaparral.com\/fr\/wp-json\/wp\/v2\/users\/3"}],"replies":[{"embeddable":true,"href":"https:\/\/golfelchaparral.com\/fr\/wp-json\/wp\/v2\/comments?post=21808"}],"version-history":[{"count":0,"href":"https:\/\/golfelchaparral.com\/fr\/wp-json\/wp\/v2\/pages\/21808\/revisions"}],"wp:attachment":[{"href":"https:\/\/golfelchaparral.com\/fr\/wp-json\/wp\/v2\/media?parent=21808"}],"curies":[{"name":"wp","href":"https:\/\/api.w.org\/{rel}","templated":true}]}}