{"id":21819,"date":"2020-05-19T10:35:44","date_gmt":"2020-05-19T10:35:44","guid":{"rendered":"https:\/\/golfelchaparral.com\/?page_id=21819"},"modified":"2024-02-22T11:59:47","modified_gmt":"2024-02-22T11:59:47","slug":"restaurant","status":"publish","type":"page","link":"https:\/\/golfelchaparral.com\/fr\/restaurant\/","title":{"rendered":"Restaurant"},"content":{"rendered":"\t\t<div data-elementor-type=\"wp-page\" data-elementor-id=\"21819\" class=\"elementor elementor-21819 elementor-21039\" data-elementor-post-type=\"page\">\n\t\t\t\t\t\t<section class=\"elementor-section elementor-top-section elementor-element elementor-element-7fe763b5 elementor-section-boxed elementor-section-height-default elementor-section-height-default\" data-id=\"7fe763b5\" data-element_type=\"section\" data-e-type=\"section\">\n\t\t\t\t\t\t<div class=\"elementor-container elementor-column-gap-default\">\n\t\t\t\t\t<div class=\"elementor-column elementor-col-100 elementor-top-column elementor-element elementor-element-71f8eb1f\" data-id=\"71f8eb1f\" data-element_type=\"column\" data-e-type=\"column\">\n\t\t\t<div class=\"elementor-widget-wrap elementor-element-populated\">\n\t\t\t\t\t\t<div class=\"elementor-element elementor-element-4b0c9232 elementor-widget elementor-widget-heading\" data-id=\"4b0c9232\" data-element_type=\"widget\" data-e-type=\"widget\" data-widget_type=\"heading.default\">\n\t\t\t\t<div class=\"elementor-widget-container\">\n\t\t\t\t\t<h2 class=\"elementor-heading-title elementor-size-default\">Restaurant<\/h2>\t\t\t\t<\/div>\n\t\t\t\t<\/div>\n\t\t\t\t<div class=\"elementor-element elementor-element-6fb37fc8 elementor-widget-divider--view-line elementor-widget elementor-widget-divider\" data-id=\"6fb37fc8\" data-element_type=\"widget\" data-e-type=\"widget\" data-widget_type=\"divider.default\">\n\t\t\t\t<div class=\"elementor-widget-container\">\n\t\t\t\t\t\t\t<div class=\"elementor-divider\">\n\t\t\t<span class=\"elementor-divider-separator\">\n\t\t\t\t\t\t<\/span>\n\t\t<\/div>\n\t\t\t\t\t\t<\/div>\n\t\t\t\t<\/div>\n\t\t\t\t\t<\/div>\n\t\t<\/div>\n\t\t\t\t\t<\/div>\n\t\t<\/section>\n\t\t\t\t<section class=\"elementor-section elementor-top-section elementor-element elementor-element-14e5217 elementor-section-stretched elementor-section-content-middle elementor-section-boxed elementor-section-height-default elementor-section-height-default\" data-id=\"14e5217\" data-element_type=\"section\" data-e-type=\"section\" data-settings=\"{&quot;stretch_section&quot;:&quot;section-stretched&quot;}\">\n\t\t\t\t\t\t<div class=\"elementor-container elementor-column-gap-default\">\n\t\t\t\t\t<div class=\"elementor-column elementor-col-50 elementor-top-column elementor-element elementor-element-7c2a1f16\" data-id=\"7c2a1f16\" data-element_type=\"column\" data-e-type=\"column\" data-settings=\"{&quot;background_background&quot;:&quot;classic&quot;}\">\n\t\t\t<div class=\"elementor-widget-wrap elementor-element-populated\">\n\t\t\t\t\t\t<div class=\"elementor-element elementor-element-25be2395 elementor-widget elementor-widget-spacer\" data-id=\"25be2395\" data-element_type=\"widget\" data-e-type=\"widget\" data-widget_type=\"spacer.default\">\n\t\t\t\t<div class=\"elementor-widget-container\">\n\t\t\t\t\t\t\t<div class=\"elementor-spacer\">\n\t\t\t<div class=\"elementor-spacer-inner\"><\/div>\n\t\t<\/div>\n\t\t\t\t\t\t<\/div>\n\t\t\t\t<\/div>\n\t\t\t\t\t<\/div>\n\t\t<\/div>\n\t\t\t\t<div class=\"elementor-column elementor-col-50 elementor-top-column elementor-element elementor-element-36e4f802\" data-id=\"36e4f802\" data-element_type=\"column\" data-e-type=\"column\" data-settings=\"{&quot;background_background&quot;:&quot;classic&quot;}\">\n\t\t\t<div class=\"elementor-widget-wrap elementor-element-populated\">\n\t\t\t\t\t\t<div class=\"elementor-element elementor-element-126a68dd elementor-widget elementor-widget-text-editor\" data-id=\"126a68dd\" data-element_type=\"widget\" data-e-type=\"widget\" data-widget_type=\"text-editor.default\">\n\t\t\t\t<div class=\"elementor-widget-container\">\n\t\t\t\t\t\t\t\t\t<p><strong>The Green Label Restaurant <\/strong>est l&#8217;un des restaurants de clubs de golf les plus populaires de la Costa del Sol. C&#8217;est le point de rencontre naturel pour les golfeurs et les r\u00e9sidents de la r\u00e9gion.<\/p><p>Il est connu pour son service, sa qualit\u00e9, sa vari\u00e9t\u00e9 de plats et pour sa superbe terrasse avec une vue imprenable sur la mer M\u00e9diterran\u00e9e, le Maroc et Gibraltar.<\/p><p>D\u00e9gustez une cuisine andalouse authentique avec une touche contemporaine et une touche europ\u00e9enne dans notre charmant restaurant au pied du parcours de golf. Vous trouverez au menu des ingr\u00e9dients locaux de saison qui occuperont le devant de la sc\u00e8ne.<\/p>\t\t\t\t\t\t\t\t<\/div>\n\t\t\t\t<\/div>\n\t\t\t\t<div class=\"elementor-element elementor-element-4ad10734 elementor-blockquote--skin-border elementor-widget elementor-widget-blockquote\" data-id=\"4ad10734\" data-element_type=\"widget\" data-e-type=\"widget\" data-widget_type=\"blockquote.default\">\n\t\t\t\t<div class=\"elementor-widget-container\">\n\t\t\t\t\t\t\t<blockquote class=\"elementor-blockquote\">\n\t\t\t<p class=\"elementor-blockquote__content\">\n\t\t\t\tD\u00e9gustez une cuisine andalouse authentique avec une touche contemporaine et une touche europ\u00e9enne dans notre charmant restaurant au pied du parcours de golf.\n\t\t\t<\/p>\n\t\t\t\t\t<\/blockquote>\n\t\t\t\t\t\t<\/div>\n\t\t\t\t<\/div>\n\t\t\t\t\t<\/div>\n\t\t<\/div>\n\t\t\t\t\t<\/div>\n\t\t<\/section>\n\t\t\t\t<section class=\"elementor-section elementor-top-section elementor-element elementor-element-3c53cb0a elementor-section-stretched elementor-section-content-middle elementor-reverse-mobile elementor-section-boxed elementor-section-height-default elementor-section-height-default\" data-id=\"3c53cb0a\" data-element_type=\"section\" data-e-type=\"section\" data-settings=\"{&quot;stretch_section&quot;:&quot;section-stretched&quot;}\">\n\t\t\t\t\t\t<div class=\"elementor-container elementor-column-gap-default\">\n\t\t\t\t\t<div class=\"elementor-column elementor-col-50 elementor-top-column elementor-element elementor-element-5718c2f4\" data-id=\"5718c2f4\" data-element_type=\"column\" data-e-type=\"column\" data-settings=\"{&quot;background_background&quot;:&quot;classic&quot;}\">\n\t\t\t<div class=\"elementor-widget-wrap elementor-element-populated\">\n\t\t\t\t\t\t<div class=\"elementor-element elementor-element-2cd858eb elementor-widget elementor-widget-text-editor\" data-id=\"2cd858eb\" data-element_type=\"widget\" data-e-type=\"widget\" data-widget_type=\"text-editor.default\">\n\t\t\t\t<div class=\"elementor-widget-container\">\n\t\t\t\t\t\t\t\t\t<p>L&#8217;offre gastronomique est l\u00e9g\u00e8re et rafra\u00eechissante, avec une vari\u00e9t\u00e9 de plats soigneusement pr\u00e9par\u00e9s, con\u00e7us pour \u00eatre sains, avec des ingr\u00e9dients naturels et biologiques.<\/p><p><strong>The Green Label<\/strong> dispose d&#8217;installations spacieuses (salle \u00e0 manger int\u00e9rieure, salle de conf\u00e9rence et une grande terrasse) et est l&#8217;endroit id\u00e9al pour des \u00e9v\u00e9nements priv\u00e9s et d&#8217;entreprise tout au long de l&#8217;ann\u00e9e.<\/p>\t\t\t\t\t\t\t\t<\/div>\n\t\t\t\t<\/div>\n\t\t\t\t<div class=\"elementor-element elementor-element-182376e4 elementor-blockquote--skin-border elementor-widget elementor-widget-blockquote\" data-id=\"182376e4\" data-element_type=\"widget\" data-e-type=\"widget\" data-widget_type=\"blockquote.default\">\n\t\t\t\t<div class=\"elementor-widget-container\">\n\t\t\t\t\t\t\t<blockquote class=\"elementor-blockquote\">\n\t\t\t<p class=\"elementor-blockquote__content\">\n\t\t\t\tPlats con\u00e7us pour \u00eatre sains, pr\u00e9par\u00e9s avec des ingr\u00e9dients naturels et biologiques\n\t\t\t<\/p>\n\t\t\t\t\t<\/blockquote>\n\t\t\t\t\t\t<\/div>\n\t\t\t\t<\/div>\n\t\t\t\t\t<\/div>\n\t\t<\/div>\n\t\t\t\t<div class=\"elementor-column elementor-col-50 elementor-top-column elementor-element elementor-element-12ec258d\" data-id=\"12ec258d\" data-element_type=\"column\" data-e-type=\"column\" data-settings=\"{&quot;background_background&quot;:&quot;classic&quot;}\">\n\t\t\t<div class=\"elementor-widget-wrap elementor-element-populated\">\n\t\t\t\t\t\t<div class=\"elementor-element elementor-element-6e955c69 elementor-widget elementor-widget-spacer\" data-id=\"6e955c69\" data-element_type=\"widget\" data-e-type=\"widget\" data-widget_type=\"spacer.default\">\n\t\t\t\t<div class=\"elementor-widget-container\">\n\t\t\t\t\t\t\t<div class=\"elementor-spacer\">\n\t\t\t<div class=\"elementor-spacer-inner\"><\/div>\n\t\t<\/div>\n\t\t\t\t\t\t<\/div>\n\t\t\t\t<\/div>\n\t\t\t\t\t<\/div>\n\t\t<\/div>\n\t\t\t\t\t<\/div>\n\t\t<\/section>\n\t\t\t\t<section class=\"elementor-section elementor-top-section elementor-element elementor-element-32f5e643 elementor-section-stretched elementor-section-boxed elementor-section-height-default elementor-section-height-default\" data-id=\"32f5e643\" data-element_type=\"section\" data-e-type=\"section\" data-settings=\"{&quot;stretch_section&quot;:&quot;section-stretched&quot;,&quot;background_background&quot;:&quot;classic&quot;}\">\n\t\t\t\t\t\t<div class=\"elementor-container elementor-column-gap-default\">\n\t\t\t\t\t<div class=\"elementor-column elementor-col-100 elementor-top-column elementor-element elementor-element-4d11fedc\" data-id=\"4d11fedc\" data-element_type=\"column\" data-e-type=\"column\" data-settings=\"{&quot;background_background&quot;:&quot;classic&quot;}\">\n\t\t\t<div class=\"elementor-widget-wrap elementor-element-populated\">\n\t\t\t\t\t\t<div class=\"elementor-element elementor-element-2754d43f elementor-cta--layout-image-left elementor-cta--mobile-layout-image-above elementor-cta--skin-classic elementor-animated-content elementor-bg-transform elementor-bg-transform-zoom-in elementor-widget elementor-widget-call-to-action\" data-id=\"2754d43f\" data-element_type=\"widget\" data-e-type=\"widget\" data-widget_type=\"call-to-action.default\">\n\t\t\t\t<div class=\"elementor-widget-container\">\n\t\t\t\t\t\t\t<a class=\"elementor-cta\" href=\"tel:+34952493947\">\n\t\t\t\t\t<div class=\"elementor-cta__bg-wrapper\">\n\t\t\t\t<div class=\"elementor-cta__bg elementor-bg\" style=\"background-image: url(https:\/\/golfelchaparral.com\/wp-content\/uploads\/2024\/02\/IMG_8450-1024x683.jpg);\" role=\"img\" aria-label=\"IMG_8450\"><\/div>\n\t\t\t\t<div class=\"elementor-cta__bg-overlay\"><\/div>\n\t\t\t<\/div>\n\t\t\t\t\t\t\t<div class=\"elementor-cta__content\">\n\t\t\t\t\n\t\t\t\t\t\t\t\t\t<h2 class=\"elementor-cta__title elementor-cta__content-item elementor-content-item\">\n\t\t\t\t\t\tSouhaitez-vous une exp\u00e9rience unique?\t\t\t\t\t<\/h2>\n\t\t\t\t\n\t\t\t\t\t\t\t\t\t<div class=\"elementor-cta__description elementor-cta__content-item elementor-content-item\">\n\t\t\t\t\t\tR\u00e9servations et plus d\u00b4informations  The Green Label \n<br><br><h3>+34 952 49 39 47<\/h3>\t\t\t\t\t<\/div>\n\t\t\t\t\n\t\t\t\t\t\t\t<\/div>\n\t\t\t\t\t\t<\/a>\n\t\t\t\t\t\t<\/div>\n\t\t\t\t<\/div>\n\t\t\t\t\t<\/div>\n\t\t<\/div>\n\t\t\t\t\t<\/div>\n\t\t<\/section>\n\t\t\t\t<\/div>\n\t\t","protected":false},"excerpt":{"rendered":"<p>The Green Label Restaurant est l&#8217;un des restaurants de clubs de golf les plus populaires de la Costa del Sol. C&#8217;est le point de rencontre naturel pour les golfeurs et les r\u00e9sidents de la r\u00e9gion. Il est connu pour son service, sa qualit\u00e9, sa vari\u00e9t\u00e9 de plats et pour sa superbe terrasse avec une vue &#8230; <a title=\"Restaurant\" class=\"read-more\" href=\"https:\/\/golfelchaparral.com\/fr\/restaurant\/\" aria-label=\"Read more about Restaurant\">Lire plus<\/a><\/p>\n","protected":false},"author":3,"featured_media":0,"parent":0,"menu_order":0,"comment_status":"closed","ping_status":"closed","template":"","meta":{"footnotes":""},"class_list":["post-21819","page","type-page","status-publish"],"yoast_head":"<!-- This site is optimized with the Yoast SEO Premium plugin v27.3 (Yoast SEO v27.3) - https:\/\/yoast.com\/product\/yoast-seo-premium-wordpress\/ -->\n<title>Restaurant - El Chaparral<\/title>\n<meta name=\"robots\" content=\"index, follow, max-snippet:-1, max-image-preview:large, max-video-preview:-1\" \/>\n<link rel=\"canonical\" href=\"https:\/\/golfelchaparral.com\/fr\/restaurant\/\" \/>\n<meta property=\"og:locale\" content=\"fr_FR\" \/>\n<meta property=\"og:type\" content=\"article\" \/>\n<meta property=\"og:title\" content=\"Restaurant\" \/>\n<meta property=\"og:description\" content=\"The Green Label Restaurant est l&#8217;un des restaurants de clubs de golf les plus populaires de la Costa del Sol. C&#8217;est le point de rencontre naturel pour les golfeurs et les r\u00e9sidents de la r\u00e9gion. Il est connu pour son service, sa qualit\u00e9, sa vari\u00e9t\u00e9 de plats et pour sa superbe terrasse avec une vue ... Lire plus\" \/>\n<meta property=\"og:url\" content=\"https:\/\/golfelchaparral.com\/fr\/restaurant\/\" \/>\n<meta property=\"og:site_name\" content=\"El Chaparral\" \/>\n<meta property=\"article:publisher\" content=\"https:\/\/www.facebook.com\/Chaparralgolf\" \/>\n<meta property=\"article:modified_time\" content=\"2024-02-22T11:59:47+00:00\" \/>\n<meta property=\"og:image\" content=\"https:\/\/golfelchaparral.com\/wp-content\/uploads\/2020\/05\/logo-menu.png\" \/>\n\t<meta property=\"og:image:width\" content=\"118\" \/>\n\t<meta property=\"og:image:height\" content=\"70\" \/>\n\t<meta property=\"og:image:type\" content=\"image\/png\" \/>\n<meta name=\"twitter:card\" content=\"summary_large_image\" \/>\n<meta name=\"twitter:site\" content=\"@ChaparralGC\" \/>\n<meta name=\"twitter:label1\" content=\"Est. reading time\" \/>\n\t<meta name=\"twitter:data1\" content=\"1 minute\" \/>\n<script type=\"application\/ld+json\" class=\"yoast-schema-graph\">{\"@context\":\"https:\\\/\\\/schema.org\",\"@graph\":[{\"@type\":\"WebPage\",\"@id\":\"https:\\\/\\\/golfelchaparral.com\\\/fr\\\/restaurant\\\/\",\"url\":\"https:\\\/\\\/golfelchaparral.com\\\/fr\\\/restaurant\\\/\",\"name\":\"Restaurant - El Chaparral\",\"isPartOf\":{\"@id\":\"https:\\\/\\\/golfelchaparral.com\\\/en\\\/#website\"},\"datePublished\":\"2020-05-19T10:35:44+00:00\",\"dateModified\":\"2024-02-22T11:59:47+00:00\",\"breadcrumb\":{\"@id\":\"https:\\\/\\\/golfelchaparral.com\\\/fr\\\/restaurant\\\/#breadcrumb\"},\"inLanguage\":\"fr-FR\",\"potentialAction\":[{\"@type\":\"ReadAction\",\"target\":[\"https:\\\/\\\/golfelchaparral.com\\\/fr\\\/restaurant\\\/\"]}]},{\"@type\":\"BreadcrumbList\",\"@id\":\"https:\\\/\\\/golfelchaparral.com\\\/fr\\\/restaurant\\\/#breadcrumb\",\"itemListElement\":[{\"@type\":\"ListItem\",\"position\":1,\"name\":\"Portada\",\"item\":\"https:\\\/\\\/golfelchaparral.com\\\/fr\\\/\"},{\"@type\":\"ListItem\",\"position\":2,\"name\":\"Restaurant\"}]},{\"@type\":\"WebSite\",\"@id\":\"https:\\\/\\\/golfelchaparral.com\\\/en\\\/#website\",\"url\":\"https:\\\/\\\/golfelchaparral.com\\\/en\\\/\",\"name\":\"Chaparral Golf Club\",\"description\":\"A privileged place close to the sea and surrounded by a pine forest.\",\"potentialAction\":[{\"@type\":\"SearchAction\",\"target\":{\"@type\":\"EntryPoint\",\"urlTemplate\":\"https:\\\/\\\/golfelchaparral.com\\\/en\\\/?s={search_term_string}\"},\"query-input\":{\"@type\":\"PropertyValueSpecification\",\"valueRequired\":true,\"valueName\":\"search_term_string\"}}],\"inLanguage\":\"fr-FR\"}]}<\/script>\n<!-- \/ Yoast SEO Premium plugin. -->","yoast_head_json":{"title":"Restaurant - El Chaparral","robots":{"index":"index","follow":"follow","max-snippet":"max-snippet:-1","max-image-preview":"max-image-preview:large","max-video-preview":"max-video-preview:-1"},"canonical":"https:\/\/golfelchaparral.com\/fr\/restaurant\/","og_locale":"fr_FR","og_type":"article","og_title":"Restaurant","og_description":"The Green Label Restaurant est l&#8217;un des restaurants de clubs de golf les plus populaires de la Costa del Sol. C&#8217;est le point de rencontre naturel pour les golfeurs et les r\u00e9sidents de la r\u00e9gion. Il est connu pour son service, sa qualit\u00e9, sa vari\u00e9t\u00e9 de plats et pour sa superbe terrasse avec une vue ... Lire plus","og_url":"https:\/\/golfelchaparral.com\/fr\/restaurant\/","og_site_name":"El Chaparral","article_publisher":"https:\/\/www.facebook.com\/Chaparralgolf","article_modified_time":"2024-02-22T11:59:47+00:00","og_image":[{"width":118,"height":70,"url":"https:\/\/golfelchaparral.com\/wp-content\/uploads\/2020\/05\/logo-menu.png","type":"image\/png"}],"twitter_card":"summary_large_image","twitter_site":"@ChaparralGC","twitter_misc":{"Est. reading time":"1 minute"},"schema":{"@context":"https:\/\/schema.org","@graph":[{"@type":"WebPage","@id":"https:\/\/golfelchaparral.com\/fr\/restaurant\/","url":"https:\/\/golfelchaparral.com\/fr\/restaurant\/","name":"Restaurant - El Chaparral","isPartOf":{"@id":"https:\/\/golfelchaparral.com\/en\/#website"},"datePublished":"2020-05-19T10:35:44+00:00","dateModified":"2024-02-22T11:59:47+00:00","breadcrumb":{"@id":"https:\/\/golfelchaparral.com\/fr\/restaurant\/#breadcrumb"},"inLanguage":"fr-FR","potentialAction":[{"@type":"ReadAction","target":["https:\/\/golfelchaparral.com\/fr\/restaurant\/"]}]},{"@type":"BreadcrumbList","@id":"https:\/\/golfelchaparral.com\/fr\/restaurant\/#breadcrumb","itemListElement":[{"@type":"ListItem","position":1,"name":"Portada","item":"https:\/\/golfelchaparral.com\/fr\/"},{"@type":"ListItem","position":2,"name":"Restaurant"}]},{"@type":"WebSite","@id":"https:\/\/golfelchaparral.com\/en\/#website","url":"https:\/\/golfelchaparral.com\/en\/","name":"Chaparral Golf Club","description":"A privileged place close to the sea and surrounded by a pine forest.","potentialAction":[{"@type":"SearchAction","target":{"@type":"EntryPoint","urlTemplate":"https:\/\/golfelchaparral.com\/en\/?s={search_term_string}"},"query-input":{"@type":"PropertyValueSpecification","valueRequired":true,"valueName":"search_term_string"}}],"inLanguage":"fr-FR"}]}},"_links":{"self":[{"href":"https:\/\/golfelchaparral.com\/fr\/wp-json\/wp\/v2\/pages\/21819","targetHints":{"allow":["GET"]}}],"collection":[{"href":"https:\/\/golfelchaparral.com\/fr\/wp-json\/wp\/v2\/pages"}],"about":[{"href":"https:\/\/golfelchaparral.com\/fr\/wp-json\/wp\/v2\/types\/page"}],"author":[{"embeddable":true,"href":"https:\/\/golfelchaparral.com\/fr\/wp-json\/wp\/v2\/users\/3"}],"replies":[{"embeddable":true,"href":"https:\/\/golfelchaparral.com\/fr\/wp-json\/wp\/v2\/comments?post=21819"}],"version-history":[{"count":0,"href":"https:\/\/golfelchaparral.com\/fr\/wp-json\/wp\/v2\/pages\/21819\/revisions"}],"wp:attachment":[{"href":"https:\/\/golfelchaparral.com\/fr\/wp-json\/wp\/v2\/media?parent=21819"}],"curies":[{"name":"wp","href":"https:\/\/api.w.org\/{rel}","templated":true}]}}