{"id":21829,"date":"2020-05-19T11:06:39","date_gmt":"2020-05-19T11:06:39","guid":{"rendered":"https:\/\/golfelchaparral.com\/?page_id=21829"},"modified":"2023-01-03T10:48:38","modified_gmt":"2023-01-03T10:48:38","slug":"abonnements","status":"publish","type":"page","link":"https:\/\/golfelchaparral.com\/fr\/abonnements\/","title":{"rendered":"Abonnements"},"content":{"rendered":"\t\t<div data-elementor-type=\"wp-page\" data-elementor-id=\"21829\" class=\"elementor elementor-21829 elementor-21013\" data-elementor-post-type=\"page\">\n\t\t\t\t\t\t<section class=\"elementor-section elementor-top-section elementor-element elementor-element-31666114 elementor-section-boxed elementor-section-height-default elementor-section-height-default\" data-id=\"31666114\" data-element_type=\"section\" data-e-type=\"section\">\n\t\t\t\t\t\t<div class=\"elementor-container elementor-column-gap-default\">\n\t\t\t\t\t<div class=\"elementor-column elementor-col-100 elementor-top-column elementor-element elementor-element-6698b40c\" data-id=\"6698b40c\" data-element_type=\"column\" data-e-type=\"column\">\n\t\t\t<div class=\"elementor-widget-wrap elementor-element-populated\">\n\t\t\t\t\t\t<div class=\"elementor-element elementor-element-5e10fba1 elementor-widget elementor-widget-heading\" data-id=\"5e10fba1\" data-element_type=\"widget\" data-e-type=\"widget\" data-widget_type=\"heading.default\">\n\t\t\t\t<div class=\"elementor-widget-container\">\n\t\t\t\t\t<h1 class=\"elementor-heading-title elementor-size-default\">Abonnements<\/h1>\t\t\t\t<\/div>\n\t\t\t\t<\/div>\n\t\t\t\t<div class=\"elementor-element elementor-element-24aaf74a elementor-widget-divider--view-line elementor-widget elementor-widget-divider\" data-id=\"24aaf74a\" data-element_type=\"widget\" data-e-type=\"widget\" data-widget_type=\"divider.default\">\n\t\t\t\t<div class=\"elementor-widget-container\">\n\t\t\t\t\t\t\t<div class=\"elementor-divider\">\n\t\t\t<span class=\"elementor-divider-separator\">\n\t\t\t\t\t\t<\/span>\n\t\t<\/div>\n\t\t\t\t\t\t<\/div>\n\t\t\t\t<\/div>\n\t\t\t\t\t<\/div>\n\t\t<\/div>\n\t\t\t\t\t<\/div>\n\t\t<\/section>\n\t\t\t\t<section class=\"elementor-section elementor-top-section elementor-element elementor-element-4c131b26 elementor-section-stretched elementor-section-content-middle elementor-reverse-mobile elementor-section-boxed elementor-section-height-default elementor-section-height-default\" data-id=\"4c131b26\" data-element_type=\"section\" data-e-type=\"section\" data-settings=\"{&quot;stretch_section&quot;:&quot;section-stretched&quot;}\">\n\t\t\t\t\t\t<div class=\"elementor-container elementor-column-gap-default\">\n\t\t\t\t\t<div class=\"elementor-column elementor-col-50 elementor-top-column elementor-element elementor-element-4ae277a0\" data-id=\"4ae277a0\" data-element_type=\"column\" data-e-type=\"column\" data-settings=\"{&quot;background_background&quot;:&quot;classic&quot;}\">\n\t\t\t<div class=\"elementor-widget-wrap elementor-element-populated\">\n\t\t\t\t\t\t<div class=\"elementor-element elementor-element-636cd696 elementor-widget elementor-widget-text-editor\" data-id=\"636cd696\" data-element_type=\"widget\" data-e-type=\"widget\" data-widget_type=\"text-editor.default\">\n\t\t\t\t<div class=\"elementor-widget-container\">\n\t\t\t\t\t\t\t\t\t<p>Avec nos adh\u00e9sions exclusives, nous proposons un v\u00e9ritable club \u00e0 domicile avec une exp\u00e9rience compl\u00e8te du golf, de la nature et un club social dynamique avec l&#8217;une des sc\u00e8nes sociales les plus actives de la r\u00e9gion.<\/p><p>Profitez de vos journ\u00e9es entre amis, dans un endroit qui offre le golf dans une tranquillit\u00e9 absolue, entour\u00e9 par une nature pure et une vue panoramique sur la mer M\u00e9diterran\u00e9e.<\/p>\t\t\t\t\t\t\t\t<\/div>\n\t\t\t\t<\/div>\n\t\t\t\t<div class=\"elementor-element elementor-element-fb8c5d4 elementor-blockquote--skin-border elementor-widget elementor-widget-blockquote\" data-id=\"fb8c5d4\" data-element_type=\"widget\" data-e-type=\"widget\" data-widget_type=\"blockquote.default\">\n\t\t\t\t<div class=\"elementor-widget-container\">\n\t\t\t\t\t\t\t<blockquote class=\"elementor-blockquote\">\n\t\t\t<p class=\"elementor-blockquote__content\">\n\t\t\t\tChaparral Golf Club offre un cadre unique qui ch\u00e9rit l'amiti\u00e9 et irradie un profond sentiment d'appartenance. Le Club offre un service chaleureux et personnalis\u00e9, un produit de haute qualit\u00e9 et pr\u00eate attention aux moindres d\u00e9tails.\n\t\t\t<\/p>\n\t\t\t\t\t<\/blockquote>\n\t\t\t\t\t\t<\/div>\n\t\t\t\t<\/div>\n\t\t\t\t<div class=\"elementor-element elementor-element-164e69d elementor-widget elementor-widget-text-editor\" data-id=\"164e69d\" data-element_type=\"widget\" data-e-type=\"widget\" data-widget_type=\"text-editor.default\">\n\t\t\t\t<div class=\"elementor-widget-container\">\n\t\t\t\t\t\t\t\t\t<p>Le parcours de golf haut de gamme, le restaurant raffin\u00e9, une Acad\u00e9mie avec PGA Pro qualifi\u00e9, un Pro Shop bien \u00e9quip\u00e9, l&#8217;excellent service et le calendrier des membres actifs ne sont que quelques-unes des raisons pour lesquelles vous devriez adh\u00e9rer.<\/p><p>Rejoignez le Club pendant un an avec nos abonnements complets de golf et buggy illimit\u00e9s.<\/p><p style=\"text-align: left;\">Contactez notre D\u00e9partement Adh\u00e9sion: <a href=\"mailto:comercial@golfelchaparral.com\">comercial@golfelchaparral.com<\/a><\/p>\t\t\t\t\t\t\t\t<\/div>\n\t\t\t\t<\/div>\n\t\t\t\t\t<\/div>\n\t\t<\/div>\n\t\t\t\t<div class=\"elementor-column elementor-col-50 elementor-top-column elementor-element elementor-element-4d5fe9f6\" data-id=\"4d5fe9f6\" data-element_type=\"column\" data-e-type=\"column\" data-settings=\"{&quot;background_background&quot;:&quot;classic&quot;}\">\n\t\t\t<div class=\"elementor-widget-wrap elementor-element-populated\">\n\t\t\t\t\t\t<div class=\"elementor-element elementor-element-365156de elementor-widget elementor-widget-spacer\" data-id=\"365156de\" data-element_type=\"widget\" data-e-type=\"widget\" data-widget_type=\"spacer.default\">\n\t\t\t\t<div class=\"elementor-widget-container\">\n\t\t\t\t\t\t\t<div class=\"elementor-spacer\">\n\t\t\t<div class=\"elementor-spacer-inner\"><\/div>\n\t\t<\/div>\n\t\t\t\t\t\t<\/div>\n\t\t\t\t<\/div>\n\t\t\t\t\t<\/div>\n\t\t<\/div>\n\t\t\t\t\t<\/div>\n\t\t<\/section>\n\t\t\t\t<section class=\"elementor-section elementor-top-section elementor-element elementor-element-631dcc0e elementor-section-boxed elementor-section-height-default elementor-section-height-default\" data-id=\"631dcc0e\" data-element_type=\"section\" data-e-type=\"section\">\n\t\t\t\t\t\t<div class=\"elementor-container elementor-column-gap-default\">\n\t\t\t\t\t<div class=\"elementor-column elementor-col-100 elementor-top-column elementor-element elementor-element-51ba9690\" data-id=\"51ba9690\" data-element_type=\"column\" data-e-type=\"column\">\n\t\t\t<div class=\"elementor-widget-wrap elementor-element-populated\">\n\t\t\t\t\t\t<div class=\"elementor-element elementor-element-2fea619d elementor-widget elementor-widget-spacer\" data-id=\"2fea619d\" data-element_type=\"widget\" data-e-type=\"widget\" data-widget_type=\"spacer.default\">\n\t\t\t\t<div class=\"elementor-widget-container\">\n\t\t\t\t\t\t\t<div class=\"elementor-spacer\">\n\t\t\t<div class=\"elementor-spacer-inner\"><\/div>\n\t\t<\/div>\n\t\t\t\t\t\t<\/div>\n\t\t\t\t<\/div>\n\t\t\t\t\t<\/div>\n\t\t<\/div>\n\t\t\t\t\t<\/div>\n\t\t<\/section>\n\t\t\t\t<\/div>\n\t\t","protected":false},"excerpt":{"rendered":"<p>Avec nos adh\u00e9sions exclusives, nous proposons un v\u00e9ritable club \u00e0 domicile avec une exp\u00e9rience compl\u00e8te du golf, de la nature et un club social dynamique avec l&#8217;une des sc\u00e8nes sociales les plus actives de la r\u00e9gion. Profitez de vos journ\u00e9es entre amis, dans un endroit qui offre le golf dans une tranquillit\u00e9 absolue, entour\u00e9 par &#8230; <a title=\"Abonnements\" class=\"read-more\" href=\"https:\/\/golfelchaparral.com\/fr\/abonnements\/\" aria-label=\"Read more about Abonnements\">Lire plus<\/a><\/p>\n","protected":false},"author":3,"featured_media":0,"parent":0,"menu_order":0,"comment_status":"closed","ping_status":"closed","template":"","meta":{"footnotes":""},"class_list":["post-21829","page","type-page","status-publish"],"yoast_head":"<!-- This site is optimized with the Yoast SEO Premium plugin v27.3 (Yoast SEO v27.3) - https:\/\/yoast.com\/product\/yoast-seo-premium-wordpress\/ -->\n<title>Abonnements - Chaparral Golf Club<\/title>\n<meta name=\"description\" content=\"Bli medlem i Chaparral Golf Club och njut av en av de b\u00e4sta golfbanorna p\u00e5 Costa del Sol, bara 20 minuter fr\u00e5n Marbella och Malaga.\" \/>\n<meta name=\"robots\" content=\"index, follow, max-snippet:-1, max-image-preview:large, max-video-preview:-1\" \/>\n<link rel=\"canonical\" href=\"https:\/\/golfelchaparral.com\/fr\/abonnements\/\" \/>\n<meta property=\"og:locale\" content=\"fr_FR\" \/>\n<meta property=\"og:type\" content=\"article\" \/>\n<meta property=\"og:title\" content=\"Abonnements\" \/>\n<meta property=\"og:description\" content=\"Bli medlem i Chaparral Golf Club och njut av en av de b\u00e4sta golfbanorna p\u00e5 Costa del Sol, bara 20 minuter fr\u00e5n Marbella och Malaga.\" \/>\n<meta property=\"og:url\" content=\"https:\/\/golfelchaparral.com\/fr\/abonnements\/\" \/>\n<meta property=\"og:site_name\" content=\"El Chaparral\" \/>\n<meta property=\"article:publisher\" content=\"https:\/\/www.facebook.com\/Chaparralgolf\" \/>\n<meta property=\"article:modified_time\" content=\"2023-01-03T10:48:38+00:00\" \/>\n<meta property=\"og:image\" content=\"https:\/\/golfelchaparral.com\/wp-content\/uploads\/2020\/05\/logo-menu.png\" \/>\n\t<meta property=\"og:image:width\" content=\"118\" \/>\n\t<meta property=\"og:image:height\" content=\"70\" \/>\n\t<meta property=\"og:image:type\" content=\"image\/png\" \/>\n<meta name=\"twitter:card\" content=\"summary_large_image\" \/>\n<meta name=\"twitter:site\" content=\"@ChaparralGC\" \/>\n<meta name=\"twitter:label1\" content=\"Est. reading time\" \/>\n\t<meta name=\"twitter:data1\" content=\"1 minute\" \/>\n<script type=\"application\/ld+json\" class=\"yoast-schema-graph\">{\"@context\":\"https:\\\/\\\/schema.org\",\"@graph\":[{\"@type\":\"WebPage\",\"@id\":\"https:\\\/\\\/golfelchaparral.com\\\/fr\\\/abonnements\\\/\",\"url\":\"https:\\\/\\\/golfelchaparral.com\\\/fr\\\/abonnements\\\/\",\"name\":\"Abonnements - Chaparral Golf Club\",\"isPartOf\":{\"@id\":\"https:\\\/\\\/golfelchaparral.com\\\/en\\\/#website\"},\"datePublished\":\"2020-05-19T11:06:39+00:00\",\"dateModified\":\"2023-01-03T10:48:38+00:00\",\"description\":\"Bli medlem i Chaparral Golf Club och njut av en av de b\u00e4sta golfbanorna p\u00e5 Costa del Sol, bara 20 minuter fr\u00e5n Marbella och Malaga.\",\"breadcrumb\":{\"@id\":\"https:\\\/\\\/golfelchaparral.com\\\/fr\\\/abonnements\\\/#breadcrumb\"},\"inLanguage\":\"fr-FR\",\"potentialAction\":[{\"@type\":\"ReadAction\",\"target\":[\"https:\\\/\\\/golfelchaparral.com\\\/fr\\\/abonnements\\\/\"]}]},{\"@type\":\"BreadcrumbList\",\"@id\":\"https:\\\/\\\/golfelchaparral.com\\\/fr\\\/abonnements\\\/#breadcrumb\",\"itemListElement\":[{\"@type\":\"ListItem\",\"position\":1,\"name\":\"Portada\",\"item\":\"https:\\\/\\\/golfelchaparral.com\\\/fr\\\/\"},{\"@type\":\"ListItem\",\"position\":2,\"name\":\"Abonnements\"}]},{\"@type\":\"WebSite\",\"@id\":\"https:\\\/\\\/golfelchaparral.com\\\/en\\\/#website\",\"url\":\"https:\\\/\\\/golfelchaparral.com\\\/en\\\/\",\"name\":\"Chaparral Golf Club\",\"description\":\"A privileged place close to the sea and surrounded by a pine forest.\",\"potentialAction\":[{\"@type\":\"SearchAction\",\"target\":{\"@type\":\"EntryPoint\",\"urlTemplate\":\"https:\\\/\\\/golfelchaparral.com\\\/en\\\/?s={search_term_string}\"},\"query-input\":{\"@type\":\"PropertyValueSpecification\",\"valueRequired\":true,\"valueName\":\"search_term_string\"}}],\"inLanguage\":\"fr-FR\"}]}<\/script>\n<!-- \/ Yoast SEO Premium plugin. -->","yoast_head_json":{"title":"Abonnements - Chaparral Golf Club","description":"Bli medlem i Chaparral Golf Club och njut av en av de b\u00e4sta golfbanorna p\u00e5 Costa del Sol, bara 20 minuter fr\u00e5n Marbella och Malaga.","robots":{"index":"index","follow":"follow","max-snippet":"max-snippet:-1","max-image-preview":"max-image-preview:large","max-video-preview":"max-video-preview:-1"},"canonical":"https:\/\/golfelchaparral.com\/fr\/abonnements\/","og_locale":"fr_FR","og_type":"article","og_title":"Abonnements","og_description":"Bli medlem i Chaparral Golf Club och njut av en av de b\u00e4sta golfbanorna p\u00e5 Costa del Sol, bara 20 minuter fr\u00e5n Marbella och Malaga.","og_url":"https:\/\/golfelchaparral.com\/fr\/abonnements\/","og_site_name":"El Chaparral","article_publisher":"https:\/\/www.facebook.com\/Chaparralgolf","article_modified_time":"2023-01-03T10:48:38+00:00","og_image":[{"width":118,"height":70,"url":"https:\/\/golfelchaparral.com\/wp-content\/uploads\/2020\/05\/logo-menu.png","type":"image\/png"}],"twitter_card":"summary_large_image","twitter_site":"@ChaparralGC","twitter_misc":{"Est. reading time":"1 minute"},"schema":{"@context":"https:\/\/schema.org","@graph":[{"@type":"WebPage","@id":"https:\/\/golfelchaparral.com\/fr\/abonnements\/","url":"https:\/\/golfelchaparral.com\/fr\/abonnements\/","name":"Abonnements - Chaparral Golf Club","isPartOf":{"@id":"https:\/\/golfelchaparral.com\/en\/#website"},"datePublished":"2020-05-19T11:06:39+00:00","dateModified":"2023-01-03T10:48:38+00:00","description":"Bli medlem i Chaparral Golf Club och njut av en av de b\u00e4sta golfbanorna p\u00e5 Costa del Sol, bara 20 minuter fr\u00e5n Marbella och Malaga.","breadcrumb":{"@id":"https:\/\/golfelchaparral.com\/fr\/abonnements\/#breadcrumb"},"inLanguage":"fr-FR","potentialAction":[{"@type":"ReadAction","target":["https:\/\/golfelchaparral.com\/fr\/abonnements\/"]}]},{"@type":"BreadcrumbList","@id":"https:\/\/golfelchaparral.com\/fr\/abonnements\/#breadcrumb","itemListElement":[{"@type":"ListItem","position":1,"name":"Portada","item":"https:\/\/golfelchaparral.com\/fr\/"},{"@type":"ListItem","position":2,"name":"Abonnements"}]},{"@type":"WebSite","@id":"https:\/\/golfelchaparral.com\/en\/#website","url":"https:\/\/golfelchaparral.com\/en\/","name":"Chaparral Golf Club","description":"A privileged place close to the sea and surrounded by a pine forest.","potentialAction":[{"@type":"SearchAction","target":{"@type":"EntryPoint","urlTemplate":"https:\/\/golfelchaparral.com\/en\/?s={search_term_string}"},"query-input":{"@type":"PropertyValueSpecification","valueRequired":true,"valueName":"search_term_string"}}],"inLanguage":"fr-FR"}]}},"_links":{"self":[{"href":"https:\/\/golfelchaparral.com\/fr\/wp-json\/wp\/v2\/pages\/21829","targetHints":{"allow":["GET"]}}],"collection":[{"href":"https:\/\/golfelchaparral.com\/fr\/wp-json\/wp\/v2\/pages"}],"about":[{"href":"https:\/\/golfelchaparral.com\/fr\/wp-json\/wp\/v2\/types\/page"}],"author":[{"embeddable":true,"href":"https:\/\/golfelchaparral.com\/fr\/wp-json\/wp\/v2\/users\/3"}],"replies":[{"embeddable":true,"href":"https:\/\/golfelchaparral.com\/fr\/wp-json\/wp\/v2\/comments?post=21829"}],"version-history":[{"count":0,"href":"https:\/\/golfelchaparral.com\/fr\/wp-json\/wp\/v2\/pages\/21829\/revisions"}],"wp:attachment":[{"href":"https:\/\/golfelchaparral.com\/fr\/wp-json\/wp\/v2\/media?parent=21829"}],"curies":[{"name":"wp","href":"https:\/\/api.w.org\/{rel}","templated":true}]}}