{"id":22320,"date":"2020-05-21T09:15:55","date_gmt":"2020-05-21T09:15:55","guid":{"rendered":"https:\/\/golfelchaparral.com\/?page_id=22320"},"modified":"2020-10-27T12:42:07","modified_gmt":"2020-10-27T12:42:07","slug":"golfbana-historia-costa-del-sol-marbella-mijas","status":"publish","type":"page","link":"https:\/\/golfelchaparral.com\/sv\/golfbana-historia-costa-del-sol-marbella-mijas\/","title":{"rendered":"Historia"},"content":{"rendered":"\t\t<div data-elementor-type=\"wp-page\" data-elementor-id=\"22320\" class=\"elementor elementor-22320 elementor-21029\" data-elementor-post-type=\"page\">\n\t\t\t\t\t\t<section class=\"elementor-section elementor-top-section elementor-element elementor-element-39ebce1a elementor-section-boxed elementor-section-height-default elementor-section-height-default\" data-id=\"39ebce1a\" data-element_type=\"section\" data-e-type=\"section\">\n\t\t\t\t\t\t<div class=\"elementor-container elementor-column-gap-default\">\n\t\t\t\t\t<div class=\"elementor-column elementor-col-100 elementor-top-column elementor-element elementor-element-15b989f9\" data-id=\"15b989f9\" data-element_type=\"column\" data-e-type=\"column\">\n\t\t\t<div class=\"elementor-widget-wrap elementor-element-populated\">\n\t\t\t\t\t\t<div class=\"elementor-element elementor-element-36a42db7 elementor-widget elementor-widget-heading\" data-id=\"36a42db7\" data-element_type=\"widget\" data-e-type=\"widget\" data-widget_type=\"heading.default\">\n\t\t\t\t<div class=\"elementor-widget-container\">\n\t\t\t\t\t<h1 class=\"elementor-heading-title elementor-size-default\">Historia<\/h1>\t\t\t\t<\/div>\n\t\t\t\t<\/div>\n\t\t\t\t<div class=\"elementor-element elementor-element-7e8f4f83 elementor-widget-divider--view-line elementor-widget elementor-widget-divider\" data-id=\"7e8f4f83\" data-element_type=\"widget\" data-e-type=\"widget\" data-widget_type=\"divider.default\">\n\t\t\t\t<div class=\"elementor-widget-container\">\n\t\t\t\t\t\t\t<div class=\"elementor-divider\">\n\t\t\t<span class=\"elementor-divider-separator\">\n\t\t\t\t\t\t<\/span>\n\t\t<\/div>\n\t\t\t\t\t\t<\/div>\n\t\t\t\t<\/div>\n\t\t\t\t\t<\/div>\n\t\t<\/div>\n\t\t\t\t\t<\/div>\n\t\t<\/section>\n\t\t\t\t<section class=\"elementor-section elementor-top-section elementor-element elementor-element-66d2752b elementor-section-stretched elementor-section-content-middle elementor-reverse-mobile elementor-section-boxed elementor-section-height-default elementor-section-height-default\" data-id=\"66d2752b\" data-element_type=\"section\" data-e-type=\"section\" data-settings=\"{&quot;stretch_section&quot;:&quot;section-stretched&quot;}\">\n\t\t\t\t\t\t<div class=\"elementor-container elementor-column-gap-default\">\n\t\t\t\t\t<div class=\"elementor-column elementor-col-50 elementor-top-column elementor-element elementor-element-69e123ff\" data-id=\"69e123ff\" data-element_type=\"column\" data-e-type=\"column\" data-settings=\"{&quot;background_background&quot;:&quot;classic&quot;}\">\n\t\t\t<div class=\"elementor-widget-wrap elementor-element-populated\">\n\t\t\t\t\t\t<div class=\"elementor-element elementor-element-1571f017 elementor-blockquote--skin-border elementor-widget elementor-widget-blockquote\" data-id=\"1571f017\" data-element_type=\"widget\" data-e-type=\"widget\" data-widget_type=\"blockquote.default\">\n\t\t\t\t<div class=\"elementor-widget-container\">\n\t\t\t\t\t\t\t<blockquote class=\"elementor-blockquote\">\n\t\t\t<p class=\"elementor-blockquote__content\">\n\t\t\t\tChaparral Golf Club byggdes \u00e5r 1991 av den ber\u00f6mde golfarkitekten Pepe Gancedo fr\u00e5n Malaga\t\t\t<\/p>\n\t\t\t\t\t<\/blockquote>\n\t\t\t\t\t\t<\/div>\n\t\t\t\t<\/div>\n\t\t\t\t<div class=\"elementor-element elementor-element-4450994b elementor-widget elementor-widget-text-editor\" data-id=\"4450994b\" data-element_type=\"widget\" data-e-type=\"widget\" data-widget_type=\"text-editor.default\">\n\t\t\t\t<div class=\"elementor-widget-container\">\n\t\t\t\t\t\t\t\t\t<p><strong>Chaparral Golf Club<\/strong> byggdes ursprungligen 1991 av ett spanskt och brittiskt f\u00f6retag. De hade en stark framtidsvision och anf\u00f6rtrodde designen av banan till den ber\u00f6mde golfarkitekten Pepe Gancedo fr\u00e5n Malaga. Han lade ner all sin visdom i skapandet av Chaparrals 18 kr\u00e4vande h\u00e5l.<\/p><p>2003 k\u00f6ptes klubben av Antonio Rubio som beslutade att \u00e5terigen involvera Pepe Gancedo n\u00e4r banan skulle designas om och \u00f6ppnas p\u00e5 nytt \u00e5r 2006.<\/p><p><strong>Pepe Gancedo<\/strong> lyckades beh\u00e5lla charmen i den ursprungliga designen n\u00e4r han gjorde om tees och greener, och lyckades g\u00f6ra Chaparral Golf Club till en av de mest prestigefyllda golfbanorna i omr\u00e5det. Banan \u00e4r k\u00e4nd f\u00f6r sin spektakul\u00e4ra sk\u00f6nhet och frodiga vegetation.<\/p>\t\t\t\t\t\t\t\t<\/div>\n\t\t\t\t<\/div>\n\t\t\t\t\t<\/div>\n\t\t<\/div>\n\t\t\t\t<div class=\"elementor-column elementor-col-50 elementor-top-column elementor-element elementor-element-32f5f7d5\" data-id=\"32f5f7d5\" data-element_type=\"column\" data-e-type=\"column\" data-settings=\"{&quot;background_background&quot;:&quot;classic&quot;}\">\n\t\t\t<div class=\"elementor-widget-wrap elementor-element-populated\">\n\t\t\t\t\t\t<div class=\"elementor-element elementor-element-709b5550 elementor-widget elementor-widget-spacer\" data-id=\"709b5550\" data-element_type=\"widget\" data-e-type=\"widget\" data-widget_type=\"spacer.default\">\n\t\t\t\t<div class=\"elementor-widget-container\">\n\t\t\t\t\t\t\t<div class=\"elementor-spacer\">\n\t\t\t<div class=\"elementor-spacer-inner\"><\/div>\n\t\t<\/div>\n\t\t\t\t\t\t<\/div>\n\t\t\t\t<\/div>\n\t\t\t\t\t<\/div>\n\t\t<\/div>\n\t\t\t\t\t<\/div>\n\t\t<\/section>\n\t\t\t\t<section class=\"elementor-section elementor-top-section elementor-element elementor-element-7f1ddf7d elementor-section-stretched elementor-section-content-middle elementor-section-boxed elementor-section-height-default elementor-section-height-default\" data-id=\"7f1ddf7d\" data-element_type=\"section\" data-e-type=\"section\" data-settings=\"{&quot;stretch_section&quot;:&quot;section-stretched&quot;}\">\n\t\t\t\t\t\t<div class=\"elementor-container elementor-column-gap-default\">\n\t\t\t\t\t<div class=\"elementor-column elementor-col-50 elementor-top-column elementor-element elementor-element-27773ded\" data-id=\"27773ded\" data-element_type=\"column\" data-e-type=\"column\" data-settings=\"{&quot;background_background&quot;:&quot;classic&quot;}\">\n\t\t\t<div class=\"elementor-widget-wrap elementor-element-populated\">\n\t\t\t\t\t\t<div class=\"elementor-element elementor-element-26e2c489 elementor-widget elementor-widget-spacer\" data-id=\"26e2c489\" data-element_type=\"widget\" data-e-type=\"widget\" data-widget_type=\"spacer.default\">\n\t\t\t\t<div class=\"elementor-widget-container\">\n\t\t\t\t\t\t\t<div class=\"elementor-spacer\">\n\t\t\t<div class=\"elementor-spacer-inner\"><\/div>\n\t\t<\/div>\n\t\t\t\t\t\t<\/div>\n\t\t\t\t<\/div>\n\t\t\t\t\t<\/div>\n\t\t<\/div>\n\t\t\t\t<div class=\"elementor-column elementor-col-50 elementor-top-column elementor-element elementor-element-20f35101\" data-id=\"20f35101\" data-element_type=\"column\" data-e-type=\"column\" data-settings=\"{&quot;background_background&quot;:&quot;classic&quot;}\">\n\t\t\t<div class=\"elementor-widget-wrap elementor-element-populated\">\n\t\t\t\t\t\t<div class=\"elementor-element elementor-element-60466bae elementor-widget elementor-widget-spacer\" data-id=\"60466bae\" data-element_type=\"widget\" data-e-type=\"widget\" data-widget_type=\"spacer.default\">\n\t\t\t\t<div class=\"elementor-widget-container\">\n\t\t\t\t\t\t\t<div class=\"elementor-spacer\">\n\t\t\t<div class=\"elementor-spacer-inner\"><\/div>\n\t\t<\/div>\n\t\t\t\t\t\t<\/div>\n\t\t\t\t<\/div>\n\t\t\t\t<div class=\"elementor-element elementor-element-51e9554f elementor-widget elementor-widget-text-editor\" data-id=\"51e9554f\" data-element_type=\"widget\" data-e-type=\"widget\" data-widget_type=\"text-editor.default\">\n\t\t\t\t<div class=\"elementor-widget-container\">\n\t\t\t\t\t\t\t\t\t<p>Klubbhusets arkitektur \u00e4r av typisk andalusisk design, en vacker hacienda med vita v\u00e4ggar, antikt tr\u00e4 och med en fantastisk utsikt \u00f6ver skogen och Medelhavet.<\/p>\t\t\t\t\t\t\t\t<\/div>\n\t\t\t\t<\/div>\n\t\t\t\t<div class=\"elementor-element elementor-element-d08858f elementor-blockquote--skin-border elementor-widget elementor-widget-blockquote\" data-id=\"d08858f\" data-element_type=\"widget\" data-e-type=\"widget\" data-widget_type=\"blockquote.default\">\n\t\t\t\t<div class=\"elementor-widget-container\">\n\t\t\t\t\t\t\t<blockquote class=\"elementor-blockquote\">\n\t\t\t<p class=\"elementor-blockquote__content\">\n\t\t\t\tChaparral Golf Club har sedan dess \u00f6ppnandet blivit en av de mest emblematiska golfbanorna p\u00e5 Costa del Sol.\n\t\t\t<\/p>\n\t\t\t\t\t<\/blockquote>\n\t\t\t\t\t\t<\/div>\n\t\t\t\t<\/div>\n\t\t\t\t<div class=\"elementor-element elementor-element-5614affc elementor-widget elementor-widget-text-editor\" data-id=\"5614affc\" data-element_type=\"widget\" data-e-type=\"widget\" data-widget_type=\"text-editor.default\">\n\t\t\t\t<div class=\"elementor-widget-container\">\n\t\t\t\t\t\t\t\t\t<p>Tack vare Antonio Rubios uth\u00e5llighet och beslutsamhet har Chaparral Golf Club kommit att bli en av de mest attraktiva golfbanorna p\u00e5 Costa del Sol sedan den \u00f6ppnade p\u00e5 nytt \u00e5r 2003. Antonio \u00e4r en vision\u00e4r aff\u00e4rsman vars ambition alltid har varit att g\u00f6ra Chaparral Golf Club till en av de mest efterfr\u00e5gade banorna i omr\u00e5det, impregnerad med en unik personlighet .<\/p>\t\t\t\t\t\t\t\t<\/div>\n\t\t\t\t<\/div>\n\t\t\t\t<div class=\"elementor-element elementor-element-47986d97 elementor-widget elementor-widget-spacer\" data-id=\"47986d97\" data-element_type=\"widget\" data-e-type=\"widget\" data-widget_type=\"spacer.default\">\n\t\t\t\t<div class=\"elementor-widget-container\">\n\t\t\t\t\t\t\t<div class=\"elementor-spacer\">\n\t\t\t<div class=\"elementor-spacer-inner\"><\/div>\n\t\t<\/div>\n\t\t\t\t\t\t<\/div>\n\t\t\t\t<\/div>\n\t\t\t\t\t<\/div>\n\t\t<\/div>\n\t\t\t\t\t<\/div>\n\t\t<\/section>\n\t\t\t\t<section class=\"elementor-section elementor-top-section elementor-element elementor-element-3cd9799 elementor-section-stretched elementor-section-full_width elementor-section-height-min-height elementor-section-height-default elementor-section-items-middle\" data-id=\"3cd9799\" data-element_type=\"section\" data-e-type=\"section\" data-settings=\"{&quot;stretch_section&quot;:&quot;section-stretched&quot;,&quot;background_background&quot;:&quot;classic&quot;,&quot;background_motion_fx_motion_fx_scrolling&quot;:&quot;yes&quot;,&quot;background_motion_fx_translateY_effect&quot;:&quot;yes&quot;,&quot;background_motion_fx_translateY_speed&quot;:{&quot;unit&quot;:&quot;px&quot;,&quot;size&quot;:10,&quot;sizes&quot;:[]},&quot;background_motion_fx_translateY_affectedRange&quot;:{&quot;unit&quot;:&quot;%&quot;,&quot;size&quot;:&quot;&quot;,&quot;sizes&quot;:{&quot;start&quot;:0,&quot;end&quot;:100}},&quot;background_motion_fx_devices&quot;:[&quot;desktop&quot;,&quot;tablet&quot;,&quot;mobile&quot;]}\">\n\t\t\t\t\t\t<div class=\"elementor-container elementor-column-gap-default\">\n\t\t\t\t\t<div class=\"elementor-column elementor-col-100 elementor-top-column elementor-element elementor-element-6ac1497e\" data-id=\"6ac1497e\" data-element_type=\"column\" data-e-type=\"column\" data-settings=\"{&quot;background_background&quot;:&quot;classic&quot;}\">\n\t\t\t<div class=\"elementor-widget-wrap elementor-element-populated\">\n\t\t\t\t\t\t<div class=\"elementor-element elementor-element-5fe11c66 elementor-widget elementor-widget-spacer\" data-id=\"5fe11c66\" data-element_type=\"widget\" data-e-type=\"widget\" data-widget_type=\"spacer.default\">\n\t\t\t\t<div class=\"elementor-widget-container\">\n\t\t\t\t\t\t\t<div class=\"elementor-spacer\">\n\t\t\t<div class=\"elementor-spacer-inner\"><\/div>\n\t\t<\/div>\n\t\t\t\t\t\t<\/div>\n\t\t\t\t<\/div>\n\t\t\t\t\t<\/div>\n\t\t<\/div>\n\t\t\t\t\t<\/div>\n\t\t<\/section>\n\t\t\t\t<\/div>\n\t\t","protected":false},"excerpt":{"rendered":"<p>Chaparral Golf Club byggdes \u00e5r 1991 av den ber\u00f6mde golfarkitekten Pepe Gancedo fr\u00e5n Malaga Chaparral Golf Club byggdes ursprungligen 1991 av ett spanskt och brittiskt f\u00f6retag. De hade en stark framtidsvision och anf\u00f6rtrodde designen av banan till den ber\u00f6mde golfarkitekten Pepe Gancedo fr\u00e5n Malaga. Han lade ner all sin visdom i skapandet av Chaparrals 18 &#8230; <a title=\"Historia\" class=\"read-more\" href=\"https:\/\/golfelchaparral.com\/sv\/golfbana-historia-costa-del-sol-marbella-mijas\/\" aria-label=\"Read more about Historia\">L\u00e4s mer<\/a><\/p>\n","protected":false},"author":3,"featured_media":0,"parent":0,"menu_order":0,"comment_status":"closed","ping_status":"closed","template":"","meta":{"footnotes":""},"class_list":["post-22320","page","type-page","status-publish"],"yoast_head":"<!-- This site is optimized with the Yoast SEO Premium plugin v27.3 (Yoast SEO v27.3) - https:\/\/yoast.com\/product\/yoast-seo-premium-wordpress\/ -->\n<title>Chaparral Golfklubbs historia,banan byggdes 1991 i Mijas Costa<\/title>\n<meta name=\"description\" content=\"Chaparral Golfklubb \u00e4r en Parkland Forest bana byggd i Mijas 1991 och designad av Pepe Gancedo. En av de b\u00e4sta banorna p\u00e5 Costa del Sol\" \/>\n<meta name=\"robots\" content=\"index, follow, max-snippet:-1, max-image-preview:large, max-video-preview:-1\" \/>\n<link rel=\"canonical\" href=\"https:\/\/golfelchaparral.com\/sv\/golfbana-historia-costa-del-sol-marbella-mijas\/\" \/>\n<meta property=\"og:locale\" content=\"sv_SE\" \/>\n<meta property=\"og:type\" content=\"article\" \/>\n<meta property=\"og:title\" content=\"Historia\" \/>\n<meta property=\"og:description\" content=\"Chaparral Golfklubb \u00e4r en Parkland Forest bana byggd i Mijas 1991 och designad av Pepe Gancedo. En av de b\u00e4sta banorna p\u00e5 Costa del Sol\" \/>\n<meta property=\"og:url\" content=\"https:\/\/golfelchaparral.com\/sv\/golfbana-historia-costa-del-sol-marbella-mijas\/\" \/>\n<meta property=\"og:site_name\" content=\"El Chaparral\" \/>\n<meta property=\"article:publisher\" content=\"https:\/\/www.facebook.com\/Chaparralgolf\" \/>\n<meta property=\"article:modified_time\" content=\"2020-10-27T12:42:07+00:00\" \/>\n<meta property=\"og:image\" content=\"https:\/\/golfelchaparral.com\/wp-content\/uploads\/2020\/05\/logo-menu.png\" \/>\n\t<meta property=\"og:image:width\" content=\"118\" \/>\n\t<meta property=\"og:image:height\" content=\"70\" \/>\n\t<meta property=\"og:image:type\" content=\"image\/png\" \/>\n<meta name=\"twitter:card\" content=\"summary_large_image\" \/>\n<meta name=\"twitter:site\" content=\"@ChaparralGC\" \/>\n<meta name=\"twitter:label1\" content=\"Est. reading time\" \/>\n\t<meta name=\"twitter:data1\" content=\"1 minute\" \/>\n<script type=\"application\/ld+json\" class=\"yoast-schema-graph\">{\"@context\":\"https:\\\/\\\/schema.org\",\"@graph\":[{\"@type\":\"WebPage\",\"@id\":\"https:\\\/\\\/golfelchaparral.com\\\/sv\\\/golfbana-historia-costa-del-sol-marbella-mijas\\\/\",\"url\":\"https:\\\/\\\/golfelchaparral.com\\\/sv\\\/golfbana-historia-costa-del-sol-marbella-mijas\\\/\",\"name\":\"Chaparral Golfklubbs historia,banan byggdes 1991 i Mijas Costa\",\"isPartOf\":{\"@id\":\"https:\\\/\\\/golfelchaparral.com\\\/en\\\/#website\"},\"datePublished\":\"2020-05-21T09:15:55+00:00\",\"dateModified\":\"2020-10-27T12:42:07+00:00\",\"description\":\"Chaparral Golfklubb \u00e4r en Parkland Forest bana byggd i Mijas 1991 och designad av Pepe Gancedo. En av de b\u00e4sta banorna p\u00e5 Costa del Sol\",\"breadcrumb\":{\"@id\":\"https:\\\/\\\/golfelchaparral.com\\\/sv\\\/golfbana-historia-costa-del-sol-marbella-mijas\\\/#breadcrumb\"},\"inLanguage\":\"sv-SE\",\"potentialAction\":[{\"@type\":\"ReadAction\",\"target\":[\"https:\\\/\\\/golfelchaparral.com\\\/sv\\\/golfbana-historia-costa-del-sol-marbella-mijas\\\/\"]}]},{\"@type\":\"BreadcrumbList\",\"@id\":\"https:\\\/\\\/golfelchaparral.com\\\/sv\\\/golfbana-historia-costa-del-sol-marbella-mijas\\\/#breadcrumb\",\"itemListElement\":[{\"@type\":\"ListItem\",\"position\":1,\"name\":\"Portada\",\"item\":\"https:\\\/\\\/golfelchaparral.com\\\/sv\\\/\"},{\"@type\":\"ListItem\",\"position\":2,\"name\":\"Historia\"}]},{\"@type\":\"WebSite\",\"@id\":\"https:\\\/\\\/golfelchaparral.com\\\/en\\\/#website\",\"url\":\"https:\\\/\\\/golfelchaparral.com\\\/en\\\/\",\"name\":\"Chaparral Golf Club\",\"description\":\"A privileged place close to the sea and surrounded by a pine forest.\",\"potentialAction\":[{\"@type\":\"SearchAction\",\"target\":{\"@type\":\"EntryPoint\",\"urlTemplate\":\"https:\\\/\\\/golfelchaparral.com\\\/en\\\/?s={search_term_string}\"},\"query-input\":{\"@type\":\"PropertyValueSpecification\",\"valueRequired\":true,\"valueName\":\"search_term_string\"}}],\"inLanguage\":\"sv-SE\"}]}<\/script>\n<!-- \/ Yoast SEO Premium plugin. -->","yoast_head_json":{"title":"Chaparral Golfklubbs historia,banan byggdes 1991 i Mijas Costa","description":"Chaparral Golfklubb \u00e4r en Parkland Forest bana byggd i Mijas 1991 och designad av Pepe Gancedo. En av de b\u00e4sta banorna p\u00e5 Costa del Sol","robots":{"index":"index","follow":"follow","max-snippet":"max-snippet:-1","max-image-preview":"max-image-preview:large","max-video-preview":"max-video-preview:-1"},"canonical":"https:\/\/golfelchaparral.com\/sv\/golfbana-historia-costa-del-sol-marbella-mijas\/","og_locale":"sv_SE","og_type":"article","og_title":"Historia","og_description":"Chaparral Golfklubb \u00e4r en Parkland Forest bana byggd i Mijas 1991 och designad av Pepe Gancedo. En av de b\u00e4sta banorna p\u00e5 Costa del Sol","og_url":"https:\/\/golfelchaparral.com\/sv\/golfbana-historia-costa-del-sol-marbella-mijas\/","og_site_name":"El Chaparral","article_publisher":"https:\/\/www.facebook.com\/Chaparralgolf","article_modified_time":"2020-10-27T12:42:07+00:00","og_image":[{"width":118,"height":70,"url":"https:\/\/golfelchaparral.com\/wp-content\/uploads\/2020\/05\/logo-menu.png","type":"image\/png"}],"twitter_card":"summary_large_image","twitter_site":"@ChaparralGC","twitter_misc":{"Est. reading time":"1 minute"},"schema":{"@context":"https:\/\/schema.org","@graph":[{"@type":"WebPage","@id":"https:\/\/golfelchaparral.com\/sv\/golfbana-historia-costa-del-sol-marbella-mijas\/","url":"https:\/\/golfelchaparral.com\/sv\/golfbana-historia-costa-del-sol-marbella-mijas\/","name":"Chaparral Golfklubbs historia,banan byggdes 1991 i Mijas Costa","isPartOf":{"@id":"https:\/\/golfelchaparral.com\/en\/#website"},"datePublished":"2020-05-21T09:15:55+00:00","dateModified":"2020-10-27T12:42:07+00:00","description":"Chaparral Golfklubb \u00e4r en Parkland Forest bana byggd i Mijas 1991 och designad av Pepe Gancedo. En av de b\u00e4sta banorna p\u00e5 Costa del Sol","breadcrumb":{"@id":"https:\/\/golfelchaparral.com\/sv\/golfbana-historia-costa-del-sol-marbella-mijas\/#breadcrumb"},"inLanguage":"sv-SE","potentialAction":[{"@type":"ReadAction","target":["https:\/\/golfelchaparral.com\/sv\/golfbana-historia-costa-del-sol-marbella-mijas\/"]}]},{"@type":"BreadcrumbList","@id":"https:\/\/golfelchaparral.com\/sv\/golfbana-historia-costa-del-sol-marbella-mijas\/#breadcrumb","itemListElement":[{"@type":"ListItem","position":1,"name":"Portada","item":"https:\/\/golfelchaparral.com\/sv\/"},{"@type":"ListItem","position":2,"name":"Historia"}]},{"@type":"WebSite","@id":"https:\/\/golfelchaparral.com\/en\/#website","url":"https:\/\/golfelchaparral.com\/en\/","name":"Chaparral Golf Club","description":"A privileged place close to the sea and surrounded by a pine forest.","potentialAction":[{"@type":"SearchAction","target":{"@type":"EntryPoint","urlTemplate":"https:\/\/golfelchaparral.com\/en\/?s={search_term_string}"},"query-input":{"@type":"PropertyValueSpecification","valueRequired":true,"valueName":"search_term_string"}}],"inLanguage":"sv-SE"}]}},"_links":{"self":[{"href":"https:\/\/golfelchaparral.com\/sv\/wp-json\/wp\/v2\/pages\/22320","targetHints":{"allow":["GET"]}}],"collection":[{"href":"https:\/\/golfelchaparral.com\/sv\/wp-json\/wp\/v2\/pages"}],"about":[{"href":"https:\/\/golfelchaparral.com\/sv\/wp-json\/wp\/v2\/types\/page"}],"author":[{"embeddable":true,"href":"https:\/\/golfelchaparral.com\/sv\/wp-json\/wp\/v2\/users\/3"}],"replies":[{"embeddable":true,"href":"https:\/\/golfelchaparral.com\/sv\/wp-json\/wp\/v2\/comments?post=22320"}],"version-history":[{"count":0,"href":"https:\/\/golfelchaparral.com\/sv\/wp-json\/wp\/v2\/pages\/22320\/revisions"}],"wp:attachment":[{"href":"https:\/\/golfelchaparral.com\/sv\/wp-json\/wp\/v2\/media?parent=22320"}],"curies":[{"name":"wp","href":"https:\/\/api.w.org\/{rel}","templated":true}]}}