{"id":22327,"date":"2020-05-21T09:29:39","date_gmt":"2020-05-21T09:29:39","guid":{"rendered":"https:\/\/golfelchaparral.com\/?page_id=22327"},"modified":"2020-06-18T20:19:19","modified_gmt":"2020-06-18T20:19:19","slug":"golfbutik","status":"publish","type":"page","link":"https:\/\/golfelchaparral.com\/sv\/golfbutik\/","title":{"rendered":"Golfbutik"},"content":{"rendered":"\t\t<div data-elementor-type=\"wp-page\" data-elementor-id=\"22327\" class=\"elementor elementor-22327 elementor-21037\" data-elementor-post-type=\"page\">\n\t\t\t\t\t\t<section class=\"elementor-section elementor-top-section elementor-element elementor-element-7733a9b0 elementor-section-boxed elementor-section-height-default elementor-section-height-default\" data-id=\"7733a9b0\" data-element_type=\"section\" data-e-type=\"section\">\n\t\t\t\t\t\t<div class=\"elementor-container elementor-column-gap-default\">\n\t\t\t\t\t<div class=\"elementor-column elementor-col-100 elementor-top-column elementor-element elementor-element-3615ec08\" data-id=\"3615ec08\" data-element_type=\"column\" data-e-type=\"column\">\n\t\t\t<div class=\"elementor-widget-wrap elementor-element-populated\">\n\t\t\t\t\t\t<div class=\"elementor-element elementor-element-119ce76c elementor-widget elementor-widget-heading\" data-id=\"119ce76c\" data-element_type=\"widget\" data-e-type=\"widget\" data-widget_type=\"heading.default\">\n\t\t\t\t<div class=\"elementor-widget-container\">\n\t\t\t\t\t<h1 class=\"elementor-heading-title elementor-size-default\">Golfbutik<\/h1>\t\t\t\t<\/div>\n\t\t\t\t<\/div>\n\t\t\t\t<div class=\"elementor-element elementor-element-432e7f2b elementor-widget-divider--view-line elementor-widget elementor-widget-divider\" data-id=\"432e7f2b\" data-element_type=\"widget\" data-e-type=\"widget\" data-widget_type=\"divider.default\">\n\t\t\t\t<div class=\"elementor-widget-container\">\n\t\t\t\t\t\t\t<div class=\"elementor-divider\">\n\t\t\t<span class=\"elementor-divider-separator\">\n\t\t\t\t\t\t<\/span>\n\t\t<\/div>\n\t\t\t\t\t\t<\/div>\n\t\t\t\t<\/div>\n\t\t\t\t\t<\/div>\n\t\t<\/div>\n\t\t\t\t\t<\/div>\n\t\t<\/section>\n\t\t\t\t<section class=\"elementor-section elementor-top-section elementor-element elementor-element-4a3e4ff4 elementor-section-stretched elementor-section-content-middle elementor-reverse-mobile elementor-section-boxed elementor-section-height-default elementor-section-height-default\" data-id=\"4a3e4ff4\" data-element_type=\"section\" data-e-type=\"section\" data-settings=\"{&quot;stretch_section&quot;:&quot;section-stretched&quot;}\">\n\t\t\t\t\t\t<div class=\"elementor-container elementor-column-gap-default\">\n\t\t\t\t\t<div class=\"elementor-column elementor-col-50 elementor-top-column elementor-element elementor-element-367bc6c5\" data-id=\"367bc6c5\" data-element_type=\"column\" data-e-type=\"column\" data-settings=\"{&quot;background_background&quot;:&quot;classic&quot;}\">\n\t\t\t<div class=\"elementor-widget-wrap elementor-element-populated\">\n\t\t\t\t\t\t<div class=\"elementor-element elementor-element-62b97e3b elementor-widget elementor-widget-spacer\" data-id=\"62b97e3b\" data-element_type=\"widget\" data-e-type=\"widget\" data-widget_type=\"spacer.default\">\n\t\t\t\t<div class=\"elementor-widget-container\">\n\t\t\t\t\t\t\t<div class=\"elementor-spacer\">\n\t\t\t<div class=\"elementor-spacer-inner\"><\/div>\n\t\t<\/div>\n\t\t\t\t\t\t<\/div>\n\t\t\t\t<\/div>\n\t\t\t\t\t<\/div>\n\t\t<\/div>\n\t\t\t\t<div class=\"elementor-column elementor-col-50 elementor-top-column elementor-element elementor-element-4a4cb26d\" data-id=\"4a4cb26d\" data-element_type=\"column\" data-e-type=\"column\" data-settings=\"{&quot;background_background&quot;:&quot;classic&quot;}\">\n\t\t\t<div class=\"elementor-widget-wrap elementor-element-populated\">\n\t\t\t\t\t\t<div class=\"elementor-element elementor-element-2341f719 elementor-widget elementor-widget-text-editor\" data-id=\"2341f719\" data-element_type=\"widget\" data-e-type=\"widget\" data-widget_type=\"text-editor.default\">\n\t\t\t\t<div class=\"elementor-widget-container\">\n\t\t\t\t\t\t\t\t\t\n<p>I v\u00e5r Pro Shop kommer du att bli bem\u00f6tt av v\u00e5r kunniga personal.<\/p>\n<p>Vi har ett brett utbud av produkter fr\u00e5n de b\u00e4sta m\u00e4rkena p\u00e5 marknaden f\u00f6r b\u00e5de kvinnor och m\u00e4n.<\/p>\n<p>V\u00e5ra kollektioner h\u00e5lls alltid uppdaterade med de senaste tendenserna inom sektorn.<\/p>\n<p>Chaparral Golfklubb \u00e4r k\u00e4nd f\u00f6r sin varma, v\u00e4nliga och professionella kundtj\u00e4nst.<\/p>\n\t\t\t\t\t\t\t\t<\/div>\n\t\t\t\t<\/div>\n\t\t\t\t<div class=\"elementor-element elementor-element-54e96a13 elementor-blockquote--skin-border elementor-widget elementor-widget-blockquote\" data-id=\"54e96a13\" data-element_type=\"widget\" data-e-type=\"widget\" data-widget_type=\"blockquote.default\">\n\t\t\t\t<div class=\"elementor-widget-container\">\n\t\t\t\t\t\t\t<blockquote class=\"elementor-blockquote\">\n\t\t\t<p class=\"elementor-blockquote__content\">\n\t\t\t\tOm du beh\u00f6ver hj\u00e4lp eller r\u00e5d vad g\u00e4ller ditt ink\u00f6p hj\u00e4lper v\u00e5r personal g\u00e4rna till.\n\t\t\t<\/p>\n\t\t\t\t\t<\/blockquote>\n\t\t\t\t\t\t<\/div>\n\t\t\t\t<\/div>\n\t\t\t\t\t<\/div>\n\t\t<\/div>\n\t\t\t\t\t<\/div>\n\t\t<\/section>\n\t\t\t\t<section class=\"elementor-section elementor-top-section elementor-element elementor-element-415af5b elementor-section-stretched elementor-section-content-middle elementor-section-boxed elementor-section-height-default elementor-section-height-default\" data-id=\"415af5b\" data-element_type=\"section\" data-e-type=\"section\" data-settings=\"{&quot;stretch_section&quot;:&quot;section-stretched&quot;}\">\n\t\t\t\t\t\t<div class=\"elementor-container elementor-column-gap-default\">\n\t\t\t\t\t<div class=\"elementor-column elementor-col-50 elementor-top-column elementor-element elementor-element-dea6e9e\" data-id=\"dea6e9e\" data-element_type=\"column\" data-e-type=\"column\" data-settings=\"{&quot;background_background&quot;:&quot;classic&quot;}\">\n\t\t\t<div class=\"elementor-widget-wrap elementor-element-populated\">\n\t\t\t\t\t\t<div class=\"elementor-element elementor-element-5a38b86e elementor-widget elementor-widget-text-editor\" data-id=\"5a38b86e\" data-element_type=\"widget\" data-e-type=\"widget\" data-widget_type=\"text-editor.default\">\n\t\t\t\t<div class=\"elementor-widget-container\">\n\t\t\t\t\t\t\t\t\t<p>Vi har erbjudanden och rabatt p\u00e5 golfkl\u00e4der och tillbeh\u00f6r under hela \u00e5ret.<\/p>\n<p>Kom och bes\u00f6k oss!<\/p>\t\t\t\t\t\t\t\t<\/div>\n\t\t\t\t<\/div>\n\t\t\t\t<div class=\"elementor-element elementor-element-2ed895bb elementor-blockquote--skin-border elementor-widget elementor-widget-blockquote\" data-id=\"2ed895bb\" data-element_type=\"widget\" data-e-type=\"widget\" data-widget_type=\"blockquote.default\">\n\t\t\t\t<div class=\"elementor-widget-container\">\n\t\t\t\t\t\t\t<blockquote class=\"elementor-blockquote\">\n\t\t\t<p class=\"elementor-blockquote__content\">\n\t\t\t\tF\u00f6rb\u00e4ttra utrustning, swing och teknik med oss!\n\t\t\t<\/p>\n\t\t\t\t\t<\/blockquote>\n\t\t\t\t\t\t<\/div>\n\t\t\t\t<\/div>\n\t\t\t\t<div class=\"elementor-element elementor-element-7bb0e065 elementor-widget elementor-widget-spacer\" data-id=\"7bb0e065\" data-element_type=\"widget\" data-e-type=\"widget\" data-widget_type=\"spacer.default\">\n\t\t\t\t<div class=\"elementor-widget-container\">\n\t\t\t\t\t\t\t<div class=\"elementor-spacer\">\n\t\t\t<div class=\"elementor-spacer-inner\"><\/div>\n\t\t<\/div>\n\t\t\t\t\t\t<\/div>\n\t\t\t\t<\/div>\n\t\t\t\t<div class=\"elementor-element elementor-element-49df8a53 elementor-align-center elementor-widget elementor-widget-button\" data-id=\"49df8a53\" data-element_type=\"widget\" data-e-type=\"widget\" data-widget_type=\"button.default\">\n\t\t\t\t<div class=\"elementor-widget-container\">\n\t\t\t\t\t\t\t\t\t<div class=\"elementor-button-wrapper\">\n\t\t\t\t\t<a class=\"elementor-button elementor-button-link elementor-size-sm\" href=\"mailto:reservas@golfelchaparral.com\">\n\t\t\t\t\t\t<span class=\"elementor-button-content-wrapper\">\n\t\t\t\t\t\t\t\t\t<span class=\"elementor-button-text\">Kontakta oss<\/span>\n\t\t\t\t\t<\/span>\n\t\t\t\t\t<\/a>\n\t\t\t\t<\/div>\n\t\t\t\t\t\t\t\t<\/div>\n\t\t\t\t<\/div>\n\t\t\t\t\t<\/div>\n\t\t<\/div>\n\t\t\t\t<div class=\"elementor-column elementor-col-50 elementor-top-column elementor-element elementor-element-604aa6f9\" data-id=\"604aa6f9\" data-element_type=\"column\" data-e-type=\"column\" data-settings=\"{&quot;background_background&quot;:&quot;classic&quot;}\">\n\t\t\t<div class=\"elementor-widget-wrap elementor-element-populated\">\n\t\t\t\t\t\t<div class=\"elementor-element elementor-element-4679c3cf elementor-widget elementor-widget-spacer\" data-id=\"4679c3cf\" data-element_type=\"widget\" data-e-type=\"widget\" data-widget_type=\"spacer.default\">\n\t\t\t\t<div class=\"elementor-widget-container\">\n\t\t\t\t\t\t\t<div class=\"elementor-spacer\">\n\t\t\t<div class=\"elementor-spacer-inner\"><\/div>\n\t\t<\/div>\n\t\t\t\t\t\t<\/div>\n\t\t\t\t<\/div>\n\t\t\t\t\t<\/div>\n\t\t<\/div>\n\t\t\t\t\t<\/div>\n\t\t<\/section>\n\t\t\t\t<section class=\"elementor-section elementor-top-section elementor-element elementor-element-3e7c271 elementor-section-boxed elementor-section-height-default elementor-section-height-default\" data-id=\"3e7c271\" data-element_type=\"section\" data-e-type=\"section\">\n\t\t\t\t\t\t<div class=\"elementor-container elementor-column-gap-default\">\n\t\t\t\t\t<div class=\"elementor-column elementor-col-100 elementor-top-column elementor-element elementor-element-5c4958f0\" data-id=\"5c4958f0\" data-element_type=\"column\" data-e-type=\"column\">\n\t\t\t<div class=\"elementor-widget-wrap elementor-element-populated\">\n\t\t\t\t\t\t<div class=\"elementor-element elementor-element-620474ad elementor-widget elementor-widget-spacer\" data-id=\"620474ad\" data-element_type=\"widget\" data-e-type=\"widget\" data-widget_type=\"spacer.default\">\n\t\t\t\t<div class=\"elementor-widget-container\">\n\t\t\t\t\t\t\t<div class=\"elementor-spacer\">\n\t\t\t<div class=\"elementor-spacer-inner\"><\/div>\n\t\t<\/div>\n\t\t\t\t\t\t<\/div>\n\t\t\t\t<\/div>\n\t\t\t\t\t<\/div>\n\t\t<\/div>\n\t\t\t\t\t<\/div>\n\t\t<\/section>\n\t\t\t\t<\/div>\n\t\t","protected":false},"excerpt":{"rendered":"<p>I v\u00e5r Pro Shop kommer du att bli bem\u00f6tt av v\u00e5r kunniga personal. Vi har ett brett utbud av produkter fr\u00e5n de b\u00e4sta m\u00e4rkena p\u00e5 marknaden f\u00f6r b\u00e5de kvinnor och m\u00e4n. V\u00e5ra kollektioner h\u00e5lls alltid uppdaterade med de senaste tendenserna inom sektorn. Chaparral Golfklubb \u00e4r k\u00e4nd f\u00f6r sin varma, v\u00e4nliga och professionella kundtj\u00e4nst. Om du &#8230; <a title=\"Golfbutik\" class=\"read-more\" href=\"https:\/\/golfelchaparral.com\/sv\/golfbutik\/\" aria-label=\"Read more about Golfbutik\">L\u00e4s mer<\/a><\/p>\n","protected":false},"author":3,"featured_media":0,"parent":0,"menu_order":0,"comment_status":"closed","ping_status":"closed","template":"","meta":{"footnotes":""},"class_list":["post-22327","page","type-page","status-publish"],"yoast_head":"<!-- This site is optimized with the Yoast SEO Premium plugin v27.2 (Yoast SEO v27.2) - https:\/\/yoast.com\/product\/yoast-seo-premium-wordpress\/ -->\n<title>Golfbutik - El Chaparral<\/title>\n<meta name=\"robots\" content=\"index, follow, max-snippet:-1, max-image-preview:large, max-video-preview:-1\" \/>\n<link rel=\"canonical\" href=\"https:\/\/golfelchaparral.com\/sv\/golfbutik\/\" \/>\n<meta property=\"og:locale\" content=\"sv_SE\" \/>\n<meta property=\"og:type\" content=\"article\" \/>\n<meta property=\"og:title\" content=\"Golfbutik\" \/>\n<meta property=\"og:description\" content=\"I v\u00e5r Pro Shop kommer du att bli bem\u00f6tt av v\u00e5r kunniga personal. Vi har ett brett utbud av produkter fr\u00e5n de b\u00e4sta m\u00e4rkena p\u00e5 marknaden f\u00f6r b\u00e5de kvinnor och m\u00e4n. V\u00e5ra kollektioner h\u00e5lls alltid uppdaterade med de senaste tendenserna inom sektorn. Chaparral Golfklubb \u00e4r k\u00e4nd f\u00f6r sin varma, v\u00e4nliga och professionella kundtj\u00e4nst. Om du ... L\u00e4s mer\" \/>\n<meta property=\"og:url\" content=\"https:\/\/golfelchaparral.com\/sv\/golfbutik\/\" \/>\n<meta property=\"og:site_name\" content=\"El Chaparral\" \/>\n<meta property=\"article:publisher\" content=\"https:\/\/www.facebook.com\/Chaparralgolf\" \/>\n<meta property=\"article:modified_time\" content=\"2020-06-18T20:19:19+00:00\" \/>\n<meta property=\"og:image\" content=\"https:\/\/golfelchaparral.com\/wp-content\/uploads\/2020\/05\/logo-menu.png\" \/>\n\t<meta property=\"og:image:width\" content=\"118\" \/>\n\t<meta property=\"og:image:height\" content=\"70\" \/>\n\t<meta property=\"og:image:type\" content=\"image\/png\" \/>\n<meta name=\"twitter:card\" content=\"summary_large_image\" \/>\n<meta name=\"twitter:site\" content=\"@ChaparralGC\" \/>\n<meta name=\"twitter:label1\" content=\"Est. reading time\" \/>\n\t<meta name=\"twitter:data1\" content=\"1 minute\" \/>\n<script type=\"application\/ld+json\" class=\"yoast-schema-graph\">{\"@context\":\"https:\/\/schema.org\",\"@graph\":[{\"@type\":\"WebPage\",\"@id\":\"https:\/\/golfelchaparral.com\/sv\/golfbutik\/\",\"url\":\"https:\/\/golfelchaparral.com\/sv\/golfbutik\/\",\"name\":\"Golfbutik - El Chaparral\",\"isPartOf\":{\"@id\":\"https:\/\/golfelchaparral.com\/en\/#website\"},\"datePublished\":\"2020-05-21T09:29:39+00:00\",\"dateModified\":\"2020-06-18T20:19:19+00:00\",\"breadcrumb\":{\"@id\":\"https:\/\/golfelchaparral.com\/sv\/golfbutik\/#breadcrumb\"},\"inLanguage\":\"sv-SE\",\"potentialAction\":[{\"@type\":\"ReadAction\",\"target\":[\"https:\/\/golfelchaparral.com\/sv\/golfbutik\/\"]}]},{\"@type\":\"BreadcrumbList\",\"@id\":\"https:\/\/golfelchaparral.com\/sv\/golfbutik\/#breadcrumb\",\"itemListElement\":[{\"@type\":\"ListItem\",\"position\":1,\"name\":\"Portada\",\"item\":\"https:\/\/golfelchaparral.com\/sv\/\"},{\"@type\":\"ListItem\",\"position\":2,\"name\":\"Golfbutik\"}]},{\"@type\":\"WebSite\",\"@id\":\"https:\/\/golfelchaparral.com\/en\/#website\",\"url\":\"https:\/\/golfelchaparral.com\/en\/\",\"name\":\"Chaparral Golf Club\",\"description\":\"A privileged place close to the sea and surrounded by a pine forest.\",\"potentialAction\":[{\"@type\":\"SearchAction\",\"target\":{\"@type\":\"EntryPoint\",\"urlTemplate\":\"https:\/\/golfelchaparral.com\/en\/?s={search_term_string}\"},\"query-input\":{\"@type\":\"PropertyValueSpecification\",\"valueRequired\":true,\"valueName\":\"search_term_string\"}}],\"inLanguage\":\"sv-SE\"}]}<\/script>\n<!-- \/ Yoast SEO Premium plugin. -->","yoast_head_json":{"title":"Golfbutik - El Chaparral","robots":{"index":"index","follow":"follow","max-snippet":"max-snippet:-1","max-image-preview":"max-image-preview:large","max-video-preview":"max-video-preview:-1"},"canonical":"https:\/\/golfelchaparral.com\/sv\/golfbutik\/","og_locale":"sv_SE","og_type":"article","og_title":"Golfbutik","og_description":"I v\u00e5r Pro Shop kommer du att bli bem\u00f6tt av v\u00e5r kunniga personal. Vi har ett brett utbud av produkter fr\u00e5n de b\u00e4sta m\u00e4rkena p\u00e5 marknaden f\u00f6r b\u00e5de kvinnor och m\u00e4n. V\u00e5ra kollektioner h\u00e5lls alltid uppdaterade med de senaste tendenserna inom sektorn. Chaparral Golfklubb \u00e4r k\u00e4nd f\u00f6r sin varma, v\u00e4nliga och professionella kundtj\u00e4nst. Om du ... L\u00e4s mer","og_url":"https:\/\/golfelchaparral.com\/sv\/golfbutik\/","og_site_name":"El Chaparral","article_publisher":"https:\/\/www.facebook.com\/Chaparralgolf","article_modified_time":"2020-06-18T20:19:19+00:00","og_image":[{"width":118,"height":70,"url":"https:\/\/golfelchaparral.com\/wp-content\/uploads\/2020\/05\/logo-menu.png","type":"image\/png"}],"twitter_card":"summary_large_image","twitter_site":"@ChaparralGC","twitter_misc":{"Est. reading time":"1 minute"},"schema":{"@context":"https:\/\/schema.org","@graph":[{"@type":"WebPage","@id":"https:\/\/golfelchaparral.com\/sv\/golfbutik\/","url":"https:\/\/golfelchaparral.com\/sv\/golfbutik\/","name":"Golfbutik - El Chaparral","isPartOf":{"@id":"https:\/\/golfelchaparral.com\/en\/#website"},"datePublished":"2020-05-21T09:29:39+00:00","dateModified":"2020-06-18T20:19:19+00:00","breadcrumb":{"@id":"https:\/\/golfelchaparral.com\/sv\/golfbutik\/#breadcrumb"},"inLanguage":"sv-SE","potentialAction":[{"@type":"ReadAction","target":["https:\/\/golfelchaparral.com\/sv\/golfbutik\/"]}]},{"@type":"BreadcrumbList","@id":"https:\/\/golfelchaparral.com\/sv\/golfbutik\/#breadcrumb","itemListElement":[{"@type":"ListItem","position":1,"name":"Portada","item":"https:\/\/golfelchaparral.com\/sv\/"},{"@type":"ListItem","position":2,"name":"Golfbutik"}]},{"@type":"WebSite","@id":"https:\/\/golfelchaparral.com\/en\/#website","url":"https:\/\/golfelchaparral.com\/en\/","name":"Chaparral Golf Club","description":"A privileged place close to the sea and surrounded by a pine forest.","potentialAction":[{"@type":"SearchAction","target":{"@type":"EntryPoint","urlTemplate":"https:\/\/golfelchaparral.com\/en\/?s={search_term_string}"},"query-input":{"@type":"PropertyValueSpecification","valueRequired":true,"valueName":"search_term_string"}}],"inLanguage":"sv-SE"}]}},"_links":{"self":[{"href":"https:\/\/golfelchaparral.com\/sv\/wp-json\/wp\/v2\/pages\/22327","targetHints":{"allow":["GET"]}}],"collection":[{"href":"https:\/\/golfelchaparral.com\/sv\/wp-json\/wp\/v2\/pages"}],"about":[{"href":"https:\/\/golfelchaparral.com\/sv\/wp-json\/wp\/v2\/types\/page"}],"author":[{"embeddable":true,"href":"https:\/\/golfelchaparral.com\/sv\/wp-json\/wp\/v2\/users\/3"}],"replies":[{"embeddable":true,"href":"https:\/\/golfelchaparral.com\/sv\/wp-json\/wp\/v2\/comments?post=22327"}],"version-history":[{"count":0,"href":"https:\/\/golfelchaparral.com\/sv\/wp-json\/wp\/v2\/pages\/22327\/revisions"}],"wp:attachment":[{"href":"https:\/\/golfelchaparral.com\/sv\/wp-json\/wp\/v2\/media?parent=22327"}],"curies":[{"name":"wp","href":"https:\/\/api.w.org\/{rel}","templated":true}]}}