{"id":22340,"date":"2020-05-21T09:39:18","date_gmt":"2020-05-21T09:39:18","guid":{"rendered":"https:\/\/golfelchaparral.com\/?page_id=22340"},"modified":"2024-02-22T11:58:47","modified_gmt":"2024-02-22T11:58:47","slug":"restaurang-snack-bar","status":"publish","type":"page","link":"https:\/\/golfelchaparral.com\/sv\/restaurang-snack-bar\/","title":{"rendered":"Restaurang"},"content":{"rendered":"\t\t<div data-elementor-type=\"wp-page\" data-elementor-id=\"22340\" class=\"elementor elementor-22340 elementor-21039\" data-elementor-post-type=\"page\">\n\t\t\t\t\t\t<section class=\"elementor-section elementor-top-section elementor-element elementor-element-7fe763b5 elementor-section-boxed elementor-section-height-default elementor-section-height-default\" data-id=\"7fe763b5\" data-element_type=\"section\" data-e-type=\"section\">\n\t\t\t\t\t\t<div class=\"elementor-container elementor-column-gap-default\">\n\t\t\t\t\t<div class=\"elementor-column elementor-col-100 elementor-top-column elementor-element elementor-element-71f8eb1f\" data-id=\"71f8eb1f\" data-element_type=\"column\" data-e-type=\"column\">\n\t\t\t<div class=\"elementor-widget-wrap elementor-element-populated\">\n\t\t\t\t\t\t<div class=\"elementor-element elementor-element-4b0c9232 elementor-widget elementor-widget-heading\" data-id=\"4b0c9232\" data-element_type=\"widget\" data-e-type=\"widget\" data-widget_type=\"heading.default\">\n\t\t\t\t<div class=\"elementor-widget-container\">\n\t\t\t\t\t<h1 class=\"elementor-heading-title elementor-size-default\">Restaurang<\/h1>\t\t\t\t<\/div>\n\t\t\t\t<\/div>\n\t\t\t\t<div class=\"elementor-element elementor-element-6fb37fc8 elementor-widget-divider--view-line elementor-widget elementor-widget-divider\" data-id=\"6fb37fc8\" data-element_type=\"widget\" data-e-type=\"widget\" data-widget_type=\"divider.default\">\n\t\t\t\t<div class=\"elementor-widget-container\">\n\t\t\t\t\t\t\t<div class=\"elementor-divider\">\n\t\t\t<span class=\"elementor-divider-separator\">\n\t\t\t\t\t\t<\/span>\n\t\t<\/div>\n\t\t\t\t\t\t<\/div>\n\t\t\t\t<\/div>\n\t\t\t\t\t<\/div>\n\t\t<\/div>\n\t\t\t\t\t<\/div>\n\t\t<\/section>\n\t\t\t\t<section class=\"elementor-section elementor-top-section elementor-element elementor-element-14e5217 elementor-section-stretched elementor-section-content-middle elementor-section-boxed elementor-section-height-default elementor-section-height-default\" data-id=\"14e5217\" data-element_type=\"section\" data-e-type=\"section\" data-settings=\"{&quot;stretch_section&quot;:&quot;section-stretched&quot;}\">\n\t\t\t\t\t\t<div class=\"elementor-container elementor-column-gap-default\">\n\t\t\t\t\t<div class=\"elementor-column elementor-col-50 elementor-top-column elementor-element elementor-element-7c2a1f16\" data-id=\"7c2a1f16\" data-element_type=\"column\" data-e-type=\"column\" data-settings=\"{&quot;background_background&quot;:&quot;classic&quot;}\">\n\t\t\t<div class=\"elementor-widget-wrap elementor-element-populated\">\n\t\t\t\t\t\t<div class=\"elementor-element elementor-element-25be2395 elementor-widget elementor-widget-spacer\" data-id=\"25be2395\" data-element_type=\"widget\" data-e-type=\"widget\" data-widget_type=\"spacer.default\">\n\t\t\t\t<div class=\"elementor-widget-container\">\n\t\t\t\t\t\t\t<div class=\"elementor-spacer\">\n\t\t\t<div class=\"elementor-spacer-inner\"><\/div>\n\t\t<\/div>\n\t\t\t\t\t\t<\/div>\n\t\t\t\t<\/div>\n\t\t\t\t\t<\/div>\n\t\t<\/div>\n\t\t\t\t<div class=\"elementor-column elementor-col-50 elementor-top-column elementor-element elementor-element-36e4f802\" data-id=\"36e4f802\" data-element_type=\"column\" data-e-type=\"column\" data-settings=\"{&quot;background_background&quot;:&quot;classic&quot;}\">\n\t\t\t<div class=\"elementor-widget-wrap elementor-element-populated\">\n\t\t\t\t\t\t<div class=\"elementor-element elementor-element-126a68dd elementor-widget elementor-widget-text-editor\" data-id=\"126a68dd\" data-element_type=\"widget\" data-e-type=\"widget\" data-widget_type=\"text-editor.default\">\n\t\t\t\t<div class=\"elementor-widget-container\">\n\t\t\t\t\t\t\t\t\t<p><strong>The Green Label Restaurant<\/strong>\u00a0 \u00e4r en av de mest popul\u00e4ra golfrestaurangerna p\u00e5 Costa del Sol och \u00e4r den naturliga m\u00f6tesplatsen f\u00f6r golfare och boende i omr\u00e5det. Den \u00e4r k\u00e4nd f\u00f6r sin service, kvalitet, varierande r\u00e4tter och f\u00f6r sin fantastiska terrass med oslagbar utsikt \u00f6ver Medelhavet, Marocko och Gibraltar.<\/p><p>Njut av autentisk andalusisk mat med en modern touch och en europeisk twist i v\u00e5r charmiga restaurang precis vid golfbanan.<\/p>\t\t\t\t\t\t\t\t<\/div>\n\t\t\t\t<\/div>\n\t\t\t\t<div class=\"elementor-element elementor-element-4ad10734 elementor-blockquote--skin-border elementor-widget elementor-widget-blockquote\" data-id=\"4ad10734\" data-element_type=\"widget\" data-e-type=\"widget\" data-widget_type=\"blockquote.default\">\n\t\t\t\t<div class=\"elementor-widget-container\">\n\t\t\t\t\t\t\t<blockquote class=\"elementor-blockquote\">\n\t\t\t<p class=\"elementor-blockquote__content\">\n\t\t\t\tNjut av autentisk andalusisk mat med en modern, europeisk twist i v\u00e5r charmiga restaurang bredvid golfbanan.\n\t\t\t<\/p>\n\t\t\t\t\t<\/blockquote>\n\t\t\t\t\t\t<\/div>\n\t\t\t\t<\/div>\n\t\t\t\t\t<\/div>\n\t\t<\/div>\n\t\t\t\t\t<\/div>\n\t\t<\/section>\n\t\t\t\t<section class=\"elementor-section elementor-top-section elementor-element elementor-element-3c53cb0a elementor-section-stretched elementor-section-content-middle elementor-reverse-mobile elementor-section-boxed elementor-section-height-default elementor-section-height-default\" data-id=\"3c53cb0a\" data-element_type=\"section\" data-e-type=\"section\" data-settings=\"{&quot;stretch_section&quot;:&quot;section-stretched&quot;}\">\n\t\t\t\t\t\t<div class=\"elementor-container elementor-column-gap-default\">\n\t\t\t\t\t<div class=\"elementor-column elementor-col-50 elementor-top-column elementor-element elementor-element-5718c2f4\" data-id=\"5718c2f4\" data-element_type=\"column\" data-e-type=\"column\" data-settings=\"{&quot;background_background&quot;:&quot;classic&quot;}\">\n\t\t\t<div class=\"elementor-widget-wrap elementor-element-populated\">\n\t\t\t\t\t\t<div class=\"elementor-element elementor-element-2cd858eb elementor-widget elementor-widget-text-editor\" data-id=\"2cd858eb\" data-element_type=\"widget\" data-e-type=\"widget\" data-widget_type=\"text-editor.default\">\n\t\t\t\t<div class=\"elementor-widget-container\">\n\t\t\t\t\t\t\t\t\t<p>De lokala ingredienserna f\u00f6r s\u00e4songen tas i beaktning n\u00e4r menyn f\u00f6rbereds och de h\u00e4lsosamma \u00a0r\u00e4tterna \u00e4r l\u00e4tta och uppfriskande, omsorgsfullt utformade och tilllagade med naturliga och organiska ingredienser<\/p><p><strong>The Green Label <\/strong>har utm\u00e4rkta faciliteter, (matsal, konferensrum och en stor terrass) och \u00e4r den perfekta platsen f\u00f6r b\u00e5de privata och korporativa evenemang under hela \u00e5ret.<\/p>\t\t\t\t\t\t\t\t<\/div>\n\t\t\t\t<\/div>\n\t\t\t\t<div class=\"elementor-element elementor-element-182376e4 elementor-blockquote--skin-border elementor-widget elementor-widget-blockquote\" data-id=\"182376e4\" data-element_type=\"widget\" data-e-type=\"widget\" data-widget_type=\"blockquote.default\">\n\t\t\t\t<div class=\"elementor-widget-container\">\n\t\t\t\t\t\t\t<blockquote class=\"elementor-blockquote\">\n\t\t\t<p class=\"elementor-blockquote__content\">\n\t\t\t\tDe h\u00e4lsosamma r\u00e4tterna \u00e4r l\u00e4tta och uppfriskande, omsorgsfullt utformade och tilllagade med naturliga och organiska ingredienser.\n\t\t\t<\/p>\n\t\t\t\t\t<\/blockquote>\n\t\t\t\t\t\t<\/div>\n\t\t\t\t<\/div>\n\t\t\t\t\t<\/div>\n\t\t<\/div>\n\t\t\t\t<div class=\"elementor-column elementor-col-50 elementor-top-column elementor-element elementor-element-12ec258d\" data-id=\"12ec258d\" data-element_type=\"column\" data-e-type=\"column\" data-settings=\"{&quot;background_background&quot;:&quot;classic&quot;}\">\n\t\t\t<div class=\"elementor-widget-wrap elementor-element-populated\">\n\t\t\t\t\t\t<div class=\"elementor-element elementor-element-6e955c69 elementor-widget elementor-widget-spacer\" data-id=\"6e955c69\" data-element_type=\"widget\" data-e-type=\"widget\" data-widget_type=\"spacer.default\">\n\t\t\t\t<div class=\"elementor-widget-container\">\n\t\t\t\t\t\t\t<div class=\"elementor-spacer\">\n\t\t\t<div class=\"elementor-spacer-inner\"><\/div>\n\t\t<\/div>\n\t\t\t\t\t\t<\/div>\n\t\t\t\t<\/div>\n\t\t\t\t\t<\/div>\n\t\t<\/div>\n\t\t\t\t\t<\/div>\n\t\t<\/section>\n\t\t\t\t<section class=\"elementor-section elementor-top-section elementor-element elementor-element-32f5e643 elementor-section-stretched elementor-section-boxed elementor-section-height-default elementor-section-height-default\" data-id=\"32f5e643\" data-element_type=\"section\" data-e-type=\"section\" data-settings=\"{&quot;stretch_section&quot;:&quot;section-stretched&quot;,&quot;background_background&quot;:&quot;classic&quot;}\">\n\t\t\t\t\t\t<div class=\"elementor-container elementor-column-gap-default\">\n\t\t\t\t\t<div class=\"elementor-column elementor-col-100 elementor-top-column elementor-element elementor-element-4d11fedc\" data-id=\"4d11fedc\" data-element_type=\"column\" data-e-type=\"column\" data-settings=\"{&quot;background_background&quot;:&quot;classic&quot;}\">\n\t\t\t<div class=\"elementor-widget-wrap elementor-element-populated\">\n\t\t\t\t\t\t<div class=\"elementor-element elementor-element-2754d43f elementor-cta--layout-image-left elementor-cta--mobile-layout-image-above elementor-cta--skin-classic elementor-animated-content elementor-bg-transform elementor-bg-transform-zoom-in elementor-widget elementor-widget-call-to-action\" data-id=\"2754d43f\" data-element_type=\"widget\" data-e-type=\"widget\" data-widget_type=\"call-to-action.default\">\n\t\t\t\t<div class=\"elementor-widget-container\">\n\t\t\t\t\t\t\t<a class=\"elementor-cta\" href=\"tel:+34686207373\">\n\t\t\t\t\t<div class=\"elementor-cta__bg-wrapper\">\n\t\t\t\t<div class=\"elementor-cta__bg elementor-bg\" style=\"background-image: url(https:\/\/golfelchaparral.com\/wp-content\/uploads\/2024\/02\/IMG_8450-1024x683.jpg);\" role=\"img\" aria-label=\"IMG_8450\"><\/div>\n\t\t\t\t<div class=\"elementor-cta__bg-overlay\"><\/div>\n\t\t\t<\/div>\n\t\t\t\t\t\t\t<div class=\"elementor-cta__content\">\n\t\t\t\t\n\t\t\t\t\t\t\t\t\t<h2 class=\"elementor-cta__title elementor-cta__content-item elementor-content-item\">\n\t\t\t\t\t\tVill du njuta av en unik upplevelse?\t\t\t\t\t<\/h2>\n\t\t\t\t\n\t\t\t\t\t\t\t\t\t<div class=\"elementor-cta__description elementor-cta__content-item elementor-content-item\">\n\t\t\t\t\t\tInformation och bordsreservation i The Green Label<br><br><h3>+34 952 49 39 47<\/h3>\t\t\t\t\t<\/div>\n\t\t\t\t\n\t\t\t\t\t\t\t<\/div>\n\t\t\t\t\t\t<\/a>\n\t\t\t\t\t\t<\/div>\n\t\t\t\t<\/div>\n\t\t\t\t\t<\/div>\n\t\t<\/div>\n\t\t\t\t\t<\/div>\n\t\t<\/section>\n\t\t\t\t<\/div>\n\t\t","protected":false},"excerpt":{"rendered":"<p>The Green Label Restaurant\u00a0 \u00e4r en av de mest popul\u00e4ra golfrestaurangerna p\u00e5 Costa del Sol och \u00e4r den naturliga m\u00f6tesplatsen f\u00f6r golfare och boende i omr\u00e5det. Den \u00e4r k\u00e4nd f\u00f6r sin service, kvalitet, varierande r\u00e4tter och f\u00f6r sin fantastiska terrass med oslagbar utsikt \u00f6ver Medelhavet, Marocko och Gibraltar. Njut av autentisk andalusisk mat med en &#8230; <a title=\"Restaurang\" class=\"read-more\" href=\"https:\/\/golfelchaparral.com\/sv\/restaurang-snack-bar\/\" aria-label=\"Read more about Restaurang\">L\u00e4s mer<\/a><\/p>\n","protected":false},"author":3,"featured_media":0,"parent":0,"menu_order":0,"comment_status":"closed","ping_status":"closed","template":"","meta":{"footnotes":""},"class_list":["post-22340","page","type-page","status-publish"],"yoast_head":"<!-- This site is optimized with the Yoast SEO Premium plugin v27.2 (Yoast SEO v27.2) - https:\/\/yoast.com\/product\/yoast-seo-premium-wordpress\/ -->\n<title>Den b\u00e4sta restaurangen i Mijas, Andalusien \u2013 Costa del Sol<\/title>\n<meta name=\"description\" content=\"Den b\u00e4sta restaurangen och snackbaren p\u00e5 Costa del Sol. Fantastisk terrass med underbar utsikt \u00f6ver naturen och Medelhavet.\" \/>\n<meta name=\"robots\" content=\"index, follow, max-snippet:-1, max-image-preview:large, max-video-preview:-1\" \/>\n<link rel=\"canonical\" href=\"https:\/\/golfelchaparral.com\/sv\/restaurang-snack-bar\/\" \/>\n<meta property=\"og:locale\" content=\"sv_SE\" \/>\n<meta property=\"og:type\" content=\"article\" \/>\n<meta property=\"og:title\" content=\"Restaurang\" \/>\n<meta property=\"og:description\" content=\"Den b\u00e4sta restaurangen och snackbaren p\u00e5 Costa del Sol. Fantastisk terrass med underbar utsikt \u00f6ver naturen och Medelhavet.\" \/>\n<meta property=\"og:url\" content=\"https:\/\/golfelchaparral.com\/sv\/restaurang-snack-bar\/\" \/>\n<meta property=\"og:site_name\" content=\"El Chaparral\" \/>\n<meta property=\"article:publisher\" content=\"https:\/\/www.facebook.com\/Chaparralgolf\" \/>\n<meta property=\"article:modified_time\" content=\"2024-02-22T11:58:47+00:00\" \/>\n<meta property=\"og:image\" content=\"https:\/\/golfelchaparral.com\/wp-content\/uploads\/2020\/05\/logo-menu.png\" \/>\n\t<meta property=\"og:image:width\" content=\"118\" \/>\n\t<meta property=\"og:image:height\" content=\"70\" \/>\n\t<meta property=\"og:image:type\" content=\"image\/png\" \/>\n<meta name=\"twitter:card\" content=\"summary_large_image\" \/>\n<meta name=\"twitter:site\" content=\"@ChaparralGC\" \/>\n<meta name=\"twitter:label1\" content=\"Est. reading time\" \/>\n\t<meta name=\"twitter:data1\" content=\"1 minute\" \/>\n<script type=\"application\/ld+json\" class=\"yoast-schema-graph\">{\"@context\":\"https:\/\/schema.org\",\"@graph\":[{\"@type\":\"WebPage\",\"@id\":\"https:\/\/golfelchaparral.com\/sv\/restaurang-snack-bar\/\",\"url\":\"https:\/\/golfelchaparral.com\/sv\/restaurang-snack-bar\/\",\"name\":\"Den b\u00e4sta restaurangen i Mijas, Andalusien \u2013 Costa del Sol\",\"isPartOf\":{\"@id\":\"https:\/\/golfelchaparral.com\/en\/#website\"},\"datePublished\":\"2020-05-21T09:39:18+00:00\",\"dateModified\":\"2024-02-22T11:58:47+00:00\",\"description\":\"Den b\u00e4sta restaurangen och snackbaren p\u00e5 Costa del Sol. Fantastisk terrass med underbar utsikt \u00f6ver naturen och Medelhavet.\",\"breadcrumb\":{\"@id\":\"https:\/\/golfelchaparral.com\/sv\/restaurang-snack-bar\/#breadcrumb\"},\"inLanguage\":\"sv-SE\",\"potentialAction\":[{\"@type\":\"ReadAction\",\"target\":[\"https:\/\/golfelchaparral.com\/sv\/restaurang-snack-bar\/\"]}]},{\"@type\":\"BreadcrumbList\",\"@id\":\"https:\/\/golfelchaparral.com\/sv\/restaurang-snack-bar\/#breadcrumb\",\"itemListElement\":[{\"@type\":\"ListItem\",\"position\":1,\"name\":\"Portada\",\"item\":\"https:\/\/golfelchaparral.com\/sv\/\"},{\"@type\":\"ListItem\",\"position\":2,\"name\":\"Restaurang\"}]},{\"@type\":\"WebSite\",\"@id\":\"https:\/\/golfelchaparral.com\/en\/#website\",\"url\":\"https:\/\/golfelchaparral.com\/en\/\",\"name\":\"Chaparral Golf Club\",\"description\":\"A privileged place close to the sea and surrounded by a pine forest.\",\"potentialAction\":[{\"@type\":\"SearchAction\",\"target\":{\"@type\":\"EntryPoint\",\"urlTemplate\":\"https:\/\/golfelchaparral.com\/en\/?s={search_term_string}\"},\"query-input\":{\"@type\":\"PropertyValueSpecification\",\"valueRequired\":true,\"valueName\":\"search_term_string\"}}],\"inLanguage\":\"sv-SE\"}]}<\/script>\n<!-- \/ Yoast SEO Premium plugin. -->","yoast_head_json":{"title":"Den b\u00e4sta restaurangen i Mijas, Andalusien \u2013 Costa del Sol","description":"Den b\u00e4sta restaurangen och snackbaren p\u00e5 Costa del Sol. Fantastisk terrass med underbar utsikt \u00f6ver naturen och Medelhavet.","robots":{"index":"index","follow":"follow","max-snippet":"max-snippet:-1","max-image-preview":"max-image-preview:large","max-video-preview":"max-video-preview:-1"},"canonical":"https:\/\/golfelchaparral.com\/sv\/restaurang-snack-bar\/","og_locale":"sv_SE","og_type":"article","og_title":"Restaurang","og_description":"Den b\u00e4sta restaurangen och snackbaren p\u00e5 Costa del Sol. Fantastisk terrass med underbar utsikt \u00f6ver naturen och Medelhavet.","og_url":"https:\/\/golfelchaparral.com\/sv\/restaurang-snack-bar\/","og_site_name":"El Chaparral","article_publisher":"https:\/\/www.facebook.com\/Chaparralgolf","article_modified_time":"2024-02-22T11:58:47+00:00","og_image":[{"width":118,"height":70,"url":"https:\/\/golfelchaparral.com\/wp-content\/uploads\/2020\/05\/logo-menu.png","type":"image\/png"}],"twitter_card":"summary_large_image","twitter_site":"@ChaparralGC","twitter_misc":{"Est. reading time":"1 minute"},"schema":{"@context":"https:\/\/schema.org","@graph":[{"@type":"WebPage","@id":"https:\/\/golfelchaparral.com\/sv\/restaurang-snack-bar\/","url":"https:\/\/golfelchaparral.com\/sv\/restaurang-snack-bar\/","name":"Den b\u00e4sta restaurangen i Mijas, Andalusien \u2013 Costa del Sol","isPartOf":{"@id":"https:\/\/golfelchaparral.com\/en\/#website"},"datePublished":"2020-05-21T09:39:18+00:00","dateModified":"2024-02-22T11:58:47+00:00","description":"Den b\u00e4sta restaurangen och snackbaren p\u00e5 Costa del Sol. Fantastisk terrass med underbar utsikt \u00f6ver naturen och Medelhavet.","breadcrumb":{"@id":"https:\/\/golfelchaparral.com\/sv\/restaurang-snack-bar\/#breadcrumb"},"inLanguage":"sv-SE","potentialAction":[{"@type":"ReadAction","target":["https:\/\/golfelchaparral.com\/sv\/restaurang-snack-bar\/"]}]},{"@type":"BreadcrumbList","@id":"https:\/\/golfelchaparral.com\/sv\/restaurang-snack-bar\/#breadcrumb","itemListElement":[{"@type":"ListItem","position":1,"name":"Portada","item":"https:\/\/golfelchaparral.com\/sv\/"},{"@type":"ListItem","position":2,"name":"Restaurang"}]},{"@type":"WebSite","@id":"https:\/\/golfelchaparral.com\/en\/#website","url":"https:\/\/golfelchaparral.com\/en\/","name":"Chaparral Golf Club","description":"A privileged place close to the sea and surrounded by a pine forest.","potentialAction":[{"@type":"SearchAction","target":{"@type":"EntryPoint","urlTemplate":"https:\/\/golfelchaparral.com\/en\/?s={search_term_string}"},"query-input":{"@type":"PropertyValueSpecification","valueRequired":true,"valueName":"search_term_string"}}],"inLanguage":"sv-SE"}]}},"_links":{"self":[{"href":"https:\/\/golfelchaparral.com\/sv\/wp-json\/wp\/v2\/pages\/22340","targetHints":{"allow":["GET"]}}],"collection":[{"href":"https:\/\/golfelchaparral.com\/sv\/wp-json\/wp\/v2\/pages"}],"about":[{"href":"https:\/\/golfelchaparral.com\/sv\/wp-json\/wp\/v2\/types\/page"}],"author":[{"embeddable":true,"href":"https:\/\/golfelchaparral.com\/sv\/wp-json\/wp\/v2\/users\/3"}],"replies":[{"embeddable":true,"href":"https:\/\/golfelchaparral.com\/sv\/wp-json\/wp\/v2\/comments?post=22340"}],"version-history":[{"count":0,"href":"https:\/\/golfelchaparral.com\/sv\/wp-json\/wp\/v2\/pages\/22340\/revisions"}],"wp:attachment":[{"href":"https:\/\/golfelchaparral.com\/sv\/wp-json\/wp\/v2\/media?parent=22340"}],"curies":[{"name":"wp","href":"https:\/\/api.w.org\/{rel}","templated":true}]}}