{"id":22354,"date":"2020-05-21T10:21:35","date_gmt":"2020-05-21T10:21:35","guid":{"rendered":"https:\/\/golfelchaparral.com\/?page_id=22354"},"modified":"2022-10-28T08:30:25","modified_gmt":"2022-10-28T08:30:25","slug":"medlemskap-golf","status":"publish","type":"page","link":"https:\/\/golfelchaparral.com\/sv\/medlemskap-golf\/","title":{"rendered":"Medlemskap"},"content":{"rendered":"\t\t<div data-elementor-type=\"wp-page\" data-elementor-id=\"22354\" class=\"elementor elementor-22354 elementor-21013\" data-elementor-post-type=\"page\">\n\t\t\t\t\t\t<section class=\"elementor-section elementor-top-section elementor-element elementor-element-31666114 elementor-section-boxed elementor-section-height-default elementor-section-height-default\" data-id=\"31666114\" data-element_type=\"section\" data-e-type=\"section\">\n\t\t\t\t\t\t<div class=\"elementor-container elementor-column-gap-default\">\n\t\t\t\t\t<div class=\"elementor-column elementor-col-100 elementor-top-column elementor-element elementor-element-6698b40c\" data-id=\"6698b40c\" data-element_type=\"column\" data-e-type=\"column\">\n\t\t\t<div class=\"elementor-widget-wrap elementor-element-populated\">\n\t\t\t\t\t\t<div class=\"elementor-element elementor-element-5e10fba1 elementor-widget elementor-widget-heading\" data-id=\"5e10fba1\" data-element_type=\"widget\" data-e-type=\"widget\" data-widget_type=\"heading.default\">\n\t\t\t\t<div class=\"elementor-widget-container\">\n\t\t\t\t\t<h1 class=\"elementor-heading-title elementor-size-default\">Medlemskap<\/h1>\t\t\t\t<\/div>\n\t\t\t\t<\/div>\n\t\t\t\t<div class=\"elementor-element elementor-element-24aaf74a elementor-widget-divider--view-line elementor-widget elementor-widget-divider\" data-id=\"24aaf74a\" data-element_type=\"widget\" data-e-type=\"widget\" data-widget_type=\"divider.default\">\n\t\t\t\t<div class=\"elementor-widget-container\">\n\t\t\t\t\t\t\t<div class=\"elementor-divider\">\n\t\t\t<span class=\"elementor-divider-separator\">\n\t\t\t\t\t\t<\/span>\n\t\t<\/div>\n\t\t\t\t\t\t<\/div>\n\t\t\t\t<\/div>\n\t\t\t\t\t<\/div>\n\t\t<\/div>\n\t\t\t\t\t<\/div>\n\t\t<\/section>\n\t\t\t\t<section class=\"elementor-section elementor-top-section elementor-element elementor-element-4c131b26 elementor-section-stretched elementor-section-content-middle elementor-reverse-mobile elementor-section-boxed elementor-section-height-default elementor-section-height-default\" data-id=\"4c131b26\" data-element_type=\"section\" data-e-type=\"section\" data-settings=\"{&quot;stretch_section&quot;:&quot;section-stretched&quot;}\">\n\t\t\t\t\t\t<div class=\"elementor-container elementor-column-gap-default\">\n\t\t\t\t\t<div class=\"elementor-column elementor-col-50 elementor-top-column elementor-element elementor-element-4ae277a0\" data-id=\"4ae277a0\" data-element_type=\"column\" data-e-type=\"column\" data-settings=\"{&quot;background_background&quot;:&quot;classic&quot;}\">\n\t\t\t<div class=\"elementor-widget-wrap elementor-element-populated\">\n\t\t\t\t\t\t<div class=\"elementor-element elementor-element-636cd696 elementor-widget elementor-widget-text-editor\" data-id=\"636cd696\" data-element_type=\"widget\" data-e-type=\"widget\" data-widget_type=\"text-editor.default\">\n\t\t\t\t<div class=\"elementor-widget-container\">\n\t\t\t\t\t\t\t\t\t<p>Med v\u00e5ra exklusiva spelr\u00e4tter erbjuder vi dig en sann hemmaklubb med en komplett upplevelse av golf, natur och en aktiv social klubb.<\/p><p>Njut med v\u00e4nner och familj\u00a0 i en golfklubb som erbjuder en bana omgiven av fridfull natur och fantastiska vyer \u00f6ver Medelhavet.<\/p>\t\t\t\t\t\t\t\t<\/div>\n\t\t\t\t<\/div>\n\t\t\t\t<div class=\"elementor-element elementor-element-fb8c5d4 elementor-blockquote--skin-border elementor-widget elementor-widget-blockquote\" data-id=\"fb8c5d4\" data-element_type=\"widget\" data-e-type=\"widget\" data-widget_type=\"blockquote.default\">\n\t\t\t\t<div class=\"elementor-widget-container\">\n\t\t\t\t\t\t\t<blockquote class=\"elementor-blockquote\">\n\t\t\t<p class=\"elementor-blockquote__content\">\n\t\t\t\tChaparrals kompletta spelr\u00e4tter erbjuder dig ett medlemskap med  obegr\u00e4nsad golf &amp; buggy.\n\t\t\t<\/p>\n\t\t\t\t\t<\/blockquote>\n\t\t\t\t\t\t<\/div>\n\t\t\t\t<\/div>\n\t\t\t\t<div class=\"elementor-element elementor-element-164e69d elementor-widget elementor-widget-text-editor\" data-id=\"164e69d\" data-element_type=\"widget\" data-e-type=\"widget\" data-widget_type=\"text-editor.default\">\n\t\t\t\t<div class=\"elementor-widget-container\">\n\t\t\t\t\t\t\t\t\t<p>Chaparral Golf Club erbjuder en internationell klubb\u00a0 med unik milj\u00f6. En klubb med avslappnad atmosf\u00e4r och aktivt socialt engagemang som v\u00e4rnar om v\u00e4nskap och ger en djup k\u00e4nsla av tillh\u00f6righet. Klubben erbjuder en varm, personlig service och en produkt av h\u00f6g kvalitet d\u00e4r varje detalj \u00e4r viktig.<\/p><p>Som medlem p\u00e5 Chaparral Golf Club kommer du att njuta av en\u00a0 h\u00f6g standard golfbana, en fantastisk restaurang, en Golf Academy med kvalificerad PGA Pro och en v\u00e4lutrustad Pro Shop. En utm\u00e4rkt service och en aktiv medlemskalender.<\/p><p>Kontakta v\u00e5r medlemsavdelning: <a href=\"mailto:comercial@golfelchaparral.com\">comercial@golfelchaparral.com<\/a><\/p>\t\t\t\t\t\t\t\t<\/div>\n\t\t\t\t<\/div>\n\t\t\t\t\t<\/div>\n\t\t<\/div>\n\t\t\t\t<div class=\"elementor-column elementor-col-50 elementor-top-column elementor-element elementor-element-4d5fe9f6\" data-id=\"4d5fe9f6\" data-element_type=\"column\" data-e-type=\"column\" data-settings=\"{&quot;background_background&quot;:&quot;classic&quot;}\">\n\t\t\t<div class=\"elementor-widget-wrap elementor-element-populated\">\n\t\t\t\t\t\t<div class=\"elementor-element elementor-element-365156de elementor-widget elementor-widget-spacer\" data-id=\"365156de\" data-element_type=\"widget\" data-e-type=\"widget\" data-widget_type=\"spacer.default\">\n\t\t\t\t<div class=\"elementor-widget-container\">\n\t\t\t\t\t\t\t<div class=\"elementor-spacer\">\n\t\t\t<div class=\"elementor-spacer-inner\"><\/div>\n\t\t<\/div>\n\t\t\t\t\t\t<\/div>\n\t\t\t\t<\/div>\n\t\t\t\t\t<\/div>\n\t\t<\/div>\n\t\t\t\t\t<\/div>\n\t\t<\/section>\n\t\t\t\t<section class=\"elementor-section elementor-top-section elementor-element elementor-element-631dcc0e elementor-section-boxed elementor-section-height-default elementor-section-height-default\" data-id=\"631dcc0e\" data-element_type=\"section\" data-e-type=\"section\">\n\t\t\t\t\t\t<div class=\"elementor-container elementor-column-gap-default\">\n\t\t\t\t\t<div class=\"elementor-column elementor-col-100 elementor-top-column elementor-element elementor-element-bee9e62\" data-id=\"bee9e62\" data-element_type=\"column\" data-e-type=\"column\">\n\t\t\t<div class=\"elementor-widget-wrap elementor-element-populated\">\n\t\t\t\t\t\t<div class=\"elementor-element elementor-element-d6024c9 elementor-widget elementor-widget-image\" data-id=\"d6024c9\" data-element_type=\"widget\" data-e-type=\"widget\" data-widget_type=\"image.default\">\n\t\t\t\t<div class=\"elementor-widget-container\">\n\t\t\t\t\t\t\t\t\t\t\t\t\t\t\t<img decoding=\"async\" width=\"166\" height=\"166\" src=\"https:\/\/golfelchaparral.com\/wp-content\/uploads\/2020\/05\/ico-abono3-1.png\" class=\"attachment-large size-large wp-image-19051\" alt=\"\" srcset=\"https:\/\/golfelchaparral.com\/wp-content\/uploads\/2020\/05\/ico-abono3-1.png 166w, https:\/\/golfelchaparral.com\/wp-content\/uploads\/2020\/05\/ico-abono3-1-100x100.png 100w, https:\/\/golfelchaparral.com\/wp-content\/uploads\/2020\/05\/ico-abono3-1-150x150.png 150w\" sizes=\"(max-width: 166px) 100vw, 166px\" \/>\t\t\t\t\t\t\t\t\t\t\t\t\t\t\t<\/div>\n\t\t\t\t<\/div>\n\t\t\t\t<div class=\"elementor-element elementor-element-f077972 elementor-widget elementor-widget-text-editor\" data-id=\"f077972\" data-element_type=\"widget\" data-e-type=\"widget\" data-widget_type=\"text-editor.default\">\n\t\t\t\t<div class=\"elementor-widget-container\">\n\t\t\t\t\t\t\t\t\t<h1 style=\"text-align: center;\"><span style=\"color: #008000;\">5 till 10 \u00e5rs Spelr\u00e4tter<\/span><\/h1>\t\t\t\t\t\t\t\t<\/div>\n\t\t\t\t<\/div>\n\t\t\t\t\t<\/div>\n\t\t<\/div>\n\t\t\t\t\t<\/div>\n\t\t<\/section>\n\t\t\t\t<section class=\"elementor-section elementor-top-section elementor-element elementor-element-67e967f elementor-section-boxed elementor-section-height-default elementor-section-height-default\" data-id=\"67e967f\" data-element_type=\"section\" data-e-type=\"section\">\n\t\t\t\t\t\t<div class=\"elementor-container elementor-column-gap-default\">\n\t\t\t\t\t<div class=\"elementor-column elementor-col-100 elementor-top-column elementor-element elementor-element-99c2a56\" data-id=\"99c2a56\" data-element_type=\"column\" data-e-type=\"column\">\n\t\t\t<div class=\"elementor-widget-wrap elementor-element-populated\">\n\t\t\t\t\t\t<div class=\"elementor-element elementor-element-9265ad5 elementor-widget elementor-widget-text-editor\" data-id=\"9265ad5\" data-element_type=\"widget\" data-e-type=\"widget\" data-widget_type=\"text-editor.default\">\n\t\t\t\t<div class=\"elementor-widget-container\">\n\t\t\t\t\t\t\t\t\t<h2 style=\"text-align: center;\"><span style=\"color: #808000;\">Medlemsf\u00f6rm\u00e5ner:<\/span><\/h2>\t\t\t\t\t\t\t\t<\/div>\n\t\t\t\t<\/div>\n\t\t\t\t\t<\/div>\n\t\t<\/div>\n\t\t\t\t\t<\/div>\n\t\t<\/section>\n\t\t\t\t<section class=\"elementor-section elementor-top-section elementor-element elementor-element-fff0d9f elementor-section-boxed elementor-section-height-default elementor-section-height-default\" data-id=\"fff0d9f\" data-element_type=\"section\" data-e-type=\"section\">\n\t\t\t\t\t\t<div class=\"elementor-container elementor-column-gap-default\">\n\t\t\t\t\t<div class=\"elementor-column elementor-col-100 elementor-top-column elementor-element elementor-element-fee9aa8\" data-id=\"fee9aa8\" data-element_type=\"column\" data-e-type=\"column\">\n\t\t\t<div class=\"elementor-widget-wrap elementor-element-populated\">\n\t\t\t\t\t\t<section class=\"elementor-section elementor-inner-section elementor-element elementor-element-082b95c elementor-section-boxed elementor-section-height-default elementor-section-height-default\" data-id=\"082b95c\" data-element_type=\"section\" data-e-type=\"section\">\n\t\t\t\t\t\t<div class=\"elementor-container elementor-column-gap-default\">\n\t\t\t\t\t<div class=\"elementor-column elementor-col-50 elementor-inner-column elementor-element elementor-element-12e02e1\" data-id=\"12e02e1\" data-element_type=\"column\" data-e-type=\"column\">\n\t\t\t<div class=\"elementor-widget-wrap elementor-element-populated\">\n\t\t\t\t\t\t<div class=\"elementor-element elementor-element-fb849ee elementor-widget elementor-widget-text-editor\" data-id=\"fb849ee\" data-element_type=\"widget\" data-e-type=\"widget\" data-widget_type=\"text-editor.default\">\n\t\t\t\t<div class=\"elementor-widget-container\">\n\t\t\t\t\t\t\t\t\t<ul><li><h3><span style=\"color: #339966;\">V\u00e4lkomstpaket<\/span><\/h3><\/li><li><h3><span style=\"color: #339966;\">Presentkort i Golfbutiken<\/span><\/h3><\/li><li><h3><span style=\"color: #339966;\">G\u00e4st greenfees\u00a0<\/span><\/h3><\/li><li><h3><span style=\"color: #339966;\">Aktivt medlemsprogram\u00a0<\/span><\/h3><\/li><li><h3><span style=\"color: #339966;\">Obegr\u00e4nsad golf\u00a0 &amp; Buggy<\/span><\/h3><\/li><li><h3><span style=\"color: #339966;\">Junior medlemsf\u00f6rm\u00e5ner<\/span><\/h3><\/li><li><h3><span style=\"color: #339966;\">Inter Clubs and medlemst\u00e4vlingar<\/span><\/h3><\/li><\/ul>\t\t\t\t\t\t\t\t<\/div>\n\t\t\t\t<\/div>\n\t\t\t\t\t<\/div>\n\t\t<\/div>\n\t\t\t\t<div class=\"elementor-column elementor-col-50 elementor-inner-column elementor-element elementor-element-f9d9fd3\" data-id=\"f9d9fd3\" data-element_type=\"column\" data-e-type=\"column\">\n\t\t\t<div class=\"elementor-widget-wrap elementor-element-populated\">\n\t\t\t\t\t\t<div class=\"elementor-element elementor-element-3a05620 elementor-widget elementor-widget-text-editor\" data-id=\"3a05620\" data-element_type=\"widget\" data-e-type=\"widget\" data-widget_type=\"text-editor.default\">\n\t\t\t\t<div class=\"elementor-widget-container\">\n\t\t\t\t\t\t\t\t\t<ul><li><h3><span style=\"color: #339966;\">Gratis Wi-Fi<\/span><\/h3><\/li><li><h3><span style=\"color: #339966;\">Klubbsk\u00e5p<\/span><\/h3><\/li><li><h3><span style=\"color: #339966;\">Medlemsparkering<\/span><\/h3><\/li><li><h3><span style=\"color: #339966;\">Medlems Lounge<\/span><\/h3><\/li><li><h3><span style=\"color: #339966;\">Driving range &amp; practice area<\/span><\/h3><\/li><li><h3><span style=\"color: #339966;\">F\u00f6m\u00e5nliga priser p\u00e5 andra banor<\/span><\/h3><\/li><li><h3><span style=\"color: #339966;\">Rabatt i Pro Shop, Restaurang, Academy<\/span><\/h3><\/li><\/ul>\t\t\t\t\t\t\t\t<\/div>\n\t\t\t\t<\/div>\n\t\t\t\t\t<\/div>\n\t\t<\/div>\n\t\t\t\t\t<\/div>\n\t\t<\/section>\n\t\t\t\t\t<\/div>\n\t\t<\/div>\n\t\t\t\t\t<\/div>\n\t\t<\/section>\n\t\t\t\t<section class=\"elementor-section elementor-top-section elementor-element elementor-element-de02f2a elementor-section-boxed elementor-section-height-default elementor-section-height-default\" data-id=\"de02f2a\" data-element_type=\"section\" data-e-type=\"section\">\n\t\t\t\t\t\t<div class=\"elementor-container elementor-column-gap-default\">\n\t\t\t\t\t<div class=\"elementor-column elementor-col-100 elementor-top-column elementor-element elementor-element-1ff65b5\" data-id=\"1ff65b5\" data-element_type=\"column\" data-e-type=\"column\">\n\t\t\t<div class=\"elementor-widget-wrap elementor-element-populated\">\n\t\t\t\t\t\t<div class=\"elementor-element elementor-element-928af1c elementor-widget elementor-widget-text-editor\" data-id=\"928af1c\" data-element_type=\"widget\" data-e-type=\"widget\" data-widget_type=\"text-editor.default\">\n\t\t\t\t<div class=\"elementor-widget-container\">\n\t\t\t\t\t\t\t\t\t<h2 style=\"text-align: center;\"><span style=\"color: #808000;\"><em>\u201cToday is the day you change your life\u201d<\/em><\/span><\/h2>\t\t\t\t\t\t\t\t<\/div>\n\t\t\t\t<\/div>\n\t\t\t\t\t<\/div>\n\t\t<\/div>\n\t\t\t\t\t<\/div>\n\t\t<\/section>\n\t\t\t\t<\/div>\n\t\t","protected":false},"excerpt":{"rendered":"<p>Med v\u00e5ra exklusiva spelr\u00e4tter erbjuder vi dig en sann hemmaklubb med en komplett upplevelse av golf, natur och en aktiv social klubb. Njut med v\u00e4nner och familj\u00a0 i en golfklubb som erbjuder en bana omgiven av fridfull natur och fantastiska vyer \u00f6ver Medelhavet. Chaparrals kompletta spelr\u00e4tter erbjuder dig ett medlemskap med obegr\u00e4nsad golf &#038; buggy. &#8230; <a title=\"Medlemskap\" class=\"read-more\" href=\"https:\/\/golfelchaparral.com\/sv\/medlemskap-golf\/\" aria-label=\"Read more about Medlemskap\">L\u00e4s mer<\/a><\/p>\n","protected":false},"author":3,"featured_media":0,"parent":0,"menu_order":0,"comment_status":"closed","ping_status":"closed","template":"","meta":{"footnotes":""},"class_list":["post-22354","page","type-page","status-publish"],"yoast_head":"<!-- This site is optimized with the Yoast SEO Premium plugin v27.2 (Yoast SEO v27.2) - https:\/\/yoast.com\/product\/yoast-seo-premium-wordpress\/ -->\n<title>Bli medlem i en av de b\u00e4sta golfklubbarna p\u00e5 Costa del Sol<\/title>\n<meta name=\"description\" content=\"Missa inte chansen att bli medlem i en av de b\u00e4sta golfklubbarna p\u00e5 Solkusten. Attraktiva rabatter och f\u00f6rm\u00e5ner f\u00f6r v\u00e5ra medlemmar!\" \/>\n<meta name=\"robots\" content=\"index, follow, max-snippet:-1, max-image-preview:large, max-video-preview:-1\" \/>\n<link rel=\"canonical\" href=\"https:\/\/golfelchaparral.com\/sv\/medlemskap-golf\/\" \/>\n<meta property=\"og:locale\" content=\"sv_SE\" \/>\n<meta property=\"og:type\" content=\"article\" \/>\n<meta property=\"og:title\" content=\"Medlemskap\" \/>\n<meta property=\"og:description\" content=\"Missa inte chansen att bli medlem i en av de b\u00e4sta golfklubbarna p\u00e5 Solkusten. Attraktiva rabatter och f\u00f6rm\u00e5ner f\u00f6r v\u00e5ra medlemmar!\" \/>\n<meta property=\"og:url\" content=\"https:\/\/golfelchaparral.com\/sv\/medlemskap-golf\/\" \/>\n<meta property=\"og:site_name\" content=\"El Chaparral\" \/>\n<meta property=\"article:publisher\" content=\"https:\/\/www.facebook.com\/Chaparralgolf\" \/>\n<meta property=\"article:modified_time\" content=\"2022-10-28T08:30:25+00:00\" \/>\n<meta property=\"og:image\" content=\"https:\/\/golfelchaparral.com\/wp-content\/uploads\/2020\/05\/ico-abono3-1.png\" \/>\n<meta name=\"twitter:card\" content=\"summary_large_image\" \/>\n<meta name=\"twitter:site\" content=\"@ChaparralGC\" \/>\n<meta name=\"twitter:label1\" content=\"Est. reading time\" \/>\n\t<meta name=\"twitter:data1\" content=\"2 minutes\" \/>\n<script type=\"application\/ld+json\" class=\"yoast-schema-graph\">{\"@context\":\"https:\/\/schema.org\",\"@graph\":[{\"@type\":\"WebPage\",\"@id\":\"https:\/\/golfelchaparral.com\/sv\/medlemskap-golf\/\",\"url\":\"https:\/\/golfelchaparral.com\/sv\/medlemskap-golf\/\",\"name\":\"Bli medlem i en av de b\u00e4sta golfklubbarna p\u00e5 Costa del Sol\",\"isPartOf\":{\"@id\":\"https:\/\/golfelchaparral.com\/en\/#website\"},\"primaryImageOfPage\":{\"@id\":\"https:\/\/golfelchaparral.com\/sv\/medlemskap-golf\/#primaryimage\"},\"image\":{\"@id\":\"https:\/\/golfelchaparral.com\/sv\/medlemskap-golf\/#primaryimage\"},\"thumbnailUrl\":\"https:\/\/golfelchaparral.com\/wp-content\/uploads\/2020\/05\/ico-abono3-1.png\",\"datePublished\":\"2020-05-21T10:21:35+00:00\",\"dateModified\":\"2022-10-28T08:30:25+00:00\",\"description\":\"Missa inte chansen att bli medlem i en av de b\u00e4sta golfklubbarna p\u00e5 Solkusten. Attraktiva rabatter och f\u00f6rm\u00e5ner f\u00f6r v\u00e5ra medlemmar!\",\"breadcrumb\":{\"@id\":\"https:\/\/golfelchaparral.com\/sv\/medlemskap-golf\/#breadcrumb\"},\"inLanguage\":\"sv-SE\",\"potentialAction\":[{\"@type\":\"ReadAction\",\"target\":[\"https:\/\/golfelchaparral.com\/sv\/medlemskap-golf\/\"]}]},{\"@type\":\"ImageObject\",\"inLanguage\":\"sv-SE\",\"@id\":\"https:\/\/golfelchaparral.com\/sv\/medlemskap-golf\/#primaryimage\",\"url\":\"https:\/\/golfelchaparral.com\/wp-content\/uploads\/2020\/05\/ico-abono3-1.png\",\"contentUrl\":\"https:\/\/golfelchaparral.com\/wp-content\/uploads\/2020\/05\/ico-abono3-1.png\"},{\"@type\":\"BreadcrumbList\",\"@id\":\"https:\/\/golfelchaparral.com\/sv\/medlemskap-golf\/#breadcrumb\",\"itemListElement\":[{\"@type\":\"ListItem\",\"position\":1,\"name\":\"Portada\",\"item\":\"https:\/\/golfelchaparral.com\/sv\/\"},{\"@type\":\"ListItem\",\"position\":2,\"name\":\"Medlemskap\"}]},{\"@type\":\"WebSite\",\"@id\":\"https:\/\/golfelchaparral.com\/en\/#website\",\"url\":\"https:\/\/golfelchaparral.com\/en\/\",\"name\":\"Chaparral Golf Club\",\"description\":\"A privileged place close to the sea and surrounded by a pine forest.\",\"potentialAction\":[{\"@type\":\"SearchAction\",\"target\":{\"@type\":\"EntryPoint\",\"urlTemplate\":\"https:\/\/golfelchaparral.com\/en\/?s={search_term_string}\"},\"query-input\":{\"@type\":\"PropertyValueSpecification\",\"valueRequired\":true,\"valueName\":\"search_term_string\"}}],\"inLanguage\":\"sv-SE\"}]}<\/script>\n<!-- \/ Yoast SEO Premium plugin. -->","yoast_head_json":{"title":"Bli medlem i en av de b\u00e4sta golfklubbarna p\u00e5 Costa del Sol","description":"Missa inte chansen att bli medlem i en av de b\u00e4sta golfklubbarna p\u00e5 Solkusten. Attraktiva rabatter och f\u00f6rm\u00e5ner f\u00f6r v\u00e5ra medlemmar!","robots":{"index":"index","follow":"follow","max-snippet":"max-snippet:-1","max-image-preview":"max-image-preview:large","max-video-preview":"max-video-preview:-1"},"canonical":"https:\/\/golfelchaparral.com\/sv\/medlemskap-golf\/","og_locale":"sv_SE","og_type":"article","og_title":"Medlemskap","og_description":"Missa inte chansen att bli medlem i en av de b\u00e4sta golfklubbarna p\u00e5 Solkusten. Attraktiva rabatter och f\u00f6rm\u00e5ner f\u00f6r v\u00e5ra medlemmar!","og_url":"https:\/\/golfelchaparral.com\/sv\/medlemskap-golf\/","og_site_name":"El Chaparral","article_publisher":"https:\/\/www.facebook.com\/Chaparralgolf","article_modified_time":"2022-10-28T08:30:25+00:00","og_image":[{"url":"https:\/\/golfelchaparral.com\/wp-content\/uploads\/2020\/05\/ico-abono3-1.png","type":"","width":"","height":""}],"twitter_card":"summary_large_image","twitter_site":"@ChaparralGC","twitter_misc":{"Est. reading time":"2 minutes"},"schema":{"@context":"https:\/\/schema.org","@graph":[{"@type":"WebPage","@id":"https:\/\/golfelchaparral.com\/sv\/medlemskap-golf\/","url":"https:\/\/golfelchaparral.com\/sv\/medlemskap-golf\/","name":"Bli medlem i en av de b\u00e4sta golfklubbarna p\u00e5 Costa del Sol","isPartOf":{"@id":"https:\/\/golfelchaparral.com\/en\/#website"},"primaryImageOfPage":{"@id":"https:\/\/golfelchaparral.com\/sv\/medlemskap-golf\/#primaryimage"},"image":{"@id":"https:\/\/golfelchaparral.com\/sv\/medlemskap-golf\/#primaryimage"},"thumbnailUrl":"https:\/\/golfelchaparral.com\/wp-content\/uploads\/2020\/05\/ico-abono3-1.png","datePublished":"2020-05-21T10:21:35+00:00","dateModified":"2022-10-28T08:30:25+00:00","description":"Missa inte chansen att bli medlem i en av de b\u00e4sta golfklubbarna p\u00e5 Solkusten. Attraktiva rabatter och f\u00f6rm\u00e5ner f\u00f6r v\u00e5ra medlemmar!","breadcrumb":{"@id":"https:\/\/golfelchaparral.com\/sv\/medlemskap-golf\/#breadcrumb"},"inLanguage":"sv-SE","potentialAction":[{"@type":"ReadAction","target":["https:\/\/golfelchaparral.com\/sv\/medlemskap-golf\/"]}]},{"@type":"ImageObject","inLanguage":"sv-SE","@id":"https:\/\/golfelchaparral.com\/sv\/medlemskap-golf\/#primaryimage","url":"https:\/\/golfelchaparral.com\/wp-content\/uploads\/2020\/05\/ico-abono3-1.png","contentUrl":"https:\/\/golfelchaparral.com\/wp-content\/uploads\/2020\/05\/ico-abono3-1.png"},{"@type":"BreadcrumbList","@id":"https:\/\/golfelchaparral.com\/sv\/medlemskap-golf\/#breadcrumb","itemListElement":[{"@type":"ListItem","position":1,"name":"Portada","item":"https:\/\/golfelchaparral.com\/sv\/"},{"@type":"ListItem","position":2,"name":"Medlemskap"}]},{"@type":"WebSite","@id":"https:\/\/golfelchaparral.com\/en\/#website","url":"https:\/\/golfelchaparral.com\/en\/","name":"Chaparral Golf Club","description":"A privileged place close to the sea and surrounded by a pine forest.","potentialAction":[{"@type":"SearchAction","target":{"@type":"EntryPoint","urlTemplate":"https:\/\/golfelchaparral.com\/en\/?s={search_term_string}"},"query-input":{"@type":"PropertyValueSpecification","valueRequired":true,"valueName":"search_term_string"}}],"inLanguage":"sv-SE"}]}},"_links":{"self":[{"href":"https:\/\/golfelchaparral.com\/sv\/wp-json\/wp\/v2\/pages\/22354","targetHints":{"allow":["GET"]}}],"collection":[{"href":"https:\/\/golfelchaparral.com\/sv\/wp-json\/wp\/v2\/pages"}],"about":[{"href":"https:\/\/golfelchaparral.com\/sv\/wp-json\/wp\/v2\/types\/page"}],"author":[{"embeddable":true,"href":"https:\/\/golfelchaparral.com\/sv\/wp-json\/wp\/v2\/users\/3"}],"replies":[{"embeddable":true,"href":"https:\/\/golfelchaparral.com\/sv\/wp-json\/wp\/v2\/comments?post=22354"}],"version-history":[{"count":0,"href":"https:\/\/golfelchaparral.com\/sv\/wp-json\/wp\/v2\/pages\/22354\/revisions"}],"wp:attachment":[{"href":"https:\/\/golfelchaparral.com\/sv\/wp-json\/wp\/v2\/media?parent=22354"}],"curies":[{"name":"wp","href":"https:\/\/api.w.org\/{rel}","templated":true}]}}