{"id":22547,"date":"2020-05-28T17:03:26","date_gmt":"2020-05-28T17:03:26","guid":{"rendered":"https:\/\/golfelchaparral.com\/?page_id=22547"},"modified":"2024-10-23T14:09:44","modified_gmt":"2024-10-23T14:09:44","slug":"designer","status":"publish","type":"page","link":"https:\/\/golfelchaparral.com\/sv\/designer\/","title":{"rendered":"Designer"},"content":{"rendered":"\t\t<div data-elementor-type=\"wp-page\" data-elementor-id=\"22547\" class=\"elementor elementor-22547 elementor-21025\" data-elementor-post-type=\"page\">\n\t\t\t\t\t\t<section class=\"elementor-section elementor-top-section elementor-element elementor-element-5bccd474 elementor-section-boxed elementor-section-height-default elementor-section-height-default\" data-id=\"5bccd474\" data-element_type=\"section\" data-e-type=\"section\">\n\t\t\t\t\t\t<div class=\"elementor-container elementor-column-gap-default\">\n\t\t\t\t\t<div class=\"elementor-column elementor-col-100 elementor-top-column elementor-element elementor-element-71dc3173\" data-id=\"71dc3173\" data-element_type=\"column\" data-e-type=\"column\">\n\t\t\t<div class=\"elementor-widget-wrap elementor-element-populated\">\n\t\t\t\t\t\t<div class=\"elementor-element elementor-element-6d62fe3c elementor-widget elementor-widget-heading\" data-id=\"6d62fe3c\" data-element_type=\"widget\" data-e-type=\"widget\" data-widget_type=\"heading.default\">\n\t\t\t\t<div class=\"elementor-widget-container\">\n\t\t\t\t\t<h1 class=\"elementor-heading-title elementor-size-default\">Designer<\/h1>\t\t\t\t<\/div>\n\t\t\t\t<\/div>\n\t\t\t\t<div class=\"elementor-element elementor-element-2d3d171c elementor-widget-divider--view-line elementor-widget elementor-widget-divider\" data-id=\"2d3d171c\" data-element_type=\"widget\" data-e-type=\"widget\" data-widget_type=\"divider.default\">\n\t\t\t\t<div class=\"elementor-widget-container\">\n\t\t\t\t\t\t\t<div class=\"elementor-divider\">\n\t\t\t<span class=\"elementor-divider-separator\">\n\t\t\t\t\t\t<\/span>\n\t\t<\/div>\n\t\t\t\t\t\t<\/div>\n\t\t\t\t<\/div>\n\t\t\t\t\t<\/div>\n\t\t<\/div>\n\t\t\t\t\t<\/div>\n\t\t<\/section>\n\t\t\t\t<section class=\"elementor-section elementor-top-section elementor-element elementor-element-31535e46 elementor-section-stretched elementor-section-content-middle elementor-reverse-mobile elementor-section-boxed elementor-section-height-default elementor-section-height-default\" data-id=\"31535e46\" data-element_type=\"section\" data-e-type=\"section\" data-settings=\"{&quot;stretch_section&quot;:&quot;section-stretched&quot;}\">\n\t\t\t\t\t\t<div class=\"elementor-container elementor-column-gap-default\">\n\t\t\t\t\t<div class=\"elementor-column elementor-col-50 elementor-top-column elementor-element elementor-element-2f556f49\" data-id=\"2f556f49\" data-element_type=\"column\" data-e-type=\"column\" data-settings=\"{&quot;background_background&quot;:&quot;classic&quot;}\">\n\t\t\t<div class=\"elementor-widget-wrap elementor-element-populated\">\n\t\t\t\t\t\t<div class=\"elementor-element elementor-element-60d4b997 elementor-widget elementor-widget-text-editor\" data-id=\"60d4b997\" data-element_type=\"widget\" data-e-type=\"widget\" data-widget_type=\"text-editor.default\">\n\t\t\t\t<div class=\"elementor-widget-container\">\n\t\t\t\t\t\t\t\t\t<p><b>Chaparral Golf Club<\/b> designades 1991 av Jos\u00e9 Gancedo Gomez, alias <b>Pepe Gancedo<\/b>, och lokalt k\u00e4nd i Malaga, som <b>&#8220;Golfv\u00e4rldens Picasso&#8221;.<\/b><\/p><p><span lang=\"EN-GB\">Han f\u00f6ddes i Malaga 1938, b\u00f6rjade spela golf vid 12 \u00e5rs \u00e5lder och blev en <b>scratchspelare och en viktig nationell personlighet i denna sport<\/b>. Han beh\u00f6ll sin k\u00e4rlek till golfen under hela sitt liv.<\/span><\/p><p><span lang=\"EN-GB\">Han \u00e5tnj\u00f6t ett l\u00e5ngt och framg\u00e5ngsrikt yrkesliv inom golfen, och \u00e4r k\u00e4nd som en av v\u00e4rldens st\u00f6rsta spelare i sin tid.<\/span><\/p>\t\t\t\t\t\t\t\t<\/div>\n\t\t\t\t<\/div>\n\t\t\t\t<div class=\"elementor-element elementor-element-5af7b8e3 elementor-blockquote--skin-border elementor-widget elementor-widget-blockquote\" data-id=\"5af7b8e3\" data-element_type=\"widget\" data-e-type=\"widget\" data-widget_type=\"blockquote.default\">\n\t\t\t\t<div class=\"elementor-widget-container\">\n\t\t\t\t\t\t\t<blockquote class=\"elementor-blockquote\">\n\t\t\t<p class=\"elementor-blockquote__content\">\n\t\t\t\tChaparral Golf Club designades 1991 av den popul\u00e4ra Malaga-designern, Pepe Gancedo, \u00e4ven k\u00e4nd som \"Golfv\u00e4rldens Picasso\" \t\t\t<\/p>\n\t\t\t\t\t<\/blockquote>\n\t\t\t\t\t\t<\/div>\n\t\t\t\t<\/div>\n\t\t\t\t\t<\/div>\n\t\t<\/div>\n\t\t\t\t<div class=\"elementor-column elementor-col-50 elementor-top-column elementor-element elementor-element-5e6a5ef8\" data-id=\"5e6a5ef8\" data-element_type=\"column\" data-e-type=\"column\" data-settings=\"{&quot;background_background&quot;:&quot;classic&quot;}\">\n\t\t\t<div class=\"elementor-widget-wrap elementor-element-populated\">\n\t\t\t\t\t\t<div class=\"elementor-element elementor-element-307d74ac elementor-widget elementor-widget-spacer\" data-id=\"307d74ac\" data-element_type=\"widget\" data-e-type=\"widget\" data-widget_type=\"spacer.default\">\n\t\t\t\t<div class=\"elementor-widget-container\">\n\t\t\t\t\t\t\t<div class=\"elementor-spacer\">\n\t\t\t<div class=\"elementor-spacer-inner\"><\/div>\n\t\t<\/div>\n\t\t\t\t\t\t<\/div>\n\t\t\t\t<\/div>\n\t\t\t\t\t<\/div>\n\t\t<\/div>\n\t\t\t\t\t<\/div>\n\t\t<\/section>\n\t\t\t\t<section class=\"elementor-section elementor-top-section elementor-element elementor-element-3f6f3612 elementor-section-stretched elementor-section-content-middle elementor-section-boxed elementor-section-height-default elementor-section-height-default\" data-id=\"3f6f3612\" data-element_type=\"section\" data-e-type=\"section\" data-settings=\"{&quot;stretch_section&quot;:&quot;section-stretched&quot;}\">\n\t\t\t\t\t\t<div class=\"elementor-container elementor-column-gap-default\">\n\t\t\t\t\t<div class=\"elementor-column elementor-col-50 elementor-top-column elementor-element elementor-element-582e8ce9\" data-id=\"582e8ce9\" data-element_type=\"column\" data-e-type=\"column\" data-settings=\"{&quot;background_background&quot;:&quot;classic&quot;}\">\n\t\t\t<div class=\"elementor-widget-wrap elementor-element-populated\">\n\t\t\t\t\t\t<div class=\"elementor-element elementor-element-6eebd02a elementor-widget elementor-widget-spacer\" data-id=\"6eebd02a\" data-element_type=\"widget\" data-e-type=\"widget\" data-widget_type=\"spacer.default\">\n\t\t\t\t<div class=\"elementor-widget-container\">\n\t\t\t\t\t\t\t<div class=\"elementor-spacer\">\n\t\t\t<div class=\"elementor-spacer-inner\"><\/div>\n\t\t<\/div>\n\t\t\t\t\t\t<\/div>\n\t\t\t\t<\/div>\n\t\t\t\t\t<\/div>\n\t\t<\/div>\n\t\t\t\t<div class=\"elementor-column elementor-col-50 elementor-top-column elementor-element elementor-element-24c1496\" data-id=\"24c1496\" data-element_type=\"column\" data-e-type=\"column\" data-settings=\"{&quot;background_background&quot;:&quot;classic&quot;}\">\n\t\t\t<div class=\"elementor-widget-wrap elementor-element-populated\">\n\t\t\t\t\t\t<div class=\"elementor-element elementor-element-57b07844 elementor-widget elementor-widget-text-editor\" data-id=\"57b07844\" data-element_type=\"widget\" data-e-type=\"widget\" data-widget_type=\"text-editor.default\">\n\t\t\t\t<div class=\"elementor-widget-container\">\n\t\t\t\t\t\t\t\t\t<p><span lang=\"EN-GB\">Bland hans triumfer utm\u00e4rker sig de sex absoluta amat\u00f6rm\u00e4sterskapen i Spanien under \u00e5ren 1966 och 1976, liksom ytterligare sex subm\u00e4sterskap mellan 1959 och 1977, tv\u00e5 internationella amat\u00f6rm\u00e4sterskap i Spanien 1968 och 1969 och tre andraplatser i samma t\u00e4vling \u00e5r 1963, 1972 och 1976.<\/span><\/p><p><span lang=\"EN-GB\">Han tilldelades <b>RFEG Medal of Merit in Golf<\/b>, den f\u00f6rsta Medal of Merit som utdelades av the Royal Andalusian Golf Federation, i erk\u00e4nnande av hans golfkarri\u00e4r och den k\u00e4rlek och h\u00f6ga v\u00e4rden han tillf\u00f6rde sporten.<\/span><\/p><p><span lang=\"EN-GB\">Pepes sanna passion, ut\u00f6ver sin idrottskarri\u00e4r, var designen av golfbanor.<\/span><\/p>\t\t\t\t\t\t\t\t<\/div>\n\t\t\t\t<\/div>\n\t\t\t\t<div class=\"elementor-element elementor-element-183f36fa elementor-blockquote--skin-border elementor-widget elementor-widget-blockquote\" data-id=\"183f36fa\" data-element_type=\"widget\" data-e-type=\"widget\" data-widget_type=\"blockquote.default\">\n\t\t\t\t<div class=\"elementor-widget-container\">\n\t\t\t\t\t\t\t<blockquote class=\"elementor-blockquote\">\n\t\t\t<p class=\"elementor-blockquote__content\">\n\t\t\t\tPepe Gancedo anses vara en av de mest kreativa spanska formgivarna, ett geni som inte bara designade p\u00e5 papper utan skapade sina golfbanor inspirerad av terr\u00e4ngens naturliga form.\t\t\t<\/p>\n\t\t\t\t\t<\/blockquote>\n\t\t\t\t\t\t<\/div>\n\t\t\t\t<\/div>\n\t\t\t\t\t<\/div>\n\t\t<\/div>\n\t\t\t\t\t<\/div>\n\t\t<\/section>\n\t\t\t\t<section class=\"elementor-section elementor-top-section elementor-element elementor-element-32a8ff89 elementor-section-stretched elementor-section-content-middle elementor-reverse-mobile elementor-section-boxed elementor-section-height-default elementor-section-height-default\" data-id=\"32a8ff89\" data-element_type=\"section\" data-e-type=\"section\" data-settings=\"{&quot;stretch_section&quot;:&quot;section-stretched&quot;}\">\n\t\t\t\t\t\t<div class=\"elementor-container elementor-column-gap-default\">\n\t\t\t\t\t<div class=\"elementor-column elementor-col-50 elementor-top-column elementor-element elementor-element-7ffb8abd\" data-id=\"7ffb8abd\" data-element_type=\"column\" data-e-type=\"column\" data-settings=\"{&quot;background_background&quot;:&quot;classic&quot;}\">\n\t\t\t<div class=\"elementor-widget-wrap elementor-element-populated\">\n\t\t\t\t\t\t<div class=\"elementor-element elementor-element-5458911a elementor-widget elementor-widget-text-editor\" data-id=\"5458911a\" data-element_type=\"widget\" data-e-type=\"widget\" data-widget_type=\"text-editor.default\">\n\t\t\t\t<div class=\"elementor-widget-container\">\n\t\t\t\t\t\t\t\t\t<p>Under hela designprocessen bar han sin golfbag och utformade varje h\u00e5l till minsta detalj.<\/p><p>Han f\u00f6rsvarade alltid teorin, att <strong>n\u00e4r man designar en bana m\u00e5ste man k\u00e4nna den<\/strong> och d\u00e4rf\u00f6r uppvisar alla hans golfbanor en stor personlighet. Han betraktas av m\u00e5nga experter som en av 1900-talets mest emblematiska formgivare.<\/p><p>Tack vare sin expertis har <strong>Chaparral Club de Golf<\/strong> \u00e4ran att ha ett av de <strong>18 mest sp\u00e4nnande och spektakul\u00e4ra h\u00e5len i Spanien<\/strong>, en unik och kr\u00e4vande bana, totalt\u00a0 integrerad i dess naturliga omgivning.<\/p>\t\t\t\t\t\t\t\t<\/div>\n\t\t\t\t<\/div>\n\t\t\t\t\t<\/div>\n\t\t<\/div>\n\t\t\t\t<div class=\"elementor-column elementor-col-50 elementor-top-column elementor-element elementor-element-609cf5ad\" data-id=\"609cf5ad\" data-element_type=\"column\" data-e-type=\"column\" data-settings=\"{&quot;background_background&quot;:&quot;classic&quot;}\">\n\t\t\t<div class=\"elementor-widget-wrap elementor-element-populated\">\n\t\t\t\t\t\t<div class=\"elementor-element elementor-element-2675d040 elementor-widget elementor-widget-spacer\" data-id=\"2675d040\" data-element_type=\"widget\" data-e-type=\"widget\" data-widget_type=\"spacer.default\">\n\t\t\t\t<div class=\"elementor-widget-container\">\n\t\t\t\t\t\t\t<div class=\"elementor-spacer\">\n\t\t\t<div class=\"elementor-spacer-inner\"><\/div>\n\t\t<\/div>\n\t\t\t\t\t\t<\/div>\n\t\t\t\t<\/div>\n\t\t\t\t\t<\/div>\n\t\t<\/div>\n\t\t\t\t\t<\/div>\n\t\t<\/section>\n\t\t\t\t<\/div>\n\t\t","protected":false},"excerpt":{"rendered":"<p>Chaparral Golf Club designades 1991 av Jos\u00e9 Gancedo Gomez, alias Pepe Gancedo, och lokalt k\u00e4nd i Malaga, som &#8220;Golfv\u00e4rldens Picasso&#8221;. Han f\u00f6ddes i Malaga 1938, b\u00f6rjade spela golf vid 12 \u00e5rs \u00e5lder och blev en scratchspelare och en viktig nationell personlighet i denna sport. Han beh\u00f6ll sin k\u00e4rlek till golfen under hela sitt liv. Han &#8230; <a title=\"Designer\" class=\"read-more\" href=\"https:\/\/golfelchaparral.com\/sv\/designer\/\" aria-label=\"Read more about Designer\">L\u00e4s mer<\/a><\/p>\n","protected":false},"author":3,"featured_media":0,"parent":0,"menu_order":0,"comment_status":"closed","ping_status":"closed","template":"","meta":{"footnotes":""},"class_list":["post-22547","page","type-page","status-publish"],"yoast_head":"<!-- This site is optimized with the Yoast SEO Premium plugin v27.3 (Yoast SEO v27.3) - https:\/\/yoast.com\/product\/yoast-seo-premium-wordpress\/ -->\n<title>Designer - El Chaparral<\/title>\n<meta name=\"robots\" content=\"index, follow, max-snippet:-1, max-image-preview:large, max-video-preview:-1\" \/>\n<link rel=\"canonical\" href=\"https:\/\/golfelchaparral.com\/sv\/designer\/\" \/>\n<meta property=\"og:locale\" content=\"sv_SE\" \/>\n<meta property=\"og:type\" content=\"article\" \/>\n<meta property=\"og:title\" content=\"Designer\" \/>\n<meta property=\"og:description\" content=\"Chaparral Golf Club designades 1991 av Jos\u00e9 Gancedo Gomez, alias Pepe Gancedo, och lokalt k\u00e4nd i Malaga, som &#8220;Golfv\u00e4rldens Picasso&#8221;. Han f\u00f6ddes i Malaga 1938, b\u00f6rjade spela golf vid 12 \u00e5rs \u00e5lder och blev en scratchspelare och en viktig nationell personlighet i denna sport. Han beh\u00f6ll sin k\u00e4rlek till golfen under hela sitt liv. Han ... L\u00e4s mer\" \/>\n<meta property=\"og:url\" content=\"https:\/\/golfelchaparral.com\/sv\/designer\/\" \/>\n<meta property=\"og:site_name\" content=\"El Chaparral\" \/>\n<meta property=\"article:publisher\" content=\"https:\/\/www.facebook.com\/Chaparralgolf\" \/>\n<meta property=\"article:modified_time\" content=\"2024-10-23T14:09:44+00:00\" \/>\n<meta property=\"og:image\" content=\"https:\/\/golfelchaparral.com\/wp-content\/uploads\/2020\/05\/logo-menu.png\" \/>\n\t<meta property=\"og:image:width\" content=\"118\" \/>\n\t<meta property=\"og:image:height\" content=\"70\" \/>\n\t<meta property=\"og:image:type\" content=\"image\/png\" \/>\n<meta name=\"twitter:card\" content=\"summary_large_image\" \/>\n<meta name=\"twitter:site\" content=\"@ChaparralGC\" \/>\n<meta name=\"twitter:label1\" content=\"Est. reading time\" \/>\n\t<meta name=\"twitter:data1\" content=\"2 minutes\" \/>\n<script type=\"application\/ld+json\" class=\"yoast-schema-graph\">{\"@context\":\"https:\\\/\\\/schema.org\",\"@graph\":[{\"@type\":\"WebPage\",\"@id\":\"https:\\\/\\\/golfelchaparral.com\\\/sv\\\/designer\\\/\",\"url\":\"https:\\\/\\\/golfelchaparral.com\\\/sv\\\/designer\\\/\",\"name\":\"Designer - El Chaparral\",\"isPartOf\":{\"@id\":\"https:\\\/\\\/golfelchaparral.com\\\/en\\\/#website\"},\"datePublished\":\"2020-05-28T17:03:26+00:00\",\"dateModified\":\"2024-10-23T14:09:44+00:00\",\"breadcrumb\":{\"@id\":\"https:\\\/\\\/golfelchaparral.com\\\/sv\\\/designer\\\/#breadcrumb\"},\"inLanguage\":\"sv-SE\",\"potentialAction\":[{\"@type\":\"ReadAction\",\"target\":[\"https:\\\/\\\/golfelchaparral.com\\\/sv\\\/designer\\\/\"]}]},{\"@type\":\"BreadcrumbList\",\"@id\":\"https:\\\/\\\/golfelchaparral.com\\\/sv\\\/designer\\\/#breadcrumb\",\"itemListElement\":[{\"@type\":\"ListItem\",\"position\":1,\"name\":\"Portada\",\"item\":\"https:\\\/\\\/golfelchaparral.com\\\/sv\\\/\"},{\"@type\":\"ListItem\",\"position\":2,\"name\":\"Designer\"}]},{\"@type\":\"WebSite\",\"@id\":\"https:\\\/\\\/golfelchaparral.com\\\/en\\\/#website\",\"url\":\"https:\\\/\\\/golfelchaparral.com\\\/en\\\/\",\"name\":\"Chaparral Golf Club\",\"description\":\"A privileged place close to the sea and surrounded by a pine forest.\",\"potentialAction\":[{\"@type\":\"SearchAction\",\"target\":{\"@type\":\"EntryPoint\",\"urlTemplate\":\"https:\\\/\\\/golfelchaparral.com\\\/en\\\/?s={search_term_string}\"},\"query-input\":{\"@type\":\"PropertyValueSpecification\",\"valueRequired\":true,\"valueName\":\"search_term_string\"}}],\"inLanguage\":\"sv-SE\"}]}<\/script>\n<!-- \/ Yoast SEO Premium plugin. -->","yoast_head_json":{"title":"Designer - El Chaparral","robots":{"index":"index","follow":"follow","max-snippet":"max-snippet:-1","max-image-preview":"max-image-preview:large","max-video-preview":"max-video-preview:-1"},"canonical":"https:\/\/golfelchaparral.com\/sv\/designer\/","og_locale":"sv_SE","og_type":"article","og_title":"Designer","og_description":"Chaparral Golf Club designades 1991 av Jos\u00e9 Gancedo Gomez, alias Pepe Gancedo, och lokalt k\u00e4nd i Malaga, som &#8220;Golfv\u00e4rldens Picasso&#8221;. Han f\u00f6ddes i Malaga 1938, b\u00f6rjade spela golf vid 12 \u00e5rs \u00e5lder och blev en scratchspelare och en viktig nationell personlighet i denna sport. Han beh\u00f6ll sin k\u00e4rlek till golfen under hela sitt liv. Han ... L\u00e4s mer","og_url":"https:\/\/golfelchaparral.com\/sv\/designer\/","og_site_name":"El Chaparral","article_publisher":"https:\/\/www.facebook.com\/Chaparralgolf","article_modified_time":"2024-10-23T14:09:44+00:00","og_image":[{"width":118,"height":70,"url":"https:\/\/golfelchaparral.com\/wp-content\/uploads\/2020\/05\/logo-menu.png","type":"image\/png"}],"twitter_card":"summary_large_image","twitter_site":"@ChaparralGC","twitter_misc":{"Est. reading time":"2 minutes"},"schema":{"@context":"https:\/\/schema.org","@graph":[{"@type":"WebPage","@id":"https:\/\/golfelchaparral.com\/sv\/designer\/","url":"https:\/\/golfelchaparral.com\/sv\/designer\/","name":"Designer - El Chaparral","isPartOf":{"@id":"https:\/\/golfelchaparral.com\/en\/#website"},"datePublished":"2020-05-28T17:03:26+00:00","dateModified":"2024-10-23T14:09:44+00:00","breadcrumb":{"@id":"https:\/\/golfelchaparral.com\/sv\/designer\/#breadcrumb"},"inLanguage":"sv-SE","potentialAction":[{"@type":"ReadAction","target":["https:\/\/golfelchaparral.com\/sv\/designer\/"]}]},{"@type":"BreadcrumbList","@id":"https:\/\/golfelchaparral.com\/sv\/designer\/#breadcrumb","itemListElement":[{"@type":"ListItem","position":1,"name":"Portada","item":"https:\/\/golfelchaparral.com\/sv\/"},{"@type":"ListItem","position":2,"name":"Designer"}]},{"@type":"WebSite","@id":"https:\/\/golfelchaparral.com\/en\/#website","url":"https:\/\/golfelchaparral.com\/en\/","name":"Chaparral Golf Club","description":"A privileged place close to the sea and surrounded by a pine forest.","potentialAction":[{"@type":"SearchAction","target":{"@type":"EntryPoint","urlTemplate":"https:\/\/golfelchaparral.com\/en\/?s={search_term_string}"},"query-input":{"@type":"PropertyValueSpecification","valueRequired":true,"valueName":"search_term_string"}}],"inLanguage":"sv-SE"}]}},"_links":{"self":[{"href":"https:\/\/golfelchaparral.com\/sv\/wp-json\/wp\/v2\/pages\/22547","targetHints":{"allow":["GET"]}}],"collection":[{"href":"https:\/\/golfelchaparral.com\/sv\/wp-json\/wp\/v2\/pages"}],"about":[{"href":"https:\/\/golfelchaparral.com\/sv\/wp-json\/wp\/v2\/types\/page"}],"author":[{"embeddable":true,"href":"https:\/\/golfelchaparral.com\/sv\/wp-json\/wp\/v2\/users\/3"}],"replies":[{"embeddable":true,"href":"https:\/\/golfelchaparral.com\/sv\/wp-json\/wp\/v2\/comments?post=22547"}],"version-history":[{"count":0,"href":"https:\/\/golfelchaparral.com\/sv\/wp-json\/wp\/v2\/pages\/22547\/revisions"}],"wp:attachment":[{"href":"https:\/\/golfelchaparral.com\/sv\/wp-json\/wp\/v2\/media?parent=22547"}],"curies":[{"name":"wp","href":"https:\/\/api.w.org\/{rel}","templated":true}]}}