{"id":22558,"date":"2020-05-28T17:07:46","date_gmt":"2020-05-28T17:07:46","guid":{"rendered":"https:\/\/golfelchaparral.com\/?page_id=22558"},"modified":"2026-03-02T15:57:17","modified_gmt":"2026-03-02T14:57:17","slug":"erbjudande-golf-erbjudande-golf-marbella-mijas","status":"publish","type":"page","link":"https:\/\/golfelchaparral.com\/sv\/erbjudande-golf-erbjudande-golf-marbella-mijas\/","title":{"rendered":"Erbjudande online"},"content":{"rendered":"\t\t<div data-elementor-type=\"wp-page\" data-elementor-id=\"22558\" class=\"elementor elementor-22558 elementor-21033\" data-elementor-post-type=\"page\">\n\t\t\t\t\t\t<section class=\"elementor-section elementor-top-section elementor-element elementor-element-1d9f71a6 elementor-section-boxed elementor-section-height-default elementor-section-height-default\" data-id=\"1d9f71a6\" data-element_type=\"section\" data-e-type=\"section\">\n\t\t\t\t\t\t<div class=\"elementor-container elementor-column-gap-default\">\n\t\t\t\t\t<div class=\"elementor-column elementor-col-100 elementor-top-column elementor-element elementor-element-4df69676\" data-id=\"4df69676\" data-element_type=\"column\" data-e-type=\"column\">\n\t\t\t<div class=\"elementor-widget-wrap elementor-element-populated\">\n\t\t\t\t\t\t<div class=\"elementor-element elementor-element-536dcff3 elementor-widget elementor-widget-heading\" data-id=\"536dcff3\" data-element_type=\"widget\" data-e-type=\"widget\" data-widget_type=\"heading.default\">\n\t\t\t\t<div class=\"elementor-widget-container\">\n\t\t\t\t\t<h1 class=\"elementor-heading-title elementor-size-default\">Erbjudande online<\/h1>\t\t\t\t<\/div>\n\t\t\t\t<\/div>\n\t\t\t\t<div class=\"elementor-element elementor-element-74067e17 elementor-widget-divider--view-line elementor-widget elementor-widget-divider\" data-id=\"74067e17\" data-element_type=\"widget\" data-e-type=\"widget\" data-widget_type=\"divider.default\">\n\t\t\t\t<div class=\"elementor-widget-container\">\n\t\t\t\t\t\t\t<div class=\"elementor-divider\">\n\t\t\t<span class=\"elementor-divider-separator\">\n\t\t\t\t\t\t<\/span>\n\t\t<\/div>\n\t\t\t\t\t\t<\/div>\n\t\t\t\t<\/div>\n\t\t\t\t\t<\/div>\n\t\t<\/div>\n\t\t\t\t\t<\/div>\n\t\t<\/section>\n\t\t\t\t<section class=\"elementor-section elementor-top-section elementor-element elementor-element-49083d9b elementor-section-boxed elementor-section-height-default elementor-section-height-default\" data-id=\"49083d9b\" data-element_type=\"section\" data-e-type=\"section\">\n\t\t\t\t\t\t<div class=\"elementor-container elementor-column-gap-default\">\n\t\t\t\t\t<div class=\"elementor-column elementor-col-50 elementor-top-column elementor-element elementor-element-4479b333\" data-id=\"4479b333\" data-element_type=\"column\" data-e-type=\"column\">\n\t\t\t<div class=\"elementor-widget-wrap elementor-element-populated\">\n\t\t\t\t\t\t<div class=\"elementor-element elementor-element-10f6d483 elementor-widget elementor-widget-image\" data-id=\"10f6d483\" data-element_type=\"widget\" data-e-type=\"widget\" data-widget_type=\"image.default\">\n\t\t\t\t<div class=\"elementor-widget-container\">\n\t\t\t\t\t\t\t\t\t\t\t\t\t\t\t\t<a href=\"https:\/\/golfelchaparral.com\/wp-content\/uploads\/2025\/02\/Temporada-Media-Chaparral-Golf-adaptaciones-Contenido-web-ENG.jpg\" data-elementor-open-lightbox=\"yes\" data-elementor-lightbox-title=\"Temporada-Media-Chaparral-Golf-adaptaciones---Contenido-web-ENG\" data-e-action-hash=\"#elementor-action%3Aaction%3Dlightbox%26settings%3DeyJpZCI6NDc1MjIsInVybCI6Imh0dHBzOlwvXC9nb2xmZWxjaGFwYXJyYWwuY29tXC93cC1jb250ZW50XC91cGxvYWRzXC8yMDI1XC8wMlwvVGVtcG9yYWRhLU1lZGlhLUNoYXBhcnJhbC1Hb2xmLWFkYXB0YWNpb25lcy1Db250ZW5pZG8td2ViLUVORy5qcGcifQ%3D%3D\">\n\t\t\t\t\t\t\t<img fetchpriority=\"high\" decoding=\"async\" width=\"902\" height=\"568\" src=\"https:\/\/golfelchaparral.com\/wp-content\/uploads\/2025\/02\/Temporada-Media-Chaparral-Golf-adaptaciones-Contenido-web-ENG.jpg\" class=\"attachment-large size-large wp-image-47522\" alt=\"\" srcset=\"https:\/\/golfelchaparral.com\/wp-content\/uploads\/2025\/02\/Temporada-Media-Chaparral-Golf-adaptaciones-Contenido-web-ENG.jpg 902w, https:\/\/golfelchaparral.com\/wp-content\/uploads\/2025\/02\/Temporada-Media-Chaparral-Golf-adaptaciones-Contenido-web-ENG-600x378.jpg 600w, https:\/\/golfelchaparral.com\/wp-content\/uploads\/2025\/02\/Temporada-Media-Chaparral-Golf-adaptaciones-Contenido-web-ENG-300x189.jpg 300w, https:\/\/golfelchaparral.com\/wp-content\/uploads\/2025\/02\/Temporada-Media-Chaparral-Golf-adaptaciones-Contenido-web-ENG-768x484.jpg 768w\" sizes=\"(max-width: 902px) 100vw, 902px\" \/>\t\t\t\t\t\t\t\t<\/a>\n\t\t\t\t\t\t\t\t\t\t\t\t\t\t\t<\/div>\n\t\t\t\t<\/div>\n\t\t\t\t\t<\/div>\n\t\t<\/div>\n\t\t\t\t<div class=\"elementor-column elementor-col-50 elementor-top-column elementor-element elementor-element-2acd1eaf\" data-id=\"2acd1eaf\" data-element_type=\"column\" data-e-type=\"column\">\n\t\t\t<div class=\"elementor-widget-wrap elementor-element-populated\">\n\t\t\t\t\t\t<div class=\"elementor-element elementor-element-4d5f6603 elementor-widget elementor-widget-heading\" data-id=\"4d5f6603\" data-element_type=\"widget\" data-e-type=\"widget\" data-widget_type=\"heading.default\">\n\t\t\t\t<div class=\"elementor-widget-container\">\n\t\t\t\t\t<h2 class=\"elementor-heading-title elementor-size-default\">Golf erbjudanden - Boka online<\/h2>\t\t\t\t<\/div>\n\t\t\t\t<\/div>\n\t\t\t\t<div class=\"elementor-element elementor-element-270a5a74 elementor-align-center elementor-widget elementor-widget-button\" data-id=\"270a5a74\" data-element_type=\"widget\" data-e-type=\"widget\" data-widget_type=\"button.default\">\n\t\t\t\t<div class=\"elementor-widget-container\">\n\t\t\t\t\t\t\t\t\t<div class=\"elementor-button-wrapper\">\n\t\t\t\t\t<a class=\"elementor-button elementor-button-link elementor-size-sm\" href=\"https:\/\/open.imaster.golf\/en\/chaparral\">\n\t\t\t\t\t\t<span class=\"elementor-button-content-wrapper\">\n\t\t\t\t\t\t\t\t\t<span class=\"elementor-button-text\">Boka online<\/span>\n\t\t\t\t\t<\/span>\n\t\t\t\t\t<\/a>\n\t\t\t\t<\/div>\n\t\t\t\t\t\t\t\t<\/div>\n\t\t\t\t<\/div>\n\t\t\t\t<div class=\"elementor-element elementor-element-21186ca2 elementor-widget elementor-widget-price-list\" data-id=\"21186ca2\" data-element_type=\"widget\" data-e-type=\"widget\" data-widget_type=\"price-list.default\">\n\t\t\t\t<div class=\"elementor-widget-container\">\n\t\t\t\t\t\n\t\t<ul class=\"elementor-price-list\">\n\n\t\t\t\t\t\t\t\t\t<li class=\"elementor-price-list-item\">\t\t\t\t\n\t\t\t\t<div class=\"elementor-price-list-text\">\n\t\t\t\t\t\t\t\t\t<div class=\"elementor-price-list-header\">\n\t\t\t\t\t\t\t\t\t\t\t<span class=\"elementor-price-list-title\">\n\t\t\t\t\t\t\tGreen Fee 18 H\u00e5l\t\t\t\t\t\t<\/span>\n\t\t\t\t\t\t\t\t\t\t\t\t\t\t\t\t\t\t\t\t\t\t\t\t<span class=\"elementor-price-list-price\">fr\u00e5n 95 \u20ac<\/span>\n\t\t\t\t\t\t\t\t\t\t<\/div>\n\t\t\t\t\t\t\t\t\t\t\t\t\t\t\t<p class=\"elementor-price-list-description\">\n\t\t\t\t\t\t\tBuggy inkluderad \t\t\t\t\t\t<\/p>\n\t\t\t\t\t\t\t\t<\/div>\n\t\t\t\t<\/li>\t\t\t\t\t\t\t\t\t\t\t\t<li><a class=\"elementor-price-list-item\" href=\"#\">\t\t\t\t\n\t\t\t\t<div class=\"elementor-price-list-text\">\n\t\t\t\t\t\t\t\t\t<div class=\"elementor-price-list-header\">\n\t\t\t\t\t\t\t\t\t\t\t<span class=\"elementor-price-list-title\">\n\t\t\t\t\t\t\t2 Green Fees 18 H\u00e5l\t\t\t\t\t\t<\/span>\n\t\t\t\t\t\t\t\t\t\t\t\t\t\t\t\t\t\t\t\t\t\t\t\t<span class=\"elementor-price-list-price\">fr\u00e5n 190 \u20ac<\/span>\n\t\t\t\t\t\t\t\t\t\t<\/div>\n\t\t\t\t\t\t\t\t\t\t\t\t\t\t\t<p class=\"elementor-price-list-description\">\n\t\t\t\t\t\t\tBuggy inkluderad \t\t\t\t\t\t<\/p>\n\t\t\t\t\t\t\t\t<\/div>\n\t\t\t\t<\/a><\/li>\t\t\t\t\t\t\t\t\t\t\t\t<li><a class=\"elementor-price-list-item\" href=\"#\">\t\t\t\t\n\t\t\t\t<div class=\"elementor-price-list-text\">\n\t\t\t\t\t\t\t\t\t<div class=\"elementor-price-list-header\">\n\t\t\t\t\t\t\t\t\t\t\t<span class=\"elementor-price-list-title\">\n\t\t\t\t\t\t\tObegr\u00e4nsad golf\t\t\t\t\t\t<\/span>\n\t\t\t\t\t\t\t\t\t\t\t\t\t\t\t\t\t\t\t\t\t\t\t\t<span class=\"elementor-price-list-price\">fr\u00e5n 140 \u20ac<\/span>\n\t\t\t\t\t\t\t\t\t\t<\/div>\n\t\t\t\t\t\t\t\t\t\t\t\t\t\t\t<p class=\"elementor-price-list-description\">\n\t\t\t\t\t\t\tBuggy inkluderad (fr\u00e5n 14:30h)\t\t\t\t\t\t<\/p>\n\t\t\t\t\t\t\t\t<\/div>\n\t\t\t\t<\/a><\/li>\t\t\t\t\t\n\t\t<\/ul>\n\n\t\t\t\t\t\t<\/div>\n\t\t\t\t<\/div>\n\t\t\t\t\t<\/div>\n\t\t<\/div>\n\t\t\t\t\t<\/div>\n\t\t<\/section>\n\t\t\t\t<\/div>\n\t\t","protected":false},"excerpt":{"rendered":"<p>Golf erbjudanden &#8211; Boka online Boka online Green Fee 18 H\u00e5l fr\u00e5n 95 \u20ac Buggy inkluderad 2 Green Fees 18 H\u00e5l fr\u00e5n 190 \u20ac Buggy inkluderad Obegr\u00e4nsad golf fr\u00e5n 140 \u20ac Buggy inkluderad (fr\u00e5n 14:30h)<\/p>\n","protected":false},"author":3,"featured_media":0,"parent":0,"menu_order":0,"comment_status":"closed","ping_status":"closed","template":"","meta":{"footnotes":""},"class_list":["post-22558","page","type-page","status-publish"],"yoast_head":"<!-- This site is optimized with the Yoast SEO Premium plugin v27.3 (Yoast SEO v27.3) - https:\/\/yoast.com\/product\/yoast-seo-premium-wordpress\/ -->\n<title>B\u00e4sta golferbjudande p\u00e5 Costa del Sol, Marbella och Mijas<\/title>\n<meta name=\"description\" content=\"Chaparral Golf Club erbjuder de b\u00e4sta priserna f\u00f6r golf p\u00e5 Costa del Sol. Upplev Chaparral Golfklubb! Din b\u00e4sta golfupplevelse!\" \/>\n<meta name=\"robots\" content=\"index, follow, max-snippet:-1, max-image-preview:large, max-video-preview:-1\" \/>\n<link rel=\"canonical\" href=\"https:\/\/golfelchaparral.com\/sv\/erbjudande-golf-erbjudande-golf-marbella-mijas\/\" \/>\n<meta property=\"og:locale\" content=\"sv_SE\" \/>\n<meta property=\"og:type\" content=\"article\" \/>\n<meta property=\"og:title\" content=\"Erbjudande online\" \/>\n<meta property=\"og:description\" content=\"Chaparral Golf Club erbjuder de b\u00e4sta priserna f\u00f6r golf p\u00e5 Costa del Sol. Upplev Chaparral Golfklubb! Din b\u00e4sta golfupplevelse!\" \/>\n<meta property=\"og:url\" content=\"https:\/\/golfelchaparral.com\/sv\/erbjudande-golf-erbjudande-golf-marbella-mijas\/\" \/>\n<meta property=\"og:site_name\" content=\"El Chaparral\" \/>\n<meta property=\"article:publisher\" content=\"https:\/\/www.facebook.com\/Chaparralgolf\" \/>\n<meta property=\"article:modified_time\" content=\"2026-03-02T14:57:17+00:00\" \/>\n<meta property=\"og:image\" content=\"https:\/\/golfelchaparral.com\/wp-content\/uploads\/2025\/02\/Temporada-Media-Chaparral-Golf-adaptaciones-Contenido-web-ENG.jpg\" \/>\n<meta name=\"twitter:card\" content=\"summary_large_image\" \/>\n<meta name=\"twitter:site\" content=\"@ChaparralGC\" \/>\n<meta name=\"twitter:label1\" content=\"Est. reading time\" \/>\n\t<meta name=\"twitter:data1\" content=\"1 minute\" \/>\n<script type=\"application\/ld+json\" class=\"yoast-schema-graph\">{\"@context\":\"https:\\\/\\\/schema.org\",\"@graph\":[{\"@type\":\"WebPage\",\"@id\":\"https:\\\/\\\/golfelchaparral.com\\\/sv\\\/erbjudande-golf-erbjudande-golf-marbella-mijas\\\/\",\"url\":\"https:\\\/\\\/golfelchaparral.com\\\/sv\\\/erbjudande-golf-erbjudande-golf-marbella-mijas\\\/\",\"name\":\"B\u00e4sta golferbjudande p\u00e5 Costa del Sol, Marbella och Mijas\",\"isPartOf\":{\"@id\":\"https:\\\/\\\/golfelchaparral.com\\\/en\\\/#website\"},\"primaryImageOfPage\":{\"@id\":\"https:\\\/\\\/golfelchaparral.com\\\/sv\\\/erbjudande-golf-erbjudande-golf-marbella-mijas\\\/#primaryimage\"},\"image\":{\"@id\":\"https:\\\/\\\/golfelchaparral.com\\\/sv\\\/erbjudande-golf-erbjudande-golf-marbella-mijas\\\/#primaryimage\"},\"thumbnailUrl\":\"https:\\\/\\\/golfelchaparral.com\\\/wp-content\\\/uploads\\\/2025\\\/02\\\/Temporada-Media-Chaparral-Golf-adaptaciones-Contenido-web-ENG.jpg\",\"datePublished\":\"2020-05-28T17:07:46+00:00\",\"dateModified\":\"2026-03-02T14:57:17+00:00\",\"description\":\"Chaparral Golf Club erbjuder de b\u00e4sta priserna f\u00f6r golf p\u00e5 Costa del Sol. Upplev Chaparral Golfklubb! Din b\u00e4sta golfupplevelse!\",\"breadcrumb\":{\"@id\":\"https:\\\/\\\/golfelchaparral.com\\\/sv\\\/erbjudande-golf-erbjudande-golf-marbella-mijas\\\/#breadcrumb\"},\"inLanguage\":\"sv-SE\",\"potentialAction\":[{\"@type\":\"ReadAction\",\"target\":[\"https:\\\/\\\/golfelchaparral.com\\\/sv\\\/erbjudande-golf-erbjudande-golf-marbella-mijas\\\/\"]}]},{\"@type\":\"ImageObject\",\"inLanguage\":\"sv-SE\",\"@id\":\"https:\\\/\\\/golfelchaparral.com\\\/sv\\\/erbjudande-golf-erbjudande-golf-marbella-mijas\\\/#primaryimage\",\"url\":\"https:\\\/\\\/golfelchaparral.com\\\/wp-content\\\/uploads\\\/2025\\\/02\\\/Temporada-Media-Chaparral-Golf-adaptaciones-Contenido-web-ENG.jpg\",\"contentUrl\":\"https:\\\/\\\/golfelchaparral.com\\\/wp-content\\\/uploads\\\/2025\\\/02\\\/Temporada-Media-Chaparral-Golf-adaptaciones-Contenido-web-ENG.jpg\"},{\"@type\":\"BreadcrumbList\",\"@id\":\"https:\\\/\\\/golfelchaparral.com\\\/sv\\\/erbjudande-golf-erbjudande-golf-marbella-mijas\\\/#breadcrumb\",\"itemListElement\":[{\"@type\":\"ListItem\",\"position\":1,\"name\":\"Portada\",\"item\":\"https:\\\/\\\/golfelchaparral.com\\\/sv\\\/\"},{\"@type\":\"ListItem\",\"position\":2,\"name\":\"Erbjudande online\"}]},{\"@type\":\"WebSite\",\"@id\":\"https:\\\/\\\/golfelchaparral.com\\\/en\\\/#website\",\"url\":\"https:\\\/\\\/golfelchaparral.com\\\/en\\\/\",\"name\":\"Chaparral Golf Club\",\"description\":\"A privileged place close to the sea and surrounded by a pine forest.\",\"potentialAction\":[{\"@type\":\"SearchAction\",\"target\":{\"@type\":\"EntryPoint\",\"urlTemplate\":\"https:\\\/\\\/golfelchaparral.com\\\/en\\\/?s={search_term_string}\"},\"query-input\":{\"@type\":\"PropertyValueSpecification\",\"valueRequired\":true,\"valueName\":\"search_term_string\"}}],\"inLanguage\":\"sv-SE\"}]}<\/script>\n<!-- \/ Yoast SEO Premium plugin. -->","yoast_head_json":{"title":"B\u00e4sta golferbjudande p\u00e5 Costa del Sol, Marbella och Mijas","description":"Chaparral Golf Club erbjuder de b\u00e4sta priserna f\u00f6r golf p\u00e5 Costa del Sol. Upplev Chaparral Golfklubb! Din b\u00e4sta golfupplevelse!","robots":{"index":"index","follow":"follow","max-snippet":"max-snippet:-1","max-image-preview":"max-image-preview:large","max-video-preview":"max-video-preview:-1"},"canonical":"https:\/\/golfelchaparral.com\/sv\/erbjudande-golf-erbjudande-golf-marbella-mijas\/","og_locale":"sv_SE","og_type":"article","og_title":"Erbjudande online","og_description":"Chaparral Golf Club erbjuder de b\u00e4sta priserna f\u00f6r golf p\u00e5 Costa del Sol. Upplev Chaparral Golfklubb! Din b\u00e4sta golfupplevelse!","og_url":"https:\/\/golfelchaparral.com\/sv\/erbjudande-golf-erbjudande-golf-marbella-mijas\/","og_site_name":"El Chaparral","article_publisher":"https:\/\/www.facebook.com\/Chaparralgolf","article_modified_time":"2026-03-02T14:57:17+00:00","og_image":[{"url":"https:\/\/golfelchaparral.com\/wp-content\/uploads\/2025\/02\/Temporada-Media-Chaparral-Golf-adaptaciones-Contenido-web-ENG.jpg","type":"","width":"","height":""}],"twitter_card":"summary_large_image","twitter_site":"@ChaparralGC","twitter_misc":{"Est. reading time":"1 minute"},"schema":{"@context":"https:\/\/schema.org","@graph":[{"@type":"WebPage","@id":"https:\/\/golfelchaparral.com\/sv\/erbjudande-golf-erbjudande-golf-marbella-mijas\/","url":"https:\/\/golfelchaparral.com\/sv\/erbjudande-golf-erbjudande-golf-marbella-mijas\/","name":"B\u00e4sta golferbjudande p\u00e5 Costa del Sol, Marbella och Mijas","isPartOf":{"@id":"https:\/\/golfelchaparral.com\/en\/#website"},"primaryImageOfPage":{"@id":"https:\/\/golfelchaparral.com\/sv\/erbjudande-golf-erbjudande-golf-marbella-mijas\/#primaryimage"},"image":{"@id":"https:\/\/golfelchaparral.com\/sv\/erbjudande-golf-erbjudande-golf-marbella-mijas\/#primaryimage"},"thumbnailUrl":"https:\/\/golfelchaparral.com\/wp-content\/uploads\/2025\/02\/Temporada-Media-Chaparral-Golf-adaptaciones-Contenido-web-ENG.jpg","datePublished":"2020-05-28T17:07:46+00:00","dateModified":"2026-03-02T14:57:17+00:00","description":"Chaparral Golf Club erbjuder de b\u00e4sta priserna f\u00f6r golf p\u00e5 Costa del Sol. Upplev Chaparral Golfklubb! Din b\u00e4sta golfupplevelse!","breadcrumb":{"@id":"https:\/\/golfelchaparral.com\/sv\/erbjudande-golf-erbjudande-golf-marbella-mijas\/#breadcrumb"},"inLanguage":"sv-SE","potentialAction":[{"@type":"ReadAction","target":["https:\/\/golfelchaparral.com\/sv\/erbjudande-golf-erbjudande-golf-marbella-mijas\/"]}]},{"@type":"ImageObject","inLanguage":"sv-SE","@id":"https:\/\/golfelchaparral.com\/sv\/erbjudande-golf-erbjudande-golf-marbella-mijas\/#primaryimage","url":"https:\/\/golfelchaparral.com\/wp-content\/uploads\/2025\/02\/Temporada-Media-Chaparral-Golf-adaptaciones-Contenido-web-ENG.jpg","contentUrl":"https:\/\/golfelchaparral.com\/wp-content\/uploads\/2025\/02\/Temporada-Media-Chaparral-Golf-adaptaciones-Contenido-web-ENG.jpg"},{"@type":"BreadcrumbList","@id":"https:\/\/golfelchaparral.com\/sv\/erbjudande-golf-erbjudande-golf-marbella-mijas\/#breadcrumb","itemListElement":[{"@type":"ListItem","position":1,"name":"Portada","item":"https:\/\/golfelchaparral.com\/sv\/"},{"@type":"ListItem","position":2,"name":"Erbjudande online"}]},{"@type":"WebSite","@id":"https:\/\/golfelchaparral.com\/en\/#website","url":"https:\/\/golfelchaparral.com\/en\/","name":"Chaparral Golf Club","description":"A privileged place close to the sea and surrounded by a pine forest.","potentialAction":[{"@type":"SearchAction","target":{"@type":"EntryPoint","urlTemplate":"https:\/\/golfelchaparral.com\/en\/?s={search_term_string}"},"query-input":{"@type":"PropertyValueSpecification","valueRequired":true,"valueName":"search_term_string"}}],"inLanguage":"sv-SE"}]}},"_links":{"self":[{"href":"https:\/\/golfelchaparral.com\/sv\/wp-json\/wp\/v2\/pages\/22558","targetHints":{"allow":["GET"]}}],"collection":[{"href":"https:\/\/golfelchaparral.com\/sv\/wp-json\/wp\/v2\/pages"}],"about":[{"href":"https:\/\/golfelchaparral.com\/sv\/wp-json\/wp\/v2\/types\/page"}],"author":[{"embeddable":true,"href":"https:\/\/golfelchaparral.com\/sv\/wp-json\/wp\/v2\/users\/3"}],"replies":[{"embeddable":true,"href":"https:\/\/golfelchaparral.com\/sv\/wp-json\/wp\/v2\/comments?post=22558"}],"version-history":[{"count":24,"href":"https:\/\/golfelchaparral.com\/sv\/wp-json\/wp\/v2\/pages\/22558\/revisions"}],"predecessor-version":[{"id":49498,"href":"https:\/\/golfelchaparral.com\/sv\/wp-json\/wp\/v2\/pages\/22558\/revisions\/49498"}],"wp:attachment":[{"href":"https:\/\/golfelchaparral.com\/sv\/wp-json\/wp\/v2\/media?parent=22558"}],"curies":[{"name":"wp","href":"https:\/\/api.w.org\/{rel}","templated":true}]}}